{"id":19537,"date":"2026-01-27T01:29:08","date_gmt":"2026-01-27T00:29:08","guid":{"rendered":"https:\/\/www.csmiguel.pt\/web\/?page_id=19537"},"modified":"2026-01-27T01:35:57","modified_gmt":"2026-01-27T00:35:57","slug":"institucional","status":"publish","type":"page","link":"https:\/\/www.csmiguel.pt\/web\/institucional\/","title":{"rendered":"Institucional"},"content":{"rendered":"[vc_row][vc_column 0=&#8221;&#8221;][vc_column_text]\n<p style=\"text-align: center\"><img decoding=\"async\" class=\"aligncenter\" src=\"https:\/\/www.csmiguel.pt\/web\/wp-content\/uploads\/2018\/05\/Logo_A_Pais_CSMiguel_small.png\" alt=\"Log\u00f3tipo Associa\u00e7\u00e3o de Pais\" width=\"260\" height=\"184\" \/><strong>\u00a0<span style=\"margin: 0px;color: #0498cc;line-height: 107%;font-family: 'Open Sans',sans-serif;font-size: 11pt\">Move-nos a defesa da estabilidade familiar e do superior interesse do aluno<\/span><\/strong><\/p>\n[\/vc_column_text][\/vc_column][\/vc_row][vc_row 0=&#8221;&#8221;][vc_column 0=&#8221;&#8221;][vc_column_text 0=&#8221;&#8221;]\n<h1 style=\"text-align: center\"><strong>Miss\u00e3o<\/strong><\/h1>\n<p>Contribuir para uma a\u00e7\u00e3o convergente entre Pais\/Encarregados de Educa\u00e7\u00e3o, Alunos e Col\u00e9gio que respeite e apoie as Fam\u00edlias no interesse pela forma\u00e7\u00e3o de qualidade do Aluno, fundamentada numa vis\u00e3o crist\u00e3 da pessoa e da sociedade.[\/vc_column_text][\/vc_column][\/vc_row][vc_row 0=&#8221;&#8221;][vc_column 0=&#8221;&#8221;][vc_column_text 0=&#8221;&#8221;]\n<h1 style=\"text-align: center\"><strong>\u00d3rg\u00e3os Sociais 2025\/2027<\/strong><\/h1>\n<p><strong>Assembleia Geral<\/strong><br \/>\nPresidente \u2013 Samuel Baptista<br \/>\nVice-Presidente \u2013 Sandra Antunes<br \/>\n1.\u00ba Secret\u00e1ria \u2013 Cristela Marto<br \/>\n2.\u00ba Secret\u00e1rio \u2013 Nelson Teixeira<\/p>\n<p><strong>Dire\u00e7\u00e3o<\/strong><br \/>\nPresidente \u2013 Gabriel Para\u00edso<br \/>\nVice-Presidente \u2013 S\u00edlvio Cruz<br \/>\n1.\u00ba Secret\u00e1ria \u2013 Sofia Silva<br \/>\n2.\u00ba Secret\u00e1ria \u2013 Ana Patr\u00edcia Silva<br \/>\nTesoureiro \u2013 Daniel Barbosa<br \/>\nSuplente \u2013 J\u00falio Pereira<\/p>\n<p><strong>Conselho Fiscal<\/strong><br \/>\nPresidente \u2013 S\u00e9rgio Lopes<br \/>\n1.\u00ba Secret\u00e1ria \u2013 M\u00f3nica Loureiro<br \/>\n2.\u00ba Secret\u00e1ria \u2013 M\u00e1rcia Gomes[\/vc_column_text][\/vc_column][\/vc_row][vc_row 0=&#8221;&#8221;][vc_column 0=&#8221;&#8221;][vc_column_text 0=&#8221;&#8221;]\n<h1 style=\"text-align: center\"><strong>Estatutos<\/strong><\/h1>\n<p>Consulte <a href=\"https:\/\/www.csmiguel.pt\/web\/wp-content\/uploads\/documentos\/2025_2026\/Estatutos_Associacao_de_Pais.pdf\" target=\"_blank\" rel=\"noopener\">aqui<\/a> os estatutos da Associa\u00e7\u00e3o de Pais.[\/vc_column_text][\/vc_column][\/vc_row][vc_row][vc_column][vc_column_text]\n<h1 style=\"text-align: center\"><strong>Contactos<\/strong><\/h1>\n<p><strong>Endere\u00e7o<\/strong><br \/>\nRua D. Jo\u00e3o Pereira Ven\u00e2ncio, N.\u00ba 1<br \/>\n2495-440 F\u00e1tima<br \/>\nTel. 249 531 128<br \/>\nFax 249 532 512<br \/>\n&nbsp;<br \/>\n<strong>Correio eletr\u00f3nico<\/strong><br \/>\nGeral: <a href=\"mailto:associacaodepais@csmiguel.pt\">associacaodepais@csmiguel.pt<\/a>[\/vc_column_text][\/vc_column][\/vc_row]\n","protected":false},"excerpt":{"rendered":"<p>[vc_row][vc_column 0=&#8221;&#8221;][vc_column_text]<br \/>\n\u00a0Move-nos a defesa da estabilidade familiar e do superior interesse do aluno<br \/>\n[\/vc_column_text][\/vc_column][\/vc_row][vc_row 0=&#8221;&#8221;][vc_column 0=&#8221;&#8221;][vc_column_text 0=&#8221;&#8221;]<br \/>\nMiss\u00e3o<br \/>\nContribuir para uma a\u00e7\u00e3o convergente entre Pais\/Encarregados de Educa\u00e7\u00e3o, Alunos e Col\u00e9gio que respeite e apoie as Fam\u00edlias no interesse pela forma\u00e7\u00e3o de qualidade do Aluno, fundamentada numa vis\u00e3o crist\u00e3 da pessoa e da sociedade.[\/vc_column_text][\/vc_column][\/vc_row][vc_row 0=&#8221;&#8221;][vc_column 0=&#8221;&#8221;][vc_column_text 0=&#8221;&#8221;]<br \/>\n\u00d3rg\u00e3os Sociais 2025\/2027<br \/>\nAssembleia Geral<br \/>\nPresidente \u2013 Samuel Baptista<br \/>\nVice-Presidente \u2013 Sandra Antunes<br \/>\n1.\u00ba Secret\u00e1ria \u2013 Cristela Marto<br \/>\n2.\u00ba Secret\u00e1rio \u2013 Nelson Teixeira<br ...\n<\/p>\n","protected":false},"author":5,"featured_media":0,"parent":0,"menu_order":0,"comment_status":"closed","ping_status":"closed","template":"","meta":{"pgc_meta":"","_monsterinsights_skip_tracking":false,"_monsterinsights_sitenote_active":false,"_monsterinsights_sitenote_note":"","_monsterinsights_sitenote_category":0,"iawp_total_views":71,"footnotes":""},"class_list":["post-19537","page","type-page","status-publish","hentry"],"pgc_meta":"","_links":{"self":[{"href":"https:\/\/www.csmiguel.pt\/web\/wp-json\/wp\/v2\/pages\/19537"}],"collection":[{"href":"https:\/\/www.csmiguel.pt\/web\/wp-json\/wp\/v2\/pages"}],"about":[{"href":"https:\/\/www.csmiguel.pt\/web\/wp-json\/wp\/v2\/types\/page"}],"author":[{"embeddable":true,"href":"https:\/\/www.csmiguel.pt\/web\/wp-json\/wp\/v2\/users\/5"}],"replies":[{"embeddable":true,"href":"https:\/\/www.csmiguel.pt\/web\/wp-json\/wp\/v2\/comments?post=19537"}],"version-history":[{"count":4,"href":"https:\/\/www.csmiguel.pt\/web\/wp-json\/wp\/v2\/pages\/19537\/revisions"}],"predecessor-version":[{"id":19546,"href":"https:\/\/www.csmiguel.pt\/web\/wp-json\/wp\/v2\/pages\/19537\/revisions\/19546"}],"wp:attachment":[{"href":"https:\/\/www.csmiguel.pt\/web\/wp-json\/wp\/v2\/media?parent=19537"}],"curies":[{"name":"wp","href":"https:\/\/api.w.org\/{rel}","templated":true}]}}