{"id":19041,"date":"2025-01-23T16:46:10","date_gmt":"2025-01-23T16:46:10","guid":{"rendered":"https:\/\/www.csmiguel.pt\/web\/?page_id=19041"},"modified":"2026-01-09T19:37:59","modified_gmt":"2026-01-09T18:37:59","slug":"faqs-2026","status":"publish","type":"page","link":"https:\/\/www.csmiguel.pt\/web\/faqs-2026\/","title":{"rendered":"CSM-FAQS"},"content":{"rendered":"[vc_row][vc_column][vc_column_text]\n<h2><\/h2>\n<h1 style=\"text-align: center; color: #009df3;\"><strong>Perguntas Mais Frequentes<\/strong><\/h1>\n[\/vc_column_text][vc_separator][\/vc_column][\/vc_row][vc_row][vc_column width=&#8221;1\/2&#8243;][vc_column_text]\n<h4><strong><img decoding=\"async\" class=\"alignleft wp-image-15840\" src=\"https:\/\/www.csmiguel.pt\/web\/wp-content\/uploads\/2021\/03\/interrog-150x150.png\" alt=\"\" width=\"59\" height=\"59\" srcset=\"https:\/\/www.csmiguel.pt\/web\/wp-content\/uploads\/2021\/03\/interrog-150x150.png 150w, https:\/\/www.csmiguel.pt\/web\/wp-content\/uploads\/2021\/03\/interrog-71x71.png 71w, https:\/\/www.csmiguel.pt\/web\/wp-content\/uploads\/2021\/03\/interrog-36x36.png 36w\" sizes=\"(max-width: 59px) 100vw, 59px\" \/><\/strong><\/h4>\n<h4><\/h4>\n<h4><strong>COMO POSSO CONHECER O COL\u00c9GIO?<\/strong><\/h4>\n<p style=\"text-align: justify;\">Numa primeira abordagem, sugerimos que navegues pelo nosso site, onde poder\u00e1s encontrar muita informa\u00e7\u00e3o sobre o Col\u00e9gio, desde as instala\u00e7\u00f5es e espa\u00e7os exteriores, passando pelas v\u00e1rias not\u00edcias de atividades realizadas, at\u00e9 ao Projeto Educativo, com o essencial da proposta pedag\u00f3gica e de forma\u00e7\u00e3o integral dos alunos. Posteriormente, sugerimos que fa\u00e7as uma visita ao Col\u00e9gio onde poder\u00e1s conhecer os espa\u00e7os, as salas de aula e as pessoas que c\u00e1 trabalham. Telefona-nos para agendar. Vais adorar!<\/p>\n<h4><strong><img decoding=\"async\" class=\"alignleft wp-image-15840\" src=\"https:\/\/www.csmiguel.pt\/web\/wp-content\/uploads\/2021\/03\/interrog-150x150.png\" alt=\"\" width=\"59\" height=\"59\" srcset=\"https:\/\/www.csmiguel.pt\/web\/wp-content\/uploads\/2021\/03\/interrog-150x150.png 150w, https:\/\/www.csmiguel.pt\/web\/wp-content\/uploads\/2021\/03\/interrog-71x71.png 71w, https:\/\/www.csmiguel.pt\/web\/wp-content\/uploads\/2021\/03\/interrog-36x36.png 36w\" sizes=\"(max-width: 59px) 100vw, 59px\" \/><\/strong><\/h4>\n<h4><\/h4>\n<h4><strong>O COL\u00c9GIO RECEBE CRIAN\u00c7AS A PARTIR DE QUE IDADE?<\/strong><\/h4>\n<p style=\"text-align: justify;\">O Col\u00e9gio recebe alunos que entrem para qualquer ano de escolaridade entre o 5.\u00ba e o 12.\u00ba ano.<\/p>\n<h4><strong><img decoding=\"async\" class=\"alignleft wp-image-15840\" src=\"https:\/\/www.csmiguel.pt\/web\/wp-content\/uploads\/2021\/03\/interrog-150x150.png\" alt=\"\" width=\"59\" height=\"59\" srcset=\"https:\/\/www.csmiguel.pt\/web\/wp-content\/uploads\/2021\/03\/interrog-150x150.png 150w, https:\/\/www.csmiguel.pt\/web\/wp-content\/uploads\/2021\/03\/interrog-71x71.png 71w, https:\/\/www.csmiguel.pt\/web\/wp-content\/uploads\/2021\/03\/interrog-36x36.png 36w\" sizes=\"(max-width: 59px) 100vw, 59px\" \/><\/strong><\/h4>\n<h4><\/h4>\n<h4><strong>QUAIS S\u00c3O OS HOR\u00c1RIOS LETIVOS DE CADA CICLO?<\/strong><\/h4>\n<p style=\"text-align: justify;\">Todos os alunos do ensino b\u00e1sico iniciam as atividades letivas \u00e0s 9h00 e terminam \u00e0s 16h30. No entanto, poder\u00e1 haver apoios ou estudo de perman\u00eancia entre as 16h30 e as 17h30.<br \/>\nNo ensino secund\u00e1rio, as atividades letivas iniciam-se \u00e0s 9h00 e terminam de acordo com hor\u00e1rio espec\u00edfico de cada turma. Poder\u00e3o existir tardes livres.<br \/>\nSe as aulas terminarem antes das 17h30, poder\u00e1s permanecer em estudo.<\/p>\n<h4><strong><img decoding=\"async\" class=\"alignleft wp-image-15840\" src=\"https:\/\/www.csmiguel.pt\/web\/wp-content\/uploads\/2021\/03\/interrog-150x150.png\" alt=\"\" width=\"59\" height=\"59\" srcset=\"https:\/\/www.csmiguel.pt\/web\/wp-content\/uploads\/2021\/03\/interrog-150x150.png 150w, https:\/\/www.csmiguel.pt\/web\/wp-content\/uploads\/2021\/03\/interrog-71x71.png 71w, https:\/\/www.csmiguel.pt\/web\/wp-content\/uploads\/2021\/03\/interrog-36x36.png 36w\" sizes=\"(max-width: 59px) 100vw, 59px\" \/><\/strong><\/h4>\n<h4><\/h4>\n<h4><strong>O COL\u00c9GIO TEM SERVI\u00c7O DE TRANSPORTE?<\/strong><\/h4>\n<p style=\"text-align: justify;\">O Col\u00e9gio assegura o servi\u00e7o de transporte mediante o pedido dos Encarregados de Educa\u00e7\u00e3o. Procura na Secretaria as condi\u00e7\u00f5es para usufru\u00edres deste servi\u00e7o.<\/p>\n<h4><strong><img decoding=\"async\" class=\"alignleft wp-image-15840\" src=\"https:\/\/www.csmiguel.pt\/web\/wp-content\/uploads\/2021\/03\/interrog-150x150.png\" alt=\"\" width=\"59\" height=\"59\" srcset=\"https:\/\/www.csmiguel.pt\/web\/wp-content\/uploads\/2021\/03\/interrog-150x150.png 150w, https:\/\/www.csmiguel.pt\/web\/wp-content\/uploads\/2021\/03\/interrog-71x71.png 71w, https:\/\/www.csmiguel.pt\/web\/wp-content\/uploads\/2021\/03\/interrog-36x36.png 36w\" sizes=\"(max-width: 59px) 100vw, 59px\" \/><\/strong><\/h4>\n<h4><\/h4>\n<h4><strong>COMO SE PROCESSA O SERVI\u00c7O DE REFEI\u00c7\u00d5ES?<\/strong><\/h4>\n<p style=\"text-align: justify;\">No Col\u00e9gio a alimenta\u00e7\u00e3o \u00e9 de reconhecida qualidade!<br \/>\nTemos um refeit\u00f3rio e uma cozinha onde s\u00e3o, diariamente, confecionadas todas as refei\u00e7\u00f5es servidas aos nossos alunos, educadores e professores. Temos a op\u00e7\u00e3o de dieta, vegetariano ou outra alimenta\u00e7\u00e3o adaptada a qualquer condi\u00e7\u00e3o de sa\u00fade.<\/p>\n<h4><strong><img decoding=\"async\" class=\"alignleft wp-image-15840\" src=\"https:\/\/www.csmiguel.pt\/web\/wp-content\/uploads\/2021\/03\/interrog-150x150.png\" alt=\"\" width=\"59\" height=\"59\" srcset=\"https:\/\/www.csmiguel.pt\/web\/wp-content\/uploads\/2021\/03\/interrog-150x150.png 150w, https:\/\/www.csmiguel.pt\/web\/wp-content\/uploads\/2021\/03\/interrog-71x71.png 71w, https:\/\/www.csmiguel.pt\/web\/wp-content\/uploads\/2021\/03\/interrog-36x36.png 36w\" sizes=\"(max-width: 59px) 100vw, 59px\" \/><\/strong><\/h4>\n<h4><\/h4>\n<h4><strong>QUAL \u00c9 A OFERTA FORMATIVA DO COL\u00c9GIO?<\/strong><\/h4>\n<p style=\"text-align: justify;\">O Col\u00e9gio disponibiliza os seguintes n\u00edveis de forma\u00e7\u00e3o e cursos:<\/p>\n<p><strong>2.\u00ba ciclo<\/strong> (5.\u00ba e 6.\u00ba ano)<\/p>\n<p><strong>3.\u00ba ciclo<\/strong> (7.\u00ba, 8.\u00ba e 9.\u00ba ano)<\/p>\n<p><strong>Secund\u00e1rio \u2013 Cursos Cient\u00edfico-Human\u00edsticos (10.\u00ba, 11.\u00ba e 12.\u00ba ano)<\/strong><br \/>\n\u2022 Ci\u00eancias e Tecnologias<br \/>\n\u2022 L\u00ednguas e Humanidades<\/p>\n<p><strong>Secund\u00e1rio \u2013 Cursos com Planos Pr\u00f3prios (10.\u00ba, 11.\u00ba e 12.\u00ba ano)<\/strong><br \/>\n\u2022 <a href=\"https:\/\/www.youtube.com\/watch?v=QBIzUIXDL1U\">A\u00e7\u00e3o Social<\/a><br \/>\n\u2022 <a href=\"https:\/\/www.youtube.com\/watch?v=7bUzd9dZvCE\">Contabilidade e Gest\u00e3o<\/a><br \/>\n\u2022 <a href=\"https:\/\/www.youtube.com\/watch?v=FBqD7Vskwlg\">Atividade F\u00edsica e Desporto Adaptados<\/a><br \/>\n\u2022 <a href=\"https:\/\/www.youtube.com\/watch?v=Giiu2kMSMMU\">Inform\u00e1tica<\/a><br \/>\n\u2022 <a href=\"https:\/\/www.youtube.com\/watch?v=jELmFkFieaE\">Design, Cer\u00e2mica e Escultura<\/a><\/p>\n<h4><strong><img decoding=\"async\" class=\"alignleft wp-image-15840\" src=\"https:\/\/www.csmiguel.pt\/web\/wp-content\/uploads\/2021\/03\/interrog-150x150.png\" alt=\"\" width=\"59\" height=\"59\" srcset=\"https:\/\/www.csmiguel.pt\/web\/wp-content\/uploads\/2021\/03\/interrog-150x150.png 150w, https:\/\/www.csmiguel.pt\/web\/wp-content\/uploads\/2021\/03\/interrog-71x71.png 71w, https:\/\/www.csmiguel.pt\/web\/wp-content\/uploads\/2021\/03\/interrog-36x36.png 36w\" sizes=\"(max-width: 59px) 100vw, 59px\" \/><\/strong><\/h4>\n<h4><\/h4>\n<h4><strong>N\u00c3O SOU DA FREGUESIA DE F\u00c1TIMA. POSSO, MESMO ASSIM, FREQUENTAR O COL\u00c9GIO?<\/strong><\/h4>\n<p style=\"text-align: justify;\">Sim, podes. Todos os alunos, independentemente do local de resid\u00eancia, podem frequentar o Col\u00e9gio de S\u00e3o Miguel de forma gratuita, estando a matr\u00edcula condicionada \u00e0 exist\u00eancia de vaga ap\u00f3s a aplica\u00e7\u00e3o dos crit\u00e9rios de prioridade legais.<\/p>\n<h4><strong><img decoding=\"async\" class=\"alignleft wp-image-15840\" src=\"https:\/\/www.csmiguel.pt\/web\/wp-content\/uploads\/2021\/03\/interrog-150x150.png\" alt=\"\" width=\"59\" height=\"59\" srcset=\"https:\/\/www.csmiguel.pt\/web\/wp-content\/uploads\/2021\/03\/interrog-150x150.png 150w, https:\/\/www.csmiguel.pt\/web\/wp-content\/uploads\/2021\/03\/interrog-71x71.png 71w, https:\/\/www.csmiguel.pt\/web\/wp-content\/uploads\/2021\/03\/interrog-36x36.png 36w\" sizes=\"(max-width: 59px) 100vw, 59px\" \/><\/strong><\/h4>\n<h4><\/h4>\n<h4><strong>POSSO FREQUENTAR UMA DAS TURMAS FINANCIADAS DO COL\u00c9GIO?<\/strong><\/h4>\n<p style=\"text-align: justify;\">a) Sim, podes frequentar de forma gratuita as turmas dos Cursos com Planos Pr\u00f3prios, no Ensino Secund\u00e1rio, financiadas pelo Pessoas 2030;<br \/>\nb) Sim, podes frequentar as turmas do ensino b\u00e1sico e dos Cursos Cient\u00edfico-Human\u00edsticos do Ensino Secund\u00e1rio financiadas pelo Minist\u00e9rio da Educa\u00e7\u00e3o.<\/p>\n[\/vc_column_text][\/vc_column][vc_column width=&#8221;1\/2&#8243;][vc_column_text]\n<h4><strong><img decoding=\"async\" class=\"alignleft wp-image-15840\" src=\"https:\/\/www.csmiguel.pt\/web\/wp-content\/uploads\/2021\/03\/interrog-150x150.png\" alt=\"\" width=\"59\" height=\"59\" srcset=\"https:\/\/www.csmiguel.pt\/web\/wp-content\/uploads\/2021\/03\/interrog-150x150.png 150w, https:\/\/www.csmiguel.pt\/web\/wp-content\/uploads\/2021\/03\/interrog-71x71.png 71w, https:\/\/www.csmiguel.pt\/web\/wp-content\/uploads\/2021\/03\/interrog-36x36.png 36w\" sizes=\"(max-width: 59px) 100vw, 59px\" \/><\/strong><\/h4>\n<h4><\/h4>\n<h4><strong>O QUE \u00c9 PRECISO ENTREGAR PARA FAZER UMA CANDIDATURA? QUAIS OS PROCEDIMENTOS?<\/strong><\/h4>\n<p style=\"text-align: justify;\">Dever\u00e1s realizar uma pr\u00e9-inscri\u00e7\u00e3o que poder\u00e1 ser efetuada digitalmente, atrav\u00e9s do preenchimento do formul\u00e1rio disponibilizado no site do Col\u00e9gio.<br \/>\nAcede diretamente atrav\u00e9s do link.<br \/>\n<a href=\"https:\/\/www.csmiguel.pt\/web\/pre-inscricao-2026\/\">https:\/\/www.csmiguel.pt\/web\/pre-inscricao-2026\/<\/a><br \/>\nPosteriormente ser\u00e1s contactado e ficar\u00e1s a conhecer todos os passos necess\u00e1rios para efetuares a matr\u00edcula.<\/p>\n<h4><strong><img decoding=\"async\" class=\"alignleft wp-image-15840\" src=\"https:\/\/www.csmiguel.pt\/web\/wp-content\/uploads\/2021\/03\/interrog-150x150.png\" alt=\"\" width=\"59\" height=\"59\" srcset=\"https:\/\/www.csmiguel.pt\/web\/wp-content\/uploads\/2021\/03\/interrog-150x150.png 150w, https:\/\/www.csmiguel.pt\/web\/wp-content\/uploads\/2021\/03\/interrog-71x71.png 71w, https:\/\/www.csmiguel.pt\/web\/wp-content\/uploads\/2021\/03\/interrog-36x36.png 36w\" sizes=\"(max-width: 59px) 100vw, 59px\" \/><\/strong><\/h4>\n<h4><\/h4>\n<h4><strong>QUAL A MELHOR ALTURA PARA FAZER A CANDIDATURA AO COL\u00c9GIO?<\/strong><\/h4>\n<p style=\"text-align: justify;\">Nas turmas autofinanciadas (B\u00e1sico e Secund\u00e1rio) e nas turmas dos Cursos com Planos Pr\u00f3prios (Secund\u00e1rio) as matr\u00edculas s\u00e3o efetuadas pela ordem de chegada das candidaturas que podem acontecer a partir da sua divulga\u00e7\u00e3o no site oficial do Col\u00e9gio, em janeiro. Recomendamos que fa\u00e7as a pr\u00e9-inscri\u00e7\u00e3o o mais cedo poss\u00edvel.<\/p>\n<h4><strong><img decoding=\"async\" class=\"alignleft wp-image-15840\" src=\"https:\/\/www.csmiguel.pt\/web\/wp-content\/uploads\/2021\/03\/interrog-150x150.png\" alt=\"\" width=\"59\" height=\"59\" srcset=\"https:\/\/www.csmiguel.pt\/web\/wp-content\/uploads\/2021\/03\/interrog-150x150.png 150w, https:\/\/www.csmiguel.pt\/web\/wp-content\/uploads\/2021\/03\/interrog-71x71.png 71w, https:\/\/www.csmiguel.pt\/web\/wp-content\/uploads\/2021\/03\/interrog-36x36.png 36w\" sizes=\"(max-width: 59px) 100vw, 59px\" \/><\/strong><\/h4>\n<h4><\/h4>\n<h4><strong>O COL\u00c9GIO DE S\u00c3O MIGUEL DISPONIBILIZA SERVI\u00c7OS DE APOIO\/ATIVIDADES\/SERVI\u00c7OS DE ENRIQUECIMENTO EXTRACURRICULAR?<\/strong><\/h4>\n<p style=\"text-align: justify;\">Sim, damos a possibilidade aos nossos alunos de, ao longo do tempo que permanecem no Col\u00e9gio, frequentarem atividades de caracter l\u00fadico, desportivo, art\u00edstico, entre outras, que possam contribuir para o bom desempenho acad\u00e9mico e a autoestima dos alunos. Estabelecemos parcerias com institui\u00e7\u00f5es de prest\u00edgio para nos ajudar nesta din\u00e2mica de enriquecimento curricular.<br \/>\nIdentificamos os servi\u00e7os de apoio\/clubes pedag\u00f3gicos\/servi\u00e7os de enriquecimento extracurricular, cuja frequ\u00eancia n\u00e3o tem qualquer custo para o aluno:<br \/>\n&#8211; Servi\u00e7o de Psicologia e Orienta\u00e7\u00e3o (Psic\u00f3loga permanente);<br \/>\n&#8211; Equipa Multidisciplinar de Apoio \u00e0 Educa\u00e7\u00e3o Inclusiva;<br \/>\n&#8211; Gabinete de Apoio ao Aluno (GIAA);<br \/>\n&#8211; Biblioteca;<br \/>\n&#8211; Grupo da Amnistia Internacional;<br \/>\n&#8211; Jornal Escolar;<br \/>\n&#8211; Feira do Livro anual;<br \/>\n&#8211; Clube Europeu;<br \/>\n&#8211; Eco-Escolas;<br \/>\n&#8211; <i>\u201cI am a Volunteer\u201d<\/i><br \/>\n&#8211; Competi\u00e7\u00f5es nacionais de Ci\u00eancia;<br \/>\n&#8211; Competi\u00e7\u00f5es regionais e nacionais de Portugu\u00eas;<br \/>\n&#8211; Erasmus +;<br \/>\n&#8211; Parlamento dos Jovens;<br \/>\n&#8211; Participa\u00e7\u00e3o em Concursos e Projetos Municipais (AJO, Integra-te);<br \/>\n&#8211; Laborat\u00f3rios de aprendizagem de Portugu\u00eas, Matem\u00e1tica e Ingl\u00eas para o 2. Ciclo;<br \/>\n&#8211; Oficinas de F\u00edsico-Qu\u00edmica, Portugu\u00eas, Geometria Descritiva, Biologia e Geologia e Matem\u00e1tica;<br \/>\n&#8211; Apoio tutorial;<br \/>\n&#8211; Apoio com foco acad\u00e9mico extra-aula;<br \/>\n&#8211; Apoio individualizado ou em pequenos grupos.<\/p>\n<p>Identificamos tamb\u00e9m atividades extracurriculares cujas condi\u00e7\u00f5es de participa\u00e7\u00e3o poder\u00e1s consultar pelos canais oficiais do Col\u00e9gio:<br \/>\n&#8211; Nata\u00e7\u00e3o;<br \/>\n&#8211; Grupo Coral;<br \/>\n&#8211; Guitarra;<br \/>\n&#8211; Artes de Palco;<br \/>\n&#8211; Cheffs do Futuro;<br \/>\n&#8211; Primeiros Socorros;<br \/>\n&#8211; T\u00e9nis de mesa;<br \/>\n&#8211; Xadrez;<br \/>\n&#8211; Voleibol;<br \/>\n&#8211; <i>Happy Code<\/i> (Inform\u00e1tica);<br \/>\n&#8211; <i>The Inventors<\/i>;<br \/>\n&#8211; <i>Lancaster College<\/i>.<\/p>\n<h4><strong><img decoding=\"async\" class=\"alignleft wp-image-15840\" src=\"https:\/\/www.csmiguel.pt\/web\/wp-content\/uploads\/2021\/03\/interrog-150x150.png\" alt=\"\" width=\"59\" height=\"59\" srcset=\"https:\/\/www.csmiguel.pt\/web\/wp-content\/uploads\/2021\/03\/interrog-150x150.png 150w, https:\/\/www.csmiguel.pt\/web\/wp-content\/uploads\/2021\/03\/interrog-71x71.png 71w, https:\/\/www.csmiguel.pt\/web\/wp-content\/uploads\/2021\/03\/interrog-36x36.png 36w\" sizes=\"(max-width: 59px) 100vw, 59px\" \/><\/strong><\/h4>\n<h4><\/h4>\n<h4><strong>AINDA FIQUEI COM ALGUMAS D\u00daVIDAS POR ESCLARECER&#8230;<\/strong><\/h4>\n<p style=\"text-align: justify;\">Temos todo o gosto em poder esclarec\u00ea-las. Exp\u00f5e-nas:<br \/>\n\u2022 por email, atrav\u00e9s de <a href=\"mailto: secretaria@csmiguel.pt\">secretaria@csmiguel.pt<\/a>;<br \/>\n\u2022 por telefone: 249 531 128;<br \/>\n\u2022 presencialmente, na secretaria ou em reuni\u00e3o com a dire\u00e7\u00e3o pedag\u00f3gica. Solicita agendamento.<br \/>\n\u2022 podes ainda (re)ver as lives da #CSMLivesWeek 2020 onde s\u00e3o apresentados, em detalhe, cada curso com Planos Pr\u00f3prios. Est\u00e3o no nosso canal de YouTube em:<br \/>\n<a href=\"https:\/\/www.youtube.com\/channel\/UC4ai3137LP46J4pQTQk2wVw\/videos\">https:\/\/www.youtube.com\/channel\/UC4ai3137LP46J4pQTQk2wVw\/videos<\/a><\/p>\n[\/vc_column_text][\/vc_column][\/vc_row]\n","protected":false},"excerpt":{"rendered":"<p>[vc_row][vc_column][vc_column_text]<\/p>\n<p>Perguntas Mais Frequentes<br \/>\n[\/vc_column_text][vc_separator][\/vc_column][\/vc_row][vc_row][vc_column width=&#8221;1\/2&#8243;][vc_column_text]<\/p>\n<p>\nCOMO POSSO CONHECER O COL\u00c9GIO?<br \/>\nNuma primeira abordagem, sugerimos que navegues pelo nosso site, onde poder\u00e1s encontrar muita informa\u00e7\u00e3o sobre o Col\u00e9gio, desde as instala\u00e7\u00f5es e espa\u00e7os exteriores, passando pelas v\u00e1rias not\u00edcias de atividades realizadas, at\u00e9 ao Projeto Educativo, com o essencial da proposta pedag\u00f3gica e de forma\u00e7\u00e3o integral dos alunos. Posteriormente, sugerimos que fa\u00e7as uma visita ao Col\u00e9gio onde poder\u00e1s conhecer os espa\u00e7os, as salas de aula e as pessoas &#8230;<\/p>\n","protected":false},"author":5,"featured_media":0,"parent":0,"menu_order":0,"comment_status":"closed","ping_status":"closed","template":"","meta":{"pgc_meta":"","_monsterinsights_skip_tracking":false,"_monsterinsights_sitenote_active":false,"_monsterinsights_sitenote_note":"","_monsterinsights_sitenote_category":0,"iawp_total_views":637,"footnotes":""},"class_list":["post-19041","page","type-page","status-publish","hentry"],"pgc_meta":"","_links":{"self":[{"href":"https:\/\/www.csmiguel.pt\/web\/wp-json\/wp\/v2\/pages\/19041"}],"collection":[{"href":"https:\/\/www.csmiguel.pt\/web\/wp-json\/wp\/v2\/pages"}],"about":[{"href":"https:\/\/www.csmiguel.pt\/web\/wp-json\/wp\/v2\/types\/page"}],"author":[{"embeddable":true,"href":"https:\/\/www.csmiguel.pt\/web\/wp-json\/wp\/v2\/users\/5"}],"replies":[{"embeddable":true,"href":"https:\/\/www.csmiguel.pt\/web\/wp-json\/wp\/v2\/comments?post=19041"}],"version-history":[{"count":14,"href":"https:\/\/www.csmiguel.pt\/web\/wp-json\/wp\/v2\/pages\/19041\/revisions"}],"predecessor-version":[{"id":19475,"href":"https:\/\/www.csmiguel.pt\/web\/wp-json\/wp\/v2\/pages\/19041\/revisions\/19475"}],"wp:attachment":[{"href":"https:\/\/www.csmiguel.pt\/web\/wp-json\/wp\/v2\/media?parent=19041"}],"curies":[{"name":"wp","href":"https:\/\/api.w.org\/{rel}","templated":true}]}}