{"id":18507,"date":"2024-01-08T12:26:19","date_gmt":"2024-01-08T12:26:19","guid":{"rendered":"https:\/\/www.csmiguel.pt\/web\/?page_id=18507"},"modified":"2026-01-09T19:42:33","modified_gmt":"2026-01-09T18:42:33","slug":"pre-inscricao-2026","status":"publish","type":"page","link":"https:\/\/www.csmiguel.pt\/web\/pre-inscricao-2026\/","title":{"rendered":"Inscri\u00e7\u00f5es"},"content":{"rendered":"[vc_row][vc_column][vc_column_text]\n<h2><\/h2>\n<h2 style=\"text-align: center; color: #009df3;\"><strong>Inscri\u00e7\u00f5es (2026\/2027)<\/strong><\/h2>\n[\/vc_column_text][\/vc_column][\/vc_row][vc_row][vc_column][vc_empty_space height=&#8221;50px&#8221;][vc_column_text]\n<h4><strong>Bem-vindo ao Col\u00e9gio de S\u00e3o Miguel.<\/strong><\/h4>\n<p style=\"text-align: justify;\">Se pretende matricular o seu educando no Col\u00e9gio de S\u00e3o Miguel pela primeira vez no ano letivo 2026\/2027 poder\u00e1 realizar aqui a sua pr\u00e9-inscri\u00e7\u00e3o. O formul\u00e1rio \u00e9 extenso, mas assegura toda a informa\u00e7\u00e3o necess\u00e1ria para a efetiva\u00e7\u00e3o posterior da matr\u00edcula. A aplica\u00e7\u00e3o est\u00e1 otimizada para telem\u00f3vel atrav\u00e9s do qual se poder\u00e1 tamb\u00e9m facilmente concluir o processo.<\/p>\n<p style=\"text-align: justify;\">Pedimos que tenha preparada a seguinte documenta\u00e7\u00e3o que ser\u00e1 necess\u00e1ria ao longo do preenchimento do formul\u00e1rio.<\/p>\n<hr \/>\n[\/vc_column_text][\/vc_column][\/vc_row][vc_row][vc_column width=&#8221;1\/2&#8243;][vc_column_text]\n<h4><strong><img decoding=\"async\" class=\"wp-image-15840 alignright\" src=\"https:\/\/www.csmiguel.pt\/web\/wp-content\/uploads\/icons\/docs.png\" alt=\"\" width=\"59\" height=\"59\" \/><\/strong><\/h4>\n<h4><strong>DOCUMENTA\u00c7\u00c3O:<\/strong><\/h4>\n<ul>\n<li>Cart\u00e3o do Cidad\u00e3o do aluno;<\/li>\n<li>Cart\u00e3o do Cidad\u00e3o da m\u00e3e;<\/li>\n<li>Cart\u00e3o do Cidad\u00e3o do pai;<\/li>\n<\/ul>\n<p><u>S\u00f3 para alunos do 5.\u00ba ano, 7.\u00ba ano, e 10.\u00ba ano (cient\u00edfico-human\u00edsticos):<\/u><\/p>\n<ul>\n<li>Comprovativo de morada;<br \/>\nou<\/li>\n<li>Declara\u00e7\u00e3o da entidade empregadora em como o Encarregado de Educa\u00e7\u00e3o trabalha na freguesia de F\u00e1tima;<\/li>\n<\/ul>\n<p><u>S\u00f3 para alunos que beneficiam de A\u00e7\u00e3o Social Escolar:<\/u><\/p>\n<ul>\n<li>Declara\u00e7\u00e3o da seguran\u00e7a social comprovativa de escal\u00e3o 1, 2 ou 3;<\/li>\n<li>Comprovativo de NIB aluno ou Encarregado de Educa\u00e7\u00e3o (caso seja benefici\u00e1rio de escal\u00e3o 1, 2 ou 3). No caso dos cursos com Planos Pr\u00f3prios, o aluno dever\u00e1 ser titular da conta.<\/li>\n<\/ul>\n[\/vc_column_text][\/vc_column][vc_column width=&#8221;1\/2&#8243;][vc_column_text]\n<h4><strong><img decoding=\"async\" class=\"wp-image-15840 alignright\" src=\"https:\/\/www.csmiguel.pt\/web\/wp-content\/uploads\/icons\/formularios.png\" alt=\"\" width=\"59\" height=\"59\" \/><\/strong><\/h4>\n<h4><strong>FORMUL\u00c1RIOS:<\/strong><\/h4>\n<p><a href=\"https:\/\/form.jotform.com\/questionarios\/prematricula-5ano26-27\" target=\"_blank\" rel=\"noopener\"><img decoding=\"async\" class=\"wp-image-15840\" src=\"https:\/\/www.csmiguel.pt\/web\/wp-content\/uploads\/icons\/download.png\" alt=\"\" width=\"20\" height=\"20\" \/>Pr\u00e9-Matricula 5.\u00ba Ano<\/a><br \/>\n<a href=\"https:\/\/form.jotform.com\/questionarios\/pre-matricula-7ano26-27\" target=\"_blank\" rel=\"noopener\"><img decoding=\"async\" class=\"wp-image-15840\" src=\"https:\/\/www.csmiguel.pt\/web\/wp-content\/uploads\/icons\/download.png\" alt=\"\" width=\"20\" height=\"20\" \/>Pr\u00e9-Matricula 7.\u00ba Ano<\/a><br \/>\n<a href=\"https:\/\/form.jotform.com\/questionarios\/pre-matricula-10ano26-27\" target=\"_blank\" rel=\"noopener\"><img decoding=\"async\" class=\"wp-image-15840\" src=\"https:\/\/www.csmiguel.pt\/web\/wp-content\/uploads\/icons\/download.png\" alt=\"\" width=\"20\" height=\"20\" \/>Pr\u00e9-Matr\u00edcula 10.\u00ba Ano<\/a><br \/>\n<a href=\"https:\/\/form.jotform.com\/questionarios\/pre-inscricao26-27\" target=\"_blank\" rel=\"noopener\"><img decoding=\"async\" class=\"wp-image-15840\" src=\"https:\/\/www.csmiguel.pt\/web\/wp-content\/uploads\/icons\/download.png\" alt=\"\" width=\"20\" height=\"20\" \/>Pr\u00e9 Inscri\u00e7\u00e3o (para anos interm\u00e9dios e apenas para novos alunos)<\/a><\/p>\n<hr \/>\n<p>&nbsp;<\/p>\n<h4><strong><img loading=\"lazy\" decoding=\"async\" class=\"wp-image-15840 alignright\" src=\"https:\/\/www.csmiguel.pt\/web\/wp-content\/uploads\/icons\/importantes.png\" alt=\"\" width=\"59\" height=\"59\" \/><\/strong><\/h4>\n<h4><\/h4>\n<h4><\/h4>\n<h4><\/h4>\n<h4><strong>NOTAS IMPORTANTES<\/strong><\/h4>\n<p style=\"text-align: justify;\">No 5.\u00ba, 7.\u00ba e 10.\u00ba anos as matr\u00edculas ser\u00e3o realizadas de acordo com as prioridades definidas no Despacho Normativo n.\u00ba 10B\/2021, ou outra legisla\u00e7\u00e3o que, entretanto, venha a ser publicada.<\/p>\n<p style=\"text-align: justify;\">No 10.\u00ba ano dos cursos com Planos Pr\u00f3prios ser\u00e1, tamb\u00e9m, considerada a ordem de chegada das candidaturas.<\/p>\n[\/vc_column_text][\/vc_column][\/vc_row][vc_row][vc_column][vc_column_text]\n<hr \/>\n[\/vc_column_text][vc_column_text]\n<h4><strong><img loading=\"lazy\" decoding=\"async\" class=\"wp-image-15840 alignright\" src=\"https:\/\/www.csmiguel.pt\/web\/wp-content\/uploads\/icons\/contactos.png\" alt=\"\" width=\"59\" height=\"59\" \/><\/strong><\/h4>\n<h4><strong>CONTACTOS<\/strong><\/h4>\n<p style=\"text-align: justify;\">Ficou com alguma d\u00favida? Contacte-nos ou agende uma reuni\u00e3o com o diretor pedag\u00f3gico.<\/p>\n<p style=\"text-align: justify;\">Telefone: 249 531 128<br \/>\nSecretaria: <a href=\"mailto:secretaria@csmiguel.pt\">secretaria@csmiguel.pt<\/a><br \/>\nDiretor Pedag\u00f3gico: <a href=\"mailto:dp@csmiguel.pt\">dp@csmiguel.pt<\/a><\/p>\n[\/vc_column_text][\/vc_column][\/vc_row]\n","protected":false},"excerpt":{"rendered":"<p>[vc_row][vc_column][vc_column_text]<\/p>\n<p>Inscri\u00e7\u00f5es (2026\/2027)<br \/>\n[\/vc_column_text][\/vc_column][\/vc_row][vc_row][vc_column][vc_empty_space height=&#8221;50px&#8221;][vc_column_text]<br \/>\nBem-vindo ao Col\u00e9gio de S\u00e3o Miguel.<br \/>\nSe pretende matricular o seu educando no Col\u00e9gio de S\u00e3o Miguel pela primeira vez no ano letivo 2026\/2027 poder\u00e1 realizar aqui a sua pr\u00e9-inscri\u00e7\u00e3o. O formul\u00e1rio \u00e9 extenso, mas assegura toda a informa\u00e7\u00e3o necess\u00e1ria para a efetiva\u00e7\u00e3o posterior da matr\u00edcula. A aplica\u00e7\u00e3o est\u00e1 otimizada para telem\u00f3vel atrav\u00e9s do qual se poder\u00e1 tamb\u00e9m facilmente concluir o processo.<br \/>\nPedimos que tenha preparada a seguinte documenta\u00e7\u00e3o que ser\u00e1 necess\u00e1ria ao longo &#8230;<\/p>\n","protected":false},"author":5,"featured_media":0,"parent":0,"menu_order":0,"comment_status":"closed","ping_status":"closed","template":"","meta":{"pgc_meta":"","_monsterinsights_skip_tracking":false,"_monsterinsights_sitenote_active":false,"_monsterinsights_sitenote_note":"","_monsterinsights_sitenote_category":0,"iawp_total_views":9603,"footnotes":""},"class_list":["post-18507","page","type-page","status-publish","hentry"],"pgc_meta":"","_links":{"self":[{"href":"https:\/\/www.csmiguel.pt\/web\/wp-json\/wp\/v2\/pages\/18507"}],"collection":[{"href":"https:\/\/www.csmiguel.pt\/web\/wp-json\/wp\/v2\/pages"}],"about":[{"href":"https:\/\/www.csmiguel.pt\/web\/wp-json\/wp\/v2\/types\/page"}],"author":[{"embeddable":true,"href":"https:\/\/www.csmiguel.pt\/web\/wp-json\/wp\/v2\/users\/5"}],"replies":[{"embeddable":true,"href":"https:\/\/www.csmiguel.pt\/web\/wp-json\/wp\/v2\/comments?post=18507"}],"version-history":[{"count":17,"href":"https:\/\/www.csmiguel.pt\/web\/wp-json\/wp\/v2\/pages\/18507\/revisions"}],"predecessor-version":[{"id":19478,"href":"https:\/\/www.csmiguel.pt\/web\/wp-json\/wp\/v2\/pages\/18507\/revisions\/19478"}],"wp:attachment":[{"href":"https:\/\/www.csmiguel.pt\/web\/wp-json\/wp\/v2\/media?parent=18507"}],"curies":[{"name":"wp","href":"https:\/\/api.w.org\/{rel}","templated":true}]}}