{"id":18050,"date":"2023-05-10T09:52:24","date_gmt":"2023-05-10T09:52:24","guid":{"rendered":"https:\/\/www.csmiguel.pt\/web\/?page_id=18050"},"modified":"2023-05-10T14:02:57","modified_gmt":"2023-05-10T14:02:57","slug":"diploma-dual","status":"publish","type":"page","link":"https:\/\/www.csmiguel.pt\/web\/diploma-dual\/","title":{"rendered":"Diploma Dual"},"content":{"rendered":"[vc_row][vc_column width=&#8221;1\/3&#8243;][vc_single_image image=&#8221;18054&#8243; img_size=&#8221;medium&#8221; alignment=&#8221;center&#8221;][\/vc_column][vc_column width=&#8221;2\/3&#8243;]<p class=\"callout2 \"><span>\n<h1 style=\"text-align: center;\">Diploma Dual<\/h1>\n<\/span><\/p><br class=\"clear\" \/>[\/vc_column][\/vc_row][vc_row][vc_column][vc_separator border_width=&#8221;2&#8243; el_width=&#8221;90&#8243;][\/vc_column][\/vc_row][vc_row][vc_column][vc_column_text]\n<p style=\"text-align: justify;\"><span style=\"color: #000000;\">O Col\u00e9gio de S\u00e3o Miguel estabeleceu no ano letivo 2021\/2022 uma parceria com a\u00a0<em>Academica International Studies<\/em>\u00a0que permite aos nossos alunos obterem o American High School no col\u00e9gio, que corresponde ao Ensino Secund\u00e1rio Americano.<\/span><\/p>\n<p style=\"text-align: justify;\"><span style=\"color: #000000;\">A <em>Academica <\/em>\u00e9 uma das poucas institui\u00e7\u00f5es norte-americanas a ser reconhecida, como <em>Fornecedor de Servi\u00e7os de Ensino P\u00fablico Online.<\/em> Em 2001, iniciou em v\u00e1rios pa\u00edses o Diploma Dual.<\/span><\/p>\n<p style=\"text-align: justify;\"><span style=\"color: #000000;\">O protocolo estabelecido entre o Col\u00e9gio e a Acad\u00e9mica possibilita aos alunos dos 8.\u00ba, 9.\u00ba, 10.\u00ba, 11.\u00ba e 12.\u00ba anos desenvolverem conhecimentos e compet\u00eancias ao n\u00edvel lingu\u00edstico, tecnol\u00f3gico e pessoal. Os conte\u00fados s\u00e3o lecionados por professores americanos, totalmente online, em l\u00edngua inglesa, e proporcionar\u00e1 o contacto com alunos de pa\u00edses de todo o mundo.<\/span><\/p>\n<h3><\/h3>\n<h3><strong>Quais s\u00e3o os objetivos?<\/strong><\/h3>\n<p style=\"text-align: justify;\">O <strong>Diploma Dual<\/strong> pretende treinar os alunos para adquirirem os melhores n\u00edveis de compet\u00eancia, preparando-os para um mercado de trabalho cada vez mais desafiante, a partir de tr\u00eas principais objetivos:<\/p>\n<ul>\n<li>imers\u00e3o lingu\u00edstica (aulas totalmente lecionadas em ingl\u00eas)<\/li>\n<li>imers\u00e3o pessoal (desenvolvimento da autonomia e responsabilidade)<\/li>\n<li>imers\u00e3o tecnol\u00f3gica (dom\u00ednio na utiliza\u00e7\u00e3o das tecnologias mais avan\u00e7adas de aprendizagem digital)<\/li>\n<\/ul>\n<h3><strong>O que se obt\u00e9m?<\/strong><\/h3>\n<p>O <strong>Diploma Dual<\/strong> proporciona aos alunos a obten\u00e7\u00e3o de uma dupla certifica\u00e7\u00e3o: o certificado de conclus\u00e3o do ensino secund\u00e1rio portugu\u00eas (ensino presencial) e um certificado do ensino secund\u00e1rio norte-americano (totalmente online).<\/p>\n<h3><strong>Como se alcan\u00e7a?<\/strong><\/h3>\n<p>A <em>Academica International Studies<\/em> pode reconhecer, atrav\u00e9s de um processo de equival\u00eancias, 18 cr\u00e9ditos ao curr\u00edculo portugu\u00eas, dos 24 cr\u00e9ditos que se exigem para emitir o <em>American High School Diploma<\/em>, tendo os alunos que fazer 6 cr\u00e9ditos online.<\/p>\n<h3><strong>Quando se inicia?<\/strong><\/h3>\n<p>Pode iniciar-se nos 8.\u00ba, 9.\u00ba, 10.\u00ba e 11.\u00ba anos.<\/p>\n<h3><strong>Como?<\/strong><\/h3>\n<p>O programa disponibiliza v\u00e1rias plataformas, com as quais os alunos trabalhar\u00e3o e atrav\u00e9s das quais comunicar\u00e3o com o seu professor americano, o qual monitorizar\u00e1 e avaliar\u00e1 o seu trabalho.<\/p>\n<p>Para conhecer todos os detalhes sobre o programa Diploma Dual pode aceder a <a href=\"http:\/\/www.academica.school\/?lang=pt\">www.academica.school\/?lang=pt<\/a><\/p>\n<p>Para mais informa\u00e7\u00f5es contactar a coordena\u00e7\u00e3o do programa: <a href=\"mailto:coord.dualdiploma@csmiguel.pt\">coord.dualdiploma@csmiguel.pt<\/a>[\/vc_column_text][\/vc_column][\/vc_row][vc_row][vc_column][vc_video link=&#8221;https:\/\/www.youtube.com\/watch?v=2AKUwOBelT4&#8243; align=&#8221;center&#8221;][\/vc_column][\/vc_row][vc_row][vc_column][vc_column_text]\n<h3><\/h3>\n<p>&nbsp;<\/p>\n<h3><strong>Apresenta\u00e7\u00e3o do Dual Diploma High School<\/strong><\/h3>\n<p>&nbsp;<\/p>\n<iframe class=\"pdfjs-viewer\" width=\"1000px\" height=\"849px\" src=\"https:\/\/www.csmiguel.pt\/web\/wp-content\/plugins\/pdf-viewer\/stable\/web\/viewer.html?file=https:\/\/www.csmiguel.pt\/web\/wp-content\/uploads\/documentos\/2022_2023\/apresentacao-academica.pdf\"><\/iframe> \n<p>&nbsp;<\/p>\n<p>&nbsp;<\/p>\n<h3><strong>Manual do Dual Diploma High School<\/strong><\/h3>\n<p>&nbsp;<\/p>\n<iframe class=\"pdfjs-viewer\" width=\"1000px\" height=\"849px\" src=\"https:\/\/www.csmiguel.pt\/web\/wp-content\/plugins\/pdf-viewer\/stable\/web\/viewer.html?file=https:\/\/www.csmiguel.pt\/web\/wp-content\/uploads\/documentos\/2022_2023\/manual-academica.pdf\"><\/iframe> [\/vc_column_text][\/vc_column][\/vc_row]\n","protected":false},"excerpt":{"rendered":"<p>[vc_row][vc_column width=&#8221;1\/3&#8243;][vc_single_image image=&#8221;18054&#8243; img_size=&#8221;medium&#8221; alignment=&#8221;center&#8221;][\/vc_column][vc_column width=&#8221;2\/3&#8243;][\/vc_column][\/vc_row][vc_row][vc_column][vc_separator border_width=&#8221;2&#8243; el_width=&#8221;90&#8243;][\/vc_column][\/vc_row][vc_row][vc_column][vc_column_text]<br \/>\nO Col\u00e9gio de S\u00e3o Miguel estabeleceu no ano letivo 2021\/2022 uma parceria com a\u00a0Academica International Studies\u00a0que permite aos nossos alunos obterem o American High School no col\u00e9gio, que corresponde ao Ensino Secund\u00e1rio Americano.<br \/>\nA Academica \u00e9 uma das poucas institui\u00e7\u00f5es norte-americanas a ser reconhecida, como Fornecedor de Servi\u00e7os de Ensino P\u00fablico Online. Em 2001, iniciou em v\u00e1rios pa\u00edses o Diploma Dual.<br \/>\nO protocolo estabelecido entre o Col\u00e9gio e a Acad\u00e9mica possibilita aos &#8230;<\/p>\n","protected":false},"author":5,"featured_media":0,"parent":0,"menu_order":0,"comment_status":"closed","ping_status":"closed","template":"","meta":{"pgc_meta":"","_monsterinsights_skip_tracking":false,"_monsterinsights_sitenote_active":false,"_monsterinsights_sitenote_note":"","_monsterinsights_sitenote_category":0,"iawp_total_views":883,"footnotes":""},"class_list":["post-18050","page","type-page","status-publish","hentry"],"pgc_meta":"","_links":{"self":[{"href":"https:\/\/www.csmiguel.pt\/web\/wp-json\/wp\/v2\/pages\/18050"}],"collection":[{"href":"https:\/\/www.csmiguel.pt\/web\/wp-json\/wp\/v2\/pages"}],"about":[{"href":"https:\/\/www.csmiguel.pt\/web\/wp-json\/wp\/v2\/types\/page"}],"author":[{"embeddable":true,"href":"https:\/\/www.csmiguel.pt\/web\/wp-json\/wp\/v2\/users\/5"}],"replies":[{"embeddable":true,"href":"https:\/\/www.csmiguel.pt\/web\/wp-json\/wp\/v2\/comments?post=18050"}],"version-history":[{"count":5,"href":"https:\/\/www.csmiguel.pt\/web\/wp-json\/wp\/v2\/pages\/18050\/revisions"}],"predecessor-version":[{"id":18060,"href":"https:\/\/www.csmiguel.pt\/web\/wp-json\/wp\/v2\/pages\/18050\/revisions\/18060"}],"wp:attachment":[{"href":"https:\/\/www.csmiguel.pt\/web\/wp-json\/wp\/v2\/media?parent=18050"}],"curies":[{"name":"wp","href":"https:\/\/api.w.org\/{rel}","templated":true}]}}