{"id":17952,"date":"2023-03-22T19:47:32","date_gmt":"2023-03-22T19:47:32","guid":{"rendered":"https:\/\/www.csmiguel.pt\/web\/?page_id=17952"},"modified":"2023-03-24T14:23:58","modified_gmt":"2023-03-24T14:23:58","slug":"programa-semana-cultural","status":"publish","type":"page","link":"https:\/\/www.csmiguel.pt\/web\/programa-semana-cultural\/","title":{"rendered":"Semana Cultural 2023"},"content":{"rendered":"[vc_row][vc_column]<div class=\"true-icon-box tt_animate_none  ZLhGaTWK\"> \n<h3>Semana Cultural 2023<\/h3>\n<\/div>[\/vc_column][\/vc_row][vc_row][vc_column width=&#8221;1\/2&#8243;][vc_column_text]<a href=\"https:\/\/www.csmiguel.pt\/web\/wp-content\/uploads\/2023\/03\/SEMANACULTURAL_CARTAZ-_GERAL_22_23.png\"><img fetchpriority=\"high\" decoding=\"async\" class=\"aligncenter size-full wp-image-17962\" src=\"https:\/\/www.csmiguel.pt\/web\/wp-content\/uploads\/2023\/03\/SEMANACULTURAL_CARTAZ-_GERAL_22_23.png\" alt=\"\" width=\"1599\" height=\"2265\" srcset=\"https:\/\/www.csmiguel.pt\/web\/wp-content\/uploads\/2023\/03\/SEMANACULTURAL_CARTAZ-_GERAL_22_23.png 1599w, https:\/\/www.csmiguel.pt\/web\/wp-content\/uploads\/2023\/03\/SEMANACULTURAL_CARTAZ-_GERAL_22_23-212x300.png 212w, https:\/\/www.csmiguel.pt\/web\/wp-content\/uploads\/2023\/03\/SEMANACULTURAL_CARTAZ-_GERAL_22_23-723x1024.png 723w, https:\/\/www.csmiguel.pt\/web\/wp-content\/uploads\/2023\/03\/SEMANACULTURAL_CARTAZ-_GERAL_22_23-768x1088.png 768w, https:\/\/www.csmiguel.pt\/web\/wp-content\/uploads\/2023\/03\/SEMANACULTURAL_CARTAZ-_GERAL_22_23-1084x1536.png 1084w, https:\/\/www.csmiguel.pt\/web\/wp-content\/uploads\/2023\/03\/SEMANACULTURAL_CARTAZ-_GERAL_22_23-1446x2048.png 1446w, https:\/\/www.csmiguel.pt\/web\/wp-content\/uploads\/2023\/03\/SEMANACULTURAL_CARTAZ-_GERAL_22_23-320x453.png 320w, https:\/\/www.csmiguel.pt\/web\/wp-content\/uploads\/2023\/03\/SEMANACULTURAL_CARTAZ-_GERAL_22_23-480x680.png 480w, https:\/\/www.csmiguel.pt\/web\/wp-content\/uploads\/2023\/03\/SEMANACULTURAL_CARTAZ-_GERAL_22_23-800x1133.png 800w\" sizes=\"(max-width: 1599px) 100vw, 1599px\" \/><\/a>[\/vc_column_text][\/vc_column][vc_column width=&#8221;1\/2&#8243;][vc_column_text]\n<p style=\"text-align: justify;\">Cinco dias com cerca de 50 atividades de cultura diversificada ser\u00e3o, certamente, um intenso apelo a todos os sentidos dos que participarem na Semana Cultural do Col\u00e9gio de S\u00e3o Miguel, entre os dias 27 e 31 de mar\u00e7o de 2023.<\/p>\n<p style=\"text-align: justify;\">Os alunos de todos os anos poder\u00e3o contar com momentos desportivos, reflexivos, musicais, cient\u00edficos, ambientais, liter\u00e1rios, art\u00edsticos que ir\u00e3o contribuir para aquilo que consideramos essencial e pelo qual lutamos todos os dias: o desenvolvimento integral de cada um nas suas m\u00faltiplas dimens\u00f5es.<\/p>\n<p style=\"text-align: justify;\">O recital de poesia, \u201cEntre N\u00f3s e as Palavras&#8221;, com Pedro Lamares, e a forma\u00e7\u00e3o que se seguir\u00e1 para os professores inscritos ser\u00e1, com certeza, um momento de aprendizagem onde a palavra vai ser protagonista. Haver\u00e1 tamb\u00e9m momentos para quem nos quiser visitar e n\u00e3o podemos deixar de destacar o debate do dia 30 de mar\u00e7o, \u00e0s 18h, que contar\u00e1 com a presen\u00e7a de Maria Jo\u00e3o Avillez, o Padre Jos\u00e9 Fraz\u00e3o, Fernando Magalh\u00e3es e a modera\u00e7\u00e3o de Carmo Rodeia.<\/p>\n<p style=\"text-align: justify;\">Um agradecimento sincero a todos os que v\u00e3o tornar esta semana uma realidade e um sincero desejo para todos os que nela participem: usufruam e partilhem saberes!<\/p>\n<p style=\"text-align: justify;\">Uma excelente Semana Cultural 2023!<\/p>\n[\/vc_column_text][\/vc_column][\/vc_row][vc_row][vc_column]<div class=\"true-icon-box tt_animate_none  wmMcYGKy\"><span class=\"fa-stack fa-3x\"><i class=\"fa fa-circle fa-stack-2x\"><\/i><i class=\"fa fa fa-calendar fa-stack-1x fa-inverse\"><\/i><\/span>\n<h3>Programa<\/h3>\n<\/div>[\/vc_column][\/vc_row][vc_row][vc_column width=&#8221;1\/2&#8243;]<dl class=\"true-accordion  JgMOSBqg tt_animate_none\"><dt>Segunda-feira, 27\/03\/2023<\/dt><dd><a href=\"https:\/\/www.csmiguel.pt\/web\/wp-content\/uploads\/2023\/03\/Imagem_seg_feira.png\"><img decoding=\"async\" class=\"aligncenter size-full wp-image-17954\" src=\"https:\/\/www.csmiguel.pt\/web\/wp-content\/uploads\/2023\/03\/Imagem_seg_feira.png\" alt=\"\" width=\"670\" height=\"1346\" srcset=\"https:\/\/www.csmiguel.pt\/web\/wp-content\/uploads\/2023\/03\/Imagem_seg_feira.png 670w, https:\/\/www.csmiguel.pt\/web\/wp-content\/uploads\/2023\/03\/Imagem_seg_feira-149x300.png 149w, https:\/\/www.csmiguel.pt\/web\/wp-content\/uploads\/2023\/03\/Imagem_seg_feira-510x1024.png 510w, https:\/\/www.csmiguel.pt\/web\/wp-content\/uploads\/2023\/03\/Imagem_seg_feira-320x643.png 320w, https:\/\/www.csmiguel.pt\/web\/wp-content\/uploads\/2023\/03\/Imagem_seg_feira-480x964.png 480w\" sizes=\"(max-width: 670px) 100vw, 670px\" \/><\/a><\/dd><\/dl><dl class=\"true-accordion  nwDKhpBG tt_animate_none\"><dt>Ter\u00e7a-feira, 28\/03\/2023<\/dt><dd><a href=\"https:\/\/www.csmiguel.pt\/web\/wp-content\/uploads\/2023\/03\/Imagem_terca_feira.png\"><img decoding=\"async\" class=\"aligncenter size-full wp-image-17955\" src=\"https:\/\/www.csmiguel.pt\/web\/wp-content\/uploads\/2023\/03\/Imagem_terca_feira.png\" alt=\"\" width=\"666\" height=\"884\" srcset=\"https:\/\/www.csmiguel.pt\/web\/wp-content\/uploads\/2023\/03\/Imagem_terca_feira.png 666w, https:\/\/www.csmiguel.pt\/web\/wp-content\/uploads\/2023\/03\/Imagem_terca_feira-226x300.png 226w, https:\/\/www.csmiguel.pt\/web\/wp-content\/uploads\/2023\/03\/Imagem_terca_feira-320x425.png 320w, https:\/\/www.csmiguel.pt\/web\/wp-content\/uploads\/2023\/03\/Imagem_terca_feira-480x637.png 480w\" sizes=\"(max-width: 666px) 100vw, 666px\" \/><\/a><\/dd><\/dl><dl class=\"true-accordion  jhCLgnPe tt_animate_none\"><dt>Quarta-feira, 29\/03\/2023<\/dt><dd><a href=\"https:\/\/www.csmiguel.pt\/web\/wp-content\/uploads\/2023\/03\/Imagem_quarta_feira.png\"><img loading=\"lazy\" decoding=\"async\" class=\"aligncenter size-full wp-image-17956\" src=\"https:\/\/www.csmiguel.pt\/web\/wp-content\/uploads\/2023\/03\/Imagem_quarta_feira.png\" alt=\"\" width=\"660\" height=\"1744\" srcset=\"https:\/\/www.csmiguel.pt\/web\/wp-content\/uploads\/2023\/03\/Imagem_quarta_feira.png 660w, https:\/\/www.csmiguel.pt\/web\/wp-content\/uploads\/2023\/03\/Imagem_quarta_feira-114x300.png 114w, https:\/\/www.csmiguel.pt\/web\/wp-content\/uploads\/2023\/03\/Imagem_quarta_feira-388x1024.png 388w, https:\/\/www.csmiguel.pt\/web\/wp-content\/uploads\/2023\/03\/Imagem_quarta_feira-581x1536.png 581w, https:\/\/www.csmiguel.pt\/web\/wp-content\/uploads\/2023\/03\/Imagem_quarta_feira-320x846.png 320w, https:\/\/www.csmiguel.pt\/web\/wp-content\/uploads\/2023\/03\/Imagem_quarta_feira-480x1268.png 480w\" sizes=\"(max-width: 660px) 100vw, 660px\" \/><\/a><\/dd><\/dl>[\/vc_column][vc_column width=&#8221;1\/2&#8243;]<dl class=\"true-accordion  sTLTwaXc tt_animate_none\"><dt>Quinta-feira, 30\/03\/2023<\/dt><dd><a href=\"https:\/\/www.csmiguel.pt\/web\/wp-content\/uploads\/2023\/03\/Imagem_quinta_feira.png\"><img loading=\"lazy\" decoding=\"async\" class=\"aligncenter size-full wp-image-17957\" src=\"https:\/\/www.csmiguel.pt\/web\/wp-content\/uploads\/2023\/03\/Imagem_quinta_feira.png\" alt=\"\" width=\"664\" height=\"1516\" srcset=\"https:\/\/www.csmiguel.pt\/web\/wp-content\/uploads\/2023\/03\/Imagem_quinta_feira.png 664w, https:\/\/www.csmiguel.pt\/web\/wp-content\/uploads\/2023\/03\/Imagem_quinta_feira-131x300.png 131w, https:\/\/www.csmiguel.pt\/web\/wp-content\/uploads\/2023\/03\/Imagem_quinta_feira-449x1024.png 449w, https:\/\/www.csmiguel.pt\/web\/wp-content\/uploads\/2023\/03\/Imagem_quinta_feira-320x731.png 320w, https:\/\/www.csmiguel.pt\/web\/wp-content\/uploads\/2023\/03\/Imagem_quinta_feira-480x1096.png 480w\" sizes=\"(max-width: 664px) 100vw, 664px\" \/><\/a><\/dd><\/dl><dl class=\"true-accordion  pqMYYups tt_animate_none\"><dt>Sexta-feira, 31\/03\/2023<\/dt><dd><a href=\"https:\/\/www.csmiguel.pt\/web\/wp-content\/uploads\/2023\/03\/Imagem_sexta_feira.png\"><img loading=\"lazy\" decoding=\"async\" class=\"aligncenter size-full wp-image-17958\" src=\"https:\/\/www.csmiguel.pt\/web\/wp-content\/uploads\/2023\/03\/Imagem_sexta_feira.png\" alt=\"\" width=\"648\" height=\"1164\" srcset=\"https:\/\/www.csmiguel.pt\/web\/wp-content\/uploads\/2023\/03\/Imagem_sexta_feira.png 648w, https:\/\/www.csmiguel.pt\/web\/wp-content\/uploads\/2023\/03\/Imagem_sexta_feira-167x300.png 167w, https:\/\/www.csmiguel.pt\/web\/wp-content\/uploads\/2023\/03\/Imagem_sexta_feira-570x1024.png 570w, https:\/\/www.csmiguel.pt\/web\/wp-content\/uploads\/2023\/03\/Imagem_sexta_feira-320x575.png 320w, https:\/\/www.csmiguel.pt\/web\/wp-content\/uploads\/2023\/03\/Imagem_sexta_feira-480x862.png 480w\" sizes=\"(max-width: 648px) 100vw, 648px\" \/><\/a><\/dd><\/dl>[\/vc_column][\/vc_row]\n","protected":false},"excerpt":{"rendered":"<p>[vc_row][vc_column][\/vc_column][\/vc_row][vc_row][vc_column width=&#8221;1\/2&#8243;][vc_column_text][\/vc_column_text][\/vc_column][vc_column width=&#8221;1\/2&#8243;][vc_column_text]<br \/>\nCinco dias com cerca de 50 atividades de cultura diversificada ser\u00e3o, certamente, um intenso apelo a todos os sentidos dos que participarem na Semana Cultural do Col\u00e9gio de S\u00e3o Miguel, entre os dias 27 e 31 de mar\u00e7o de 2023.<br \/>\nOs alunos de todos os anos poder\u00e3o contar com momentos desportivos, reflexivos, musicais, cient\u00edficos, ambientais, liter\u00e1rios, art\u00edsticos que ir\u00e3o contribuir para aquilo que consideramos essencial e pelo qual lutamos todos os dias: o desenvolvimento integral de cada &#8230;<\/p>\n","protected":false},"author":5,"featured_media":0,"parent":0,"menu_order":0,"comment_status":"closed","ping_status":"closed","template":"","meta":{"pgc_meta":"","_monsterinsights_skip_tracking":false,"_monsterinsights_sitenote_active":false,"_monsterinsights_sitenote_note":"","_monsterinsights_sitenote_category":0,"iawp_total_views":24,"footnotes":""},"class_list":["post-17952","page","type-page","status-publish","hentry"],"pgc_meta":"","_links":{"self":[{"href":"https:\/\/www.csmiguel.pt\/web\/wp-json\/wp\/v2\/pages\/17952"}],"collection":[{"href":"https:\/\/www.csmiguel.pt\/web\/wp-json\/wp\/v2\/pages"}],"about":[{"href":"https:\/\/www.csmiguel.pt\/web\/wp-json\/wp\/v2\/types\/page"}],"author":[{"embeddable":true,"href":"https:\/\/www.csmiguel.pt\/web\/wp-json\/wp\/v2\/users\/5"}],"replies":[{"embeddable":true,"href":"https:\/\/www.csmiguel.pt\/web\/wp-json\/wp\/v2\/comments?post=17952"}],"version-history":[{"count":9,"href":"https:\/\/www.csmiguel.pt\/web\/wp-json\/wp\/v2\/pages\/17952\/revisions"}],"predecessor-version":[{"id":19501,"href":"https:\/\/www.csmiguel.pt\/web\/wp-json\/wp\/v2\/pages\/17952\/revisions\/19501"}],"wp:attachment":[{"href":"https:\/\/www.csmiguel.pt\/web\/wp-json\/wp\/v2\/media?parent=17952"}],"curies":[{"name":"wp","href":"https:\/\/api.w.org\/{rel}","templated":true}]}}