{"id":15431,"date":"2020-09-06T19:08:24","date_gmt":"2020-09-06T19:08:24","guid":{"rendered":"https:\/\/www.csmiguel.pt\/web\/?page_id=15431"},"modified":"2020-09-06T19:08:24","modified_gmt":"2020-09-06T19:08:24","slug":"covid19-2","status":"publish","type":"page","link":"https:\/\/www.csmiguel.pt\/web\/covid19-2\/","title":{"rendered":"covid19 &#8211; Comunicados Anteriores"},"content":{"rendered":"[vc_row][vc_column][vc_column_text]\n<h1 style=\"text-align: center;\">COVID-19 (Comunicados Anteriores)<\/h1>\n[\/vc_column_text][\/vc_column][\/vc_row][vc_row][vc_column][vc_column_text]\n<p style=\"text-align: center;\"><strong>COMUNICADO<\/strong><\/p>\n<p style=\"text-align: center;\"><strong>COVID-19 \u2013 Atualiza\u00e7\u00e3o<\/strong><\/p>\n<p style=\"text-align: center;\">11 de mar\u00e7o de 2020<\/p>\n<p><strong>\u00a0<\/strong><\/p>\n<p style=\"text-align: justify;\">O Col\u00e9gio de S\u00e3o Miguel tem acompanhado de forma atenta a evolu\u00e7\u00e3o da situa\u00e7\u00e3o de sa\u00fade p\u00fablica associada \u00e0 propaga\u00e7\u00e3o do novo coronavirus.<\/p>\n<p style=\"text-align: justify;\">Esclarecemos\u00a0que\u00a0<u>n\u00e3o h\u00e1 qualquer caso suspeito ou confirmado de infe\u00e7\u00e3o por coronavirus de qualquer aluno ou profissional do Col\u00e9gio de S\u00e3o Miguel<\/u>. A seguran\u00e7a e prote\u00e7\u00e3o dos nossos alunos e trabalhadores est\u00e3o sempre em primeiro lugar e s\u00e3o assumidas com todo o sentido de responsabilidade.<\/p>\n<p style=\"text-align: justify;\">Qualquer informa\u00e7\u00e3o relevante ser\u00e1 sempre transmitida \u00e0 comunidade educativa por esta via e divulgada nos canais oficiais do Col\u00e9gio.<\/p>\n<p style=\"text-align: justify;\">Recomendamos\u00a0a leitura do plano de conting\u00eancia que poder\u00e1 ser acedido em\u00a0<a href=\"https:\/\/csmiguel.pt\/web\/covid19\/\" data-saferedirecturl=\"https:\/\/www.google.com\/url?q=https:\/\/csmiguel.pt\/web\/covid19\/&amp;source=gmail&amp;ust=1584029370452000&amp;usg=AFQjCNG38a9Yl-oB2-haWLUIES5wgUsLsA\">https:\/\/csmiguel.pt\/web\/covid19\/<\/a><\/p>\n<p style=\"text-align: justify;\">Nesta linha preventiva o Col\u00e9gio cancelou ou adiou\u00a0<u>todas<\/u>\u00a0as atividades que impliquem a desloca\u00e7\u00e3o de alunos, professores ou funcion\u00e1rios para o exterior do Col\u00e9gio, ou a rece\u00e7\u00e3o de pessoas externas ao Col\u00e9gio. Limitaremos tamb\u00e9m a organiza\u00e7\u00e3o de atividades pedag\u00f3gicas que impliquem a concentra\u00e7\u00e3o de turmas.<\/p>\n<p style=\"text-align: justify;\">Assim, e at\u00e9 final do segundo per\u00edodo ficam canceladas:<\/p>\n<ol style=\"text-align: justify;\">\n<li><u>Todas\u00a0<\/u>as visitas de estudo e sa\u00eddas organizadas pelo Col\u00e9gio;<\/li>\n<li>A Semana Cultural;<\/li>\n<li>A Lan Party;<\/li>\n<li>Atividades no \u00e2mbito do Erasmus+;<\/li>\n<li>Piscina (interrompem-se as aulas de nata\u00e7\u00e3o externas e internas, assim como a sua utiliza\u00e7\u00e3o nas aulas de EF);<\/li>\n<li>Entrega das avalia\u00e7\u00f5es de final de per\u00edodo de forma presencial, sendo as mesmas enviadas por via eletr\u00f3nica.<\/li>\n<\/ol>\n<p style=\"text-align: justify;\">Aconselhamos todos os alunos e fam\u00edlias que n\u00e3o se desloquem para o exterior do pa\u00eds na interrup\u00e7\u00e3o letiva da P\u00e1scoa, nomeadamente no contexto de viagem de finalistas. Caso o fa\u00e7am, incentivaremos o isolamento social preventivo de 15 dias a contar do dia do seu regresso.<\/p>\n<p style=\"text-align: justify;\">Refor\u00e7amos a necessidade da atitude adequada a tomar no caso de o seu educando ou familiar apresentar qualquer sintoma gripal (febre, tosse ou dificuldade respirat\u00f3ria):<\/p>\n<ul style=\"text-align: justify;\">\n<li>Proteja o seu educando,\u00a0<strong>fazendo com que permane\u00e7a em casa\u00a0<\/strong>at\u00e9 que se sinta saud\u00e1vel.<\/li>\n<li><strong>Contacte de imediato o SNS24\u00a0<\/strong>atrav\u00e9s do 808 24 24 24.<\/li>\n<li><u>Alerte o Col\u00e9gio no caso de o seu educando ou algum familiar com contacto direto apresentar sintomas compat\u00edveis com COVID-19<\/u>.<\/li>\n<\/ul>\n<p style=\"text-align: justify;\">A evolu\u00e7\u00e3o da situa\u00e7\u00e3o ajudar\u00e1 a definir o caminho a seguir no terceiro per\u00edodo.<\/p>\n<p style=\"text-align: justify;\">Estamos atento \u00e0 evolu\u00e7\u00e3o da situa\u00e7\u00e3o e tomaremos todas as medidas preventivas necess\u00e1ria, sempre em articula\u00e7\u00e3o com as autoridades de sa\u00fade.<strong>\u00a0<\/strong><\/p>\n<hr \/>\n<p><strong>\u00a0<\/strong><\/p>\n<p style=\"text-align: center;\"><strong>COMUNICADO<\/strong><\/p>\n<p style=\"text-align: center;\"><strong>COVID-19 \u2013 Atualiza\u00e7\u00e3o<\/strong><\/p>\n<p style=\"text-align: center;\">6 de mar\u00e7o de 2020<\/p>\n<p><strong>\u00a0<\/strong><\/p>\n<p style=\"text-align: justify;\">O Col\u00e9gio de S\u00e3o Miguel tem acompanhado de forma atenta a evolu\u00e7\u00e3o da situa\u00e7\u00e3o de sa\u00fade p\u00fablica associada \u00e0 propaga\u00e7\u00e3o do novo coronavirus.<\/p>\n<p style=\"text-align: justify;\">Tendo como objetivo a prote\u00e7\u00e3o dos seus alunos e profissionais, foram tomadas diversas medidas e definidos protocolos de interven\u00e7\u00e3o, que\u00a0foram comunicados a toda a comunidade educativa, e que se registam de forma estruturada no plano de conting\u00eancia, divulgado por toda a comunidade educativa.<\/p>\n<p style=\"text-align: justify;\">N\u00e3o h\u00e1 no Col\u00e9gio de S\u00e3o Miguel qualquer caso suspeito ou confirmado de infe\u00e7\u00e3o por coronavirus, nem foi detetado qualquer aluno ou profissional com sintomas compat\u00edveis com a COVID-19.<\/p>\n<p style=\"text-align: justify;\">Refor\u00e7amos a necessidade da atitude adequada a tomar no caso de o seu educando ou familiar apresentar qualquer sintoma gripal (febre, tosse ou dificuldade respirat\u00f3ria):<\/p>\n<ul style=\"text-align: justify;\">\n<li>Proteja o seu educando,\u00a0<strong>fazendo com que permane\u00e7a em casa<\/strong>\u00a0at\u00e9 que se sinta saud\u00e1vel.<\/li>\n<li><strong>Contacte de imediato o SNS24<\/strong>\u00a0atrav\u00e9s do 808 24 24 24.<\/li>\n<li>Alerte o Col\u00e9gio no caso de o seu educando ou algum familiar com contacto direto apresentar sintomas compat\u00edveis com COVID-19.<\/li>\n<\/ul>\n<p style=\"text-align: justify;\">Para qualquer esclarecimento de d\u00favidas, recomenda\u00e7\u00f5es e atualiza\u00e7\u00e3o de informa\u00e7\u00e3o poder\u00e1 consultar o site da Dire\u00e7\u00e3o Geral de Sa\u00fade (<a href=\"https:\/\/www.dgs.pt\/\">https:\/\/www.dgs.pt\/<\/a>) ou o Delegado de Seguran\u00e7a do Col\u00e9gio, Sr. Tiago Barbosa (916 089\u00a0596).<\/p>\n<p style=\"text-align: justify;\">O Col\u00e9gio de S\u00e3o Miguel acompanhar\u00e1 com aten\u00e7\u00e3o os desenvolvimentos e agir\u00e1, de forma preventiva e respons\u00e1vel, de acordo com o seu plano de conting\u00eancia e tendo em conta as recomenda\u00e7\u00f5es das autoridades de Sa\u00fade.<\/p>\n<hr \/>\n<p><strong>\u00a0<\/strong><\/p>\n<p style=\"text-align: center;\"><strong>COMUNICADO<\/strong><\/p>\n<p style=\"text-align: center;\"><strong>COVID-19 \u2013 Atualiza\u00e7\u00e3o<\/strong><\/p>\n<p style=\"text-align: center;\">28 de fevereiro de 2020<\/p>\n<p><strong>\u00a0<\/strong><\/p>\n<p style=\"text-align: justify;\">No link seguinte encontra-se uma Informa\u00e7\u00e3o da Dire\u00e7\u00e3o-Geral de Sa\u00fade (DGS) que refere comportamentos a adotar em contexto escolar.<\/p>\n<p style=\"text-align: justify;\"><a href=\"https:\/\/www.dgs.pt\/normas-orientacoes-e-informacoes\/informacoes\/informacao-n-0052020-de-270220201.aspx\">https:\/\/www.dgs.pt\/normas-orientacoes-e-informacoes\/informacoes\/informacao-n-0052020-de-270220201.aspx<\/a><\/p>\n<p style=\"text-align: justify;\">Desta recomenda\u00e7\u00e3o sublinha-se: \u201c<em>a Dire\u00e7\u00e3o-Geral da Sa\u00fade informa que \u00e0 data, seguindo orienta\u00e7\u00f5es da Organiza\u00e7\u00e3o Mundial da Sa\u00fade (OMS),\u00a0<strong>n\u00e3o existe recomenda\u00e7\u00e3o para evic\u00e7\u00e3o escolar ou profissional<\/strong>, ou necessidade de isolamento<\/em>.\u201d<\/p>\n<p style=\"text-align: justify;\">Acrescentamos que:<\/p>\n<ul style=\"text-align: justify;\">\n<li>At\u00e9 ao momento n\u00e3o h\u00e1 confirma\u00e7\u00e3o de qualquer caso de COVID-19 em Portugal;<\/li>\n<li>Nenhum aluno ou profissional do Col\u00e9gio de S\u00e3o Miguel apresentou, at\u00e9 ao presente momento, sintomatologia compat\u00edvel com infe\u00e7\u00e3o por COVID-19;<\/li>\n<li>Estamos a ponderar, com todo o sentido de responsabilidade e de acordo com recomenda\u00e7\u00e3o da Dire\u00e7\u00e3o Geral dos Estabelecimentos Escolares (DGEstE), a realiza\u00e7\u00e3o de atividades letivas no exterior do Col\u00e9gio, nomeadamente a manuten\u00e7\u00e3o das visitas de estudo ao estrangeiro;<\/li>\n<li>De acordo com a\u00a0<em>Orienta\u00e7\u00e3o<\/em>\u00a0da DGS de 26 de fevereiro (006\/2020) O Col\u00e9gio de S\u00e3o Miguel tem um plano de conting\u00eancia preparado e que contempla as seguintes medidas:<\/li>\n<\/ul>\n<ol style=\"text-align: justify;\">\n<li style=\"list-style-type: none;\">\n<ol>\n<li>Refor\u00e7o da forma\u00e7\u00e3o dos alunos, professores e funcion\u00e1rios sobre cuidados de higiene, etiqueta respirat\u00f3ria e pr\u00e1ticas de seguran\u00e7a alimentar;<\/li>\n<li>Refor\u00e7o de desinfetante \u00e0 entrada dos diversos espa\u00e7os de perman\u00eancia e conv\u00edvio dos alunos;<\/li>\n<li>Refor\u00e7o de limpeza di\u00e1ria de mesas, cadeiras e puxadores de portas nas salas de aula e refeit\u00f3rio, com desinfetante adequado;<\/li>\n<li>Defini\u00e7\u00e3o de uma \u00e1rea de isolamento com as caracter\u00edsticas definidas no 5.2.1 da orienta\u00e7\u00e3o acima identificada;<\/li>\n<li>Defini\u00e7\u00e3o de um protocolo de interven\u00e7\u00e3o no caso da algum aluno ou trabalhador apresentar qualquer sintoma compat\u00edvel com o COVID-19;<\/li>\n<li>Posse em quantidade de equipamentos e produtos adequados a uma eventual interven\u00e7\u00e3o (solu\u00e7\u00f5es antiss\u00e9pticas, m\u00e1scaras cir\u00fargicas, luvas descar\u00e1veis);<\/li>\n<li>Contacto \u00e1gil com os servi\u00e7os de sa\u00fade locais e com os servi\u00e7os de medicina do trabalho do Col\u00e9gio.<\/li>\n<\/ol>\n<\/li>\n<\/ol>\n<p style=\"text-align: justify;\">Refor\u00e7amos a necessidade da atitude adequada a tomar no caso de o seu educando apresentar qualquer sintoma gripal (febre, tosse ou dificuldade respirat\u00f3ria):<\/p>\n<ul style=\"text-align: justify;\">\n<li>Proteja o seu educando,\u00a0<strong>fazendo com que permane\u00e7a em casa<\/strong>\u00a0at\u00e9 que se sinta saud\u00e1vel.<\/li>\n<li><strong>Contacte de imediato o SNS24<\/strong>\u00a0atrav\u00e9s do 808 24 24 24.<\/li>\n<\/ul>\n<p style=\"text-align: justify;\">Para qualquer esclarecimento de d\u00favidas, recomenda\u00e7\u00f5es e atualiza\u00e7\u00e3o de informa\u00e7\u00e3o poder\u00e1 consultar o site da Dire\u00e7\u00e3o Geral de Sa\u00fade.<\/p>\n<p style=\"text-align: justify;\"><a href=\"https:\/\/www.dgs.pt\/\">https:\/\/www.dgs.pt\/<\/a><\/p>\n<hr \/>\n<p><strong>\u00a0<\/strong><\/p>\n<p style=\"text-align: center;\"><strong>COMUNICADO<\/strong><\/p>\n<p style=\"text-align: center;\"><strong>Viagem de finalistas<\/strong><\/p>\n<p style=\"text-align: center;\">28 de fevereiro de 2020<\/p>\n<p>&nbsp;<\/p>\n<p style=\"text-align: justify;\">Aproxima-se o per\u00edodo\u00a0em que\u00a0os alunos\u00a0do d\u00e9cimo segundo ano, em conjunto com as fam\u00edlias, organizam as suas viagens de finalistas.<\/p>\n<p style=\"text-align: justify;\">Dado que, no presente ano letivo, h\u00e1 circunst\u00e2ncias excecionais em termos de sa\u00fade p\u00fablica e porque nos preocupamos com o bem-estar dos nossos alunos para enfrentarem os desafios do final do ano letivo, n\u00e3o pod\u00edamos deixar de vos contactar para proporcionar alguma informa\u00e7\u00e3o que achamos relevante. Assim:<\/p>\n<ul style=\"text-align: justify;\">\n<li>Na pr\u00f3xima segunda-feira, decorrer\u00e1 no Col\u00e9gio a sess\u00e3o de forma\u00e7\u00e3o \u201cDivers\u00e3o sem riscos\u201d, assegurada pela Unidade de Sa\u00fade P\u00fablica de ACES M\u00e9dio Tejo, em parceria com as for\u00e7as de seguran\u00e7a (PSP\/GNR). Esta sess\u00e3o, destinada a todos os alunos do atual 12.\u00ba ano, pretende transmitir informa\u00e7\u00f5es com vista \u00e0 minimiza\u00e7\u00e3o de riscos e danos associados a alguns comportamentos usuais neste tipo de viagens.<\/li>\n<li>Este ano, no atual contexto de propaga\u00e7\u00e3o do COVID-19 (coronavirus), a forma\u00e7\u00e3o incidir\u00e1 tamb\u00e9m acerca dos comportamentos preventivos\u00a0e cuidados a ter em conta para\u00a0reduzir os riscos associados\u00a0\u00e0 exposi\u00e7\u00e3o e transmiss\u00e3o de doen\u00e7as desta natureza.<\/li>\n<\/ul>\n<p style=\"text-align: justify;\">O Col\u00e9gio\u00a0n\u00e3o est\u00e1 envolvido na\u00a0organiza\u00e7\u00e3o destas viagens, mas, mesmo assim,\u00a0 pareceu-nos avisado partilhar a recomenda\u00e7\u00e3o da DGEstE \u2013 Dire\u00e7\u00e3o-Geral dos Estabelecimentos Escolares, para que os encarregados de educa\u00e7\u00e3o possam tomar uma decis\u00e3o, o mais informada poss\u00edvel, tendo em conta a evolu\u00e7\u00e3o da propaga\u00e7\u00e3o do COVID-19 (coronavirus).<\/p>\n<hr \/>\n<p><strong>\u00a0<\/strong><\/p>\n<p style=\"text-align: center;\"><strong>COMUNICADO <\/strong><\/p>\n<p style=\"text-align: center;\"><strong>Cuidados de higiene e pr\u00e1ticas preventivas a prop\u00f3sito do Coronavirus<\/strong><\/p>\n<p style=\"text-align: center;\">26 de fevereiro de 2020<\/p>\n<p>&nbsp;<\/p>\n<p style=\"text-align: justify;\">Como \u00e9 do conhecimento p\u00fablico o coronav\u00edrus (COVID-19) foi identificado na China e tem-se propagado por algumas \u00e1reas na Europa.<\/p>\n<p style=\"text-align: justify;\">Neste momento n\u00e3o h\u00e1 qualquer caso confirmado de infe\u00e7\u00e3o em Portugal.<\/p>\n<p style=\"text-align: justify;\">As autoridades de Sa\u00fade (Dire\u00e7\u00e3o Geral de Sa\u00fade) e as autoridades Escolares (Dire\u00e7\u00e3o Geral de Educa\u00e7\u00e3o) n\u00e3o apresentaram, at\u00e9 ao momento, qualquer recomenda\u00e7\u00e3o limitativa do normal funcionamento escolar nem apontam restri\u00e7\u00f5es na desloca\u00e7\u00e3o no interior e para o exterior do pa\u00eds.<\/p>\n<p style=\"text-align: justify;\">Aproveitamos, no entanto, o momento para sugerir o refor\u00e7o dos habituais cuidados de higiene, etiqueta respirat\u00f3ria e pr\u00e1ticas de seguran\u00e7a alimentar que devem ser postos em pr\u00e1tica para reduzir a exposi\u00e7\u00e3o e transmiss\u00e3o de doen\u00e7as infeciosas, como, por exemplo, em situa\u00e7\u00f5es de gripe:<\/p>\n<ul style=\"text-align: justify;\">\n<li>Evitar contacto pr\u00f3ximo com doentes com infe\u00e7\u00f5es respirat\u00f3rias;<\/li>\n<li>Lavar frequentemente as m\u00e3os;<\/li>\n<li>Adotar medidas de etiqueta respirat\u00f3ria: tapar o nariz e boca quando espirrar ou tossir (com len\u00e7o de papel ou com o bra\u00e7o, nunca com as m\u00e3os; deitar o len\u00e7o de papel no lixo);<\/li>\n<li>Lavar as m\u00e3os sempre que se assoar, espirrar ou tossir.<\/li>\n<\/ul>\n<p style=\"text-align: justify;\">No caso de o seu educando apresentar qualquer sintoma gripal (febre, tosse ou dificuldade respirat\u00f3ria) recomendamos que:<\/p>\n<ul style=\"text-align: justify;\">\n<li>Proteja o seu educando,\u00a0<strong>fazendo com que permane\u00e7a em casa<\/strong>\u00a0at\u00e9 que se sinta saud\u00e1vel;<\/li>\n<li><strong>Contacte de imediato o SNS24<\/strong>\u00a0atrav\u00e9s do 808 24 24 24 \u00a0(linha de sa\u00fade 24).<\/li>\n<\/ul>\n<p style=\"text-align: justify;\">Para qualquer esclarecimento de d\u00favidas, recomenda\u00e7\u00f5es e informa\u00e7\u00f5es gerais poder\u00e1 consultar o site da Dire\u00e7\u00e3o Geral de Sa\u00fade.<\/p>\n<p style=\"text-align: justify;\"><a href=\"https:\/\/www.dgs.pt\/\">https:\/\/www.dgs.pt\/<\/a><\/p>\n<p style=\"text-align: justify;\">O Col\u00e9gio de S\u00e3o Miguel acompanhar\u00e1 com aten\u00e7\u00e3o os desenvolvimentos e agir\u00e1 de acordo com as recomenda\u00e7\u00f5es das autoridades de Sa\u00fade.<\/p>\n[\/vc_column_text][\/vc_column][\/vc_row]\n","protected":false},"excerpt":{"rendered":"<p>[vc_row][vc_column][vc_column_text]<br \/>\nCOVID-19 (Comunicados Anteriores)<br \/>\n[\/vc_column_text][\/vc_column][\/vc_row][vc_row][vc_column][vc_column_text]<br \/>\nCOMUNICADO<br \/>\nCOVID-19 \u2013 Atualiza\u00e7\u00e3o<br \/>\n11 de mar\u00e7o de 2020<br \/>\n\u00a0<br \/>\nO Col\u00e9gio de S\u00e3o Miguel tem acompanhado de forma atenta a evolu\u00e7\u00e3o da situa\u00e7\u00e3o de sa\u00fade p\u00fablica associada \u00e0 propaga\u00e7\u00e3o do novo coronavirus.<br \/>\nEsclarecemos\u00a0que\u00a0n\u00e3o h\u00e1 qualquer caso suspeito ou confirmado de infe\u00e7\u00e3o por coronavirus de qualquer aluno ou profissional do Col\u00e9gio de S\u00e3o Miguel. A seguran\u00e7a e prote\u00e7\u00e3o dos nossos alunos e trabalhadores est\u00e3o sempre em primeiro lugar e s\u00e3o assumidas com todo o sentido &#8230;<\/p>\n","protected":false},"author":5,"featured_media":0,"parent":0,"menu_order":0,"comment_status":"closed","ping_status":"closed","template":"","meta":{"pgc_meta":"","_monsterinsights_skip_tracking":false,"_monsterinsights_sitenote_active":false,"_monsterinsights_sitenote_note":"","_monsterinsights_sitenote_category":0,"iawp_total_views":0,"footnotes":""},"class_list":["post-15431","page","type-page","status-publish","hentry"],"pgc_meta":"","_links":{"self":[{"href":"https:\/\/www.csmiguel.pt\/web\/wp-json\/wp\/v2\/pages\/15431"}],"collection":[{"href":"https:\/\/www.csmiguel.pt\/web\/wp-json\/wp\/v2\/pages"}],"about":[{"href":"https:\/\/www.csmiguel.pt\/web\/wp-json\/wp\/v2\/types\/page"}],"author":[{"embeddable":true,"href":"https:\/\/www.csmiguel.pt\/web\/wp-json\/wp\/v2\/users\/5"}],"replies":[{"embeddable":true,"href":"https:\/\/www.csmiguel.pt\/web\/wp-json\/wp\/v2\/comments?post=15431"}],"version-history":[{"count":1,"href":"https:\/\/www.csmiguel.pt\/web\/wp-json\/wp\/v2\/pages\/15431\/revisions"}],"predecessor-version":[{"id":15432,"href":"https:\/\/www.csmiguel.pt\/web\/wp-json\/wp\/v2\/pages\/15431\/revisions\/15432"}],"wp:attachment":[{"href":"https:\/\/www.csmiguel.pt\/web\/wp-json\/wp\/v2\/media?parent=15431"}],"curies":[{"name":"wp","href":"https:\/\/api.w.org\/{rel}","templated":true}]}}