{"id":15274,"date":"2020-03-20T14:24:35","date_gmt":"2020-03-20T14:24:35","guid":{"rendered":"http:\/\/www.csmiguel.pt\/web\/?page_id=15274"},"modified":"2020-03-21T05:55:08","modified_gmt":"2020-03-21T05:55:08","slug":"plano-de-contingencia-perguntas-mais-frequentes","status":"publish","type":"page","link":"https:\/\/www.csmiguel.pt\/web\/plano-de-contingencia-perguntas-mais-frequentes\/","title":{"rendered":"Plano de Conting\u00eancia &#8211; Perguntas Mais Frequentes"},"content":{"rendered":"<h2 style=\"text-align: center;\">Plano de Conting\u00eancia &#8211; Perguntas mais frequentes<\/h2>\n<p>&nbsp;<\/p>\n<p style=\"text-align: justify;\"><strong>A toda a comunidade educativa do Col\u00e9gio de S\u00e3o Miguel<\/strong><\/p>\n<p style=\"text-align: justify;\">Tendo decorrido uma semana ap\u00f3s a suspens\u00e3o das atividades letivas e n\u00e3o letivas com presen\u00e7a de alunos no Col\u00e9gio, \u00e9 natural que surjam algumas d\u00favidas e quest\u00f5es por parte de toda a comunidade educativa. Tentaremos esclarec\u00ea-las apresentando a informa\u00e7\u00e3o sob a forma de perguntas e respostas.<\/p>\n<p style=\"text-align: justify;\"><strong>\u00a0<\/strong><\/p>\n<p style=\"text-align: justify;\"><strong>O Col\u00e9gio est\u00e1 aberto? Que meio posso usar para contactar?<\/strong><\/p>\n<p style=\"text-align: justify;\">Os Servi\u00e7os Administrativos do Col\u00e9gio est\u00e3o a funcionar entre as 9h00 e as 17h00. O contacto com os servi\u00e7os poder\u00e1 ser feito por telefone (entre as 9h00 e as 17h00) ou por e-mail. Registamos os contactos:<\/p>\n<p style=\"text-align: justify;\"><u>Telefone:<\/u><\/p>\n<p style=\"text-align: justify;\">249 531\u00a0128<\/p>\n<p style=\"text-align: justify;\"><u>E-mails:<\/u><\/p>\n<p style=\"text-align: justify;\">Servi\u00e7os administrativos: <a href=\"mailto:secretaria@csmiguel.pt\">secretaria@csmiguel.pt<\/a><\/p>\n<p style=\"text-align: justify;\">Diretor Geral: <a href=\"mailto:diretor@csmiguel.pt\">diretor@csmiguel.pt<\/a><\/p>\n<p style=\"text-align: justify;\">Diretor Pedag\u00f3gico: <a href=\"mailto:dp@csmiguel.pt\">dp@csmiguel.pt<\/a><\/p>\n<p>&nbsp;<\/p>\n<p style=\"text-align: justify;\"><strong>Posso deslocar-me ao Col\u00e9gio?<\/strong><\/p>\n<p style=\"text-align: justify;\">Todos os assuntos dever\u00e3o ser esclarecidos por canais digitais. As desloca\u00e7\u00f5es ao Col\u00e9gio t\u00eam um car\u00e1cter excecional, um motivo de for\u00e7a maior e carecem de uma autoriza\u00e7\u00e3o expressa da Dire\u00e7\u00e3o. Todas as desloca\u00e7\u00f5es ao Col\u00e9gio, se autorizadas, dever\u00e3o ser previamente agendadas.<\/p>\n<p>&nbsp;<\/p>\n<p style=\"text-align: justify;\"><strong>Sou Encarregado de Educa\u00e7\u00e3o de um aluno do Col\u00e9gio, mas n\u00e3o tenho recebido as informa\u00e7\u00f5es. O que posso fazer?<\/strong><\/p>\n<p style=\"text-align: justify;\">As comunica\u00e7\u00f5es institucionais s\u00e3o enviadas para o endere\u00e7o de correio eletr\u00f3nico do Encarregado de Educa\u00e7\u00e3o que foi indicado no momento da matr\u00edcula ou confirmado no momento da renova\u00e7\u00e3o da matr\u00edcula. Caso n\u00e3o esteja a receber as comunica\u00e7\u00f5es oficiais do Col\u00e9gio, entre em contacto com os Servi\u00e7os Administrativos via telefone ou e-mail.<\/p>\n<p>&nbsp;<\/p>\n<p style=\"text-align: justify;\"><strong>As aulas presenciais est\u00e3o suspensas at\u00e9 quando?<\/strong><\/p>\n<p style=\"text-align: justify;\">O Governo decretou a suspens\u00e3o das atividades letivas e n\u00e3o letivas presenciais a partir de 16 de mar\u00e7o, com reavalia\u00e7\u00e3o da situa\u00e7\u00e3o a 9 de abril de 2020. A suspens\u00e3o manter-se-\u00e1 em vigor at\u00e9 as autoridades considerarem que a exist\u00eancia de atividades letivas e n\u00e3o letivas presenciais j\u00e1 n\u00e3o \u00e9 perigosa para a sa\u00fade p\u00fablica.<\/p>\n<p>&nbsp;<\/p>\n<p style=\"text-align: justify;\"><strong>A suspens\u00e3o pode prolongar-se pelo 3.\u00ba per\u00edodo?<\/strong><\/p>\n<p style=\"text-align: justify;\">Sim, a suspens\u00e3o das atividades letivas presenciais mant\u00e9m-se at\u00e9 as autoridades considerarem que a exist\u00eancia de atividades letivas e n\u00e3o letivas presenciais j\u00e1 n\u00e3o \u00e9 perigosa para a sa\u00fade p\u00fablica.<\/p>\n<p>&nbsp;<\/p>\n<p style=\"text-align: justify;\"><strong>Como ser\u00e1 efetuada a avalia\u00e7\u00e3o do 2.\u00ba per\u00edodo?<\/strong><\/p>\n<p style=\"text-align: justify;\">A avalia\u00e7\u00e3o sumativa do 2.\u00ba per\u00edodo ser\u00e1 efetuada no momento usual, com base nos elementos avaliativos dispon\u00edveis nesse momento (incluindo os ainda a recolher) e no car\u00e1ter cont\u00ednuo da avalia\u00e7\u00e3o. As avalia\u00e7\u00f5es ser\u00e3o enviadas para o correio eletr\u00f3nico dos Encarregados de Educa\u00e7\u00e3o no dia 6 de abril.<\/p>\n<p>&nbsp;<\/p>\n<p style=\"text-align: justify;\"><strong>O calend\u00e1rio escolar ser\u00e1 alterado?<\/strong><\/p>\n<p style=\"text-align: justify;\">N\u00e3o h\u00e1 qualquer indica\u00e7\u00e3o de altera\u00e7\u00e3o quer do calend\u00e1rio escolar quer do calend\u00e1rio de exames. Assim, n\u00e3o havendo indica\u00e7\u00f5es em contr\u00e1rio por parte da tutela, o Col\u00e9gio assume o calend\u00e1rio atualmente em vigor:<\/p>\n<p>&nbsp;<\/p>\n<p style=\"text-align: justify;\"><strong>In\u00edcio das atividades letivas do 3.\u00ba per\u00edodo: <\/strong><\/p>\n<p style=\"text-align: justify;\">14 de abril<\/p>\n<p>&nbsp;<\/p>\n<p style=\"text-align: justify;\"><strong>Final do 3.\u00ba Per\u00edodo: <\/strong><\/p>\n<p style=\"text-align: justify;\">4 de junho \u2013 9.\u00ba, 11.\u00ba e 12.\u00ba anos;<\/p>\n<p style=\"text-align: justify;\">9 de junho \u2013 5.\u00ba, 6.\u00ba, 7.\u00ba, 8.\u00ba e 10.\u00ba anos.<\/p>\n<p>&nbsp;<\/p>\n<p style=\"text-align: justify;\"><strong>Como decorre o processo de inscri\u00e7\u00e3o para as provas e exames nacionais?<\/strong><\/p>\n<p style=\"text-align: justify;\">A inscri\u00e7\u00e3o \u00e9 feita atrav\u00e9s de canais \u00e0 dist\u00e2ncia, de acordo com indica\u00e7\u00f5es enviadas no dia 18 de mar\u00e7o a todos os Encarregados de Educa\u00e7\u00e3o dos alunos em ano de exame, seguindo um procedimento \u00e1gil para o efeito. As datas de inscri\u00e7\u00e3o para as provas e exames dos ensinos b\u00e1sico e secund\u00e1rio s\u00e3o prorrogadas at\u00e9 dia 3 de abril. Qualquer d\u00favida pode ser esclarecida atrav\u00e9s do n\u00famero de telefone acima indicado (entre as 9h00 e as 17h00) ou pelo email <u><a href=\"mailto:exames2020@csmiguel.pt\">exames2020@csmiguel.pt<\/a><\/u><\/p>\n<p>&nbsp;<\/p>\n<p style=\"text-align: justify;\"><strong>Qual deve ser o comportamento dos alunos neste per\u00edodo sem ir \u00e0 escola?<\/strong><\/p>\n<p style=\"text-align: justify;\">Os alunos devem seguir as recomenda\u00e7\u00f5es das Autoridades Nacionais de Sa\u00fade, adotando h\u00e1bitos regulares de higiene (como lavar regularmente as m\u00e3os) e cumprindo com o distanciamento social. Por outro lado, \u00e9 fundamental que os alunos mantenham rotinas e adotem m\u00e9todos de trabalho que os ajudem a superar este novo desafio e a desenvolver aprendizagens, realizando as atividades indicadas pelos seus professores e comunicando com os mesmos de forma regular.<\/p>\n<p style=\"text-align: justify;\">Recomenda-se aos Encarregados de Educa\u00e7\u00e3o a visualiza\u00e7\u00e3o do seguinte v\u00eddeo que ajudar\u00e1 a acompanhar os seus educandos nas suas obriga\u00e7\u00f5es escolares.<\/p>\n<p style=\"text-align: justify;\"><a href=\"https:\/\/www.youtube.com\/watch?v=qbDIRdRmKIQ&amp;feature=youtu.be\">https:\/\/www.youtube.com\/watch?v=qbDIRdRmKIQ&amp;feature=youtu.be<\/a><\/p>\n<p>&nbsp;<\/p>\n<p style=\"text-align: justify;\"><strong>Vejo que o meu educando est\u00e1 com dificuldade em adaptar-se ao m\u00e9todo de trabalho \u00e0 dist\u00e2ncia. O que posso fazer?<\/strong><\/p>\n<p style=\"text-align: justify;\">Entre em contacto com o diretor de turma no caso de identificar alguma circunst\u00e2ncia limitadora no normal cumprimento das atividades de natureza pedag\u00f3gica, seja por dificuldade organizativa, seja por limita\u00e7\u00e3o de meios de comunica\u00e7\u00e3o \u00e0 dist\u00e2ncia, seja pela exig\u00eancia de acompanhamento especializado a alunos com medidas seletivas ou adicionais (ao abrigo do D.L. n.\u00ba 54\/2018). Cada caso ser\u00e1 avaliado e ponderado individualmente.<\/p>\n<p>&nbsp;<\/p>\n<p style=\"text-align: justify;\"><strong>Vai haver altera\u00e7\u00f5es aos planos curriculares?<\/strong><\/p>\n<p style=\"text-align: justify;\">At\u00e9 este momento, o Minist\u00e9rio da Educa\u00e7\u00e3o ainda n\u00e3o indicou quaisquer altera\u00e7\u00f5es aos planos curriculares.<\/p>\n<p>&nbsp;<\/p>\n<p style=\"text-align: justify;\"><strong>Que plataformas e m\u00e9todos de ensino \u00e0 dist\u00e2ncia est\u00e3o a ser usados?<\/strong><\/p>\n<p style=\"text-align: justify;\">O ensino \u00e0 dist\u00e2ncia assenta, essencialmente, num modelo de autoaprendizagem onde as tecnologias de informa\u00e7\u00e3o e comunica\u00e7\u00e3o permitem o acesso online a recursos de ensino e aprendizagem. \u00c9 fundamental que os alunos continuem centrados nas atividades escolares.<\/p>\n<p style=\"text-align: justify;\">No Col\u00e9gio disponibiliz\u00e1mos, principalmente, os recursos que se identificam em baixo, deixando ao crit\u00e9rio de cada docente a utiliza\u00e7\u00e3o do meios e conte\u00fados que melhor se adaptem \u00e0s caracter\u00edsticas e objetivos das diferentes disciplinas:<\/p>\n<p style=\"text-align: justify;\"><u>Plataformas de comunica\u00e7\u00e3o:<\/u><\/p>\n<ul style=\"text-align: justify;\">\n<li>Correio eletr\u00f3nico;<\/li>\n<li>Sistemas de mensagens r\u00e1pidas (WhatsApp, <a href=\"https:\/\/www.instagram.com\/\">Instagram<\/a>, &#8230;).<\/li>\n<\/ul>\n<p style=\"text-align: justify;\"><u>Plataformas de gest\u00e3o de aulas:<\/u><\/p>\n<ul style=\"text-align: justify;\">\n<li><a href=\"http:\/\/moodle.csmiguel.pt\/\">Moodle<\/a>;<\/li>\n<li><a href=\"https:\/\/classroom.google.com\/\">Google Classroom<\/a>.<\/li>\n<\/ul>\n<p style=\"text-align: justify;\"><u>Plataformas de videoconfer\u00eancias:<\/u><\/p>\n<ul style=\"text-align: justify;\">\n<li><a href=\"https:\/\/zoom.us\/\">Zoom Video Communications<\/a>.<\/li>\n<\/ul>\n<p style=\"text-align: justify;\"><u>Plataformas de recursos e conte\u00fados:<\/u><\/p>\n<ul style=\"text-align: justify;\">\n<li><a href=\"https:\/\/www.escolavirtual.pt\/\">Escola Virtual \u2013 Porto Editora<\/a>;<\/li>\n<li><a href=\"https:\/\/auladigital.leya.com\/\">Aula Digital \u2013 Leya<\/a>.<\/li>\n<\/ul>\n<p>&nbsp;<\/p>\n<p style=\"text-align: justify;\"><strong>O meu educando est\u00e1 a dar sinais de algum desgaste emocional. O Col\u00e9gio pode ajudar?<\/strong><\/p>\n<p style=\"text-align: justify;\">O Col\u00e9gio de S\u00e3o Miguel tem um Servi\u00e7o de Psicologia e Orienta\u00e7\u00e3o (S.P.O.) que est\u00e1 atento \u00e0 sa\u00fade psicol\u00f3gica de todos os elementos da sua comunidade educativa. Poder\u00e1 solicitar qualquer apoio atrav\u00e9s do e-mail: <a href=\"mailto:cristina-silva@csmiguel.pt\">cristina.silva@csmiguel.pt<\/a><\/p>\n<p>&nbsp;<\/p>\n<p style=\"text-align: justify;\">A partir deste primeiro contacto acertar-se-\u00e1 uma estrat\u00e9gia que garanta efic\u00e1cia, sigilo e privacidade.<\/p>\n","protected":false},"excerpt":{"rendered":"<p>Plano de Conting\u00eancia &#8211; Perguntas mais frequentes<br \/>\n&nbsp;<br \/>\nA toda a comunidade educativa do Col\u00e9gio de S\u00e3o Miguel<br \/>\nTendo decorrido uma semana ap\u00f3s a suspens\u00e3o das atividades letivas e n\u00e3o letivas com presen\u00e7a de alunos no Col\u00e9gio, \u00e9 natural que surjam algumas d\u00favidas e quest\u00f5es por parte de toda a comunidade educativa. Tentaremos esclarec\u00ea-las apresentando a informa\u00e7\u00e3o sob a forma de perguntas e respostas.<br \/>\n\u00a0<br \/>\nO Col\u00e9gio est\u00e1 aberto? Que meio posso usar para contactar?<br \/>\nOs Servi\u00e7os Administrativos do Col\u00e9gio &#8230;<\/p>\n","protected":false},"author":5,"featured_media":0,"parent":0,"menu_order":0,"comment_status":"closed","ping_status":"closed","template":"template-blank-canvas.php","meta":{"pgc_meta":"","_monsterinsights_skip_tracking":false,"_monsterinsights_sitenote_active":false,"_monsterinsights_sitenote_note":"","_monsterinsights_sitenote_category":0,"iawp_total_views":6,"footnotes":""},"class_list":["post-15274","page","type-page","status-publish","hentry"],"pgc_meta":"","_links":{"self":[{"href":"https:\/\/www.csmiguel.pt\/web\/wp-json\/wp\/v2\/pages\/15274"}],"collection":[{"href":"https:\/\/www.csmiguel.pt\/web\/wp-json\/wp\/v2\/pages"}],"about":[{"href":"https:\/\/www.csmiguel.pt\/web\/wp-json\/wp\/v2\/types\/page"}],"author":[{"embeddable":true,"href":"https:\/\/www.csmiguel.pt\/web\/wp-json\/wp\/v2\/users\/5"}],"replies":[{"embeddable":true,"href":"https:\/\/www.csmiguel.pt\/web\/wp-json\/wp\/v2\/comments?post=15274"}],"version-history":[{"count":4,"href":"https:\/\/www.csmiguel.pt\/web\/wp-json\/wp\/v2\/pages\/15274\/revisions"}],"predecessor-version":[{"id":15290,"href":"https:\/\/www.csmiguel.pt\/web\/wp-json\/wp\/v2\/pages\/15274\/revisions\/15290"}],"wp:attachment":[{"href":"https:\/\/www.csmiguel.pt\/web\/wp-json\/wp\/v2\/media?parent=15274"}],"curies":[{"name":"wp","href":"https:\/\/api.w.org\/{rel}","templated":true}]}}