{"id":15255,"date":"2020-03-09T11:50:44","date_gmt":"2020-03-09T11:50:44","guid":{"rendered":"http:\/\/www.csmiguel.pt\/web\/?page_id=15255"},"modified":"2020-10-29T12:03:10","modified_gmt":"2020-10-29T12:03:10","slug":"covid19","status":"publish","type":"page","link":"https:\/\/www.csmiguel.pt\/web\/covid19\/","title":{"rendered":"covid19"},"content":{"rendered":"[vc_row][vc_column][vc_column_text]\n<h1 style=\"text-align: center;\">COVID-19<\/h1>\n[\/vc_column_text][\/vc_column][\/vc_row][vc_row][vc_column][vc_column_text]\n<h3 style=\"text-align: center;\"><a href=\"https:\/\/csmiguel.pt\/web\/wp-content\/uploads\/documentos\/2020_2021\/CS_MIGUEL_Plano_de_Contingencia_v3.pdf\">Plano de Conting\u00eancia (em formato pdf)<\/a><\/h3>\n[\/vc_column_text][vc_separator][\/vc_column][\/vc_row][vc_row][vc_column][vc_column_text]\n<p style=\"text-align: center;\"><strong>COMUNICADO<\/strong><\/p>\n<p style=\"text-align: center;\"><strong>Suspens\u00e3o das atividades letivas presenciais<\/strong><\/p>\n<p style=\"text-align: center;\">13 de mar\u00e7o de 2020<\/p>\n<p><strong>\u00a0<\/strong><\/p>\n<p style=\"text-align: justify;\">SUSPENS\u00c3O DAS ATIVIDADES LETIVAS PRESENCIAIS E CALEND\u00c1RIO ESCOLAR<\/p>\n<ul style=\"text-align: justify;\">\n<li>Face ao atual contexto de sa\u00fade p\u00fablica o Conselho de Ministros deliberou\u00a0<strong>a suspens\u00e3o das atividades letivas e n\u00e3o letivas\u00a0<em>presenciais <\/em>em todos os estabelecimentos<\/strong>\u00a0e em todos os graus de ensino a partir de segunda feira at\u00e9 \u00e0 interrup\u00e7\u00e3o letiva da P\u00e1scoa. No dia 9 de abril a situa\u00e7\u00f5es ser\u00e1 reavaliada;<\/li>\n<li>De acordo com os dados dispon\u00edveis,\u00a0<strong>o calend\u00e1rio escolar mant\u00e9m-se inalterado\u00a0<\/strong>e ser\u00e1 eventualmente ajustado em fun\u00e7\u00e3o da evolu\u00e7\u00e3o da sa\u00fade p\u00fablica. Aguardamos, no entanto a publica\u00e7\u00e3o do normativo legal que d\u00ea suporte \u00e0 decis\u00e3o do Conselho de Ministros que, esperamos, clarificar\u00e1 estes detalhes;<\/li>\n<li><strong>Os alunos n\u00e3o podem permanecer nas instala\u00e7\u00f5es do Col\u00e9gio<\/strong>, seja dentro do edif\u00edcio, seja no seu exterior. No entanto\u00a0esta medida excecional est\u00e1 a ser tomada para combater uma epidemia. Assim,\u00a0<strong>os alunos devem permanecer em casa\u00a0<\/strong>e abster-se de contactos sociais fora da fam\u00edlia nuclear.<\/li>\n<\/ul>\n<p style=\"text-align: justify;\">DIN\u00c2MICAS PEDAG\u00d3GICAS E AVALIA\u00c7\u00c3O<\/p>\n<ul style=\"text-align: justify;\">\n<li>O ano letivo continua, ainda que de modo n\u00e3o presencial. Nas pr\u00f3ximas duas semanas\u00a0<strong>os alunos n\u00e3o est\u00e3o em f\u00e9rias e ter\u00e3o obriga\u00e7\u00f5es escolares a cumprir;<\/strong><\/li>\n<li>Os docentes do Col\u00e9gio de S\u00e3o Miguel enviar\u00e3o aos alunos, nas pr\u00f3ximas duas semanas, por correio eletr\u00f3nico ou outro canal digital\u00a0<strong>a orienta\u00e7\u00e3o de estudo das mat\u00e9rias das diferentes disciplinas e tarefas\u00a0<\/strong>para consolida\u00e7\u00e3o das aprendizagens;<\/li>\n<li>Todos os alunos podem aceder, gratuitamente, \u00e0 Escola Virtual da Porto Editora e \u00e0s aulas digitais do Grupo LEYA e, assim, efetuar o seu estudo com recurso a essas plataformas digitais;<\/li>\n<li>Solicitamos \u00e0s fam\u00edlias que, dentro do poss\u00edvel,\u00a0<strong>assegurem aos seus educandos um ritmo de estudo e trabalho\u00a0<\/strong>que garantam uma aprendizagem efetiva e o sucesso escolar no final do ano letivo;<\/li>\n<li>A avalia\u00e7\u00e3o do segundo per\u00edodo decorrer\u00e1 como previsto e\u00a0<strong>ser\u00e1 enviada por correio eletr\u00f3nico\u00a0<\/strong>a todos os encarregados de educa\u00e7\u00e3o.<\/li>\n<\/ul>\n<p style=\"text-align: justify;\">OUTROS ASPETOS RELEVANTES<\/p>\n<ul style=\"text-align: justify;\">\n<li><strong>O Col\u00e9gio encontra-se aberto\u00a0<\/strong>de acordo com o calend\u00e1rio escolar e os servi\u00e7os administrativos do Col\u00e9gio ativos;<\/li>\n<li>De acordo com comunicado do Minist\u00e9rio da Educa\u00e7\u00e3o, no seu 5. \u201cEstando a decorrer o per\u00edodo de inscri\u00e7\u00e3o nos\u00a0<strong>exames nacionais<\/strong>, ser\u00e1 definido um procedimento para que\u00a0<strong>os alunos n\u00e3o necessitem de se deslocar \u00e0 escola para a inscri\u00e7\u00e3o<\/strong>.\u201d. Pedimos que estejam atentos, pois informaremos quais os procedimentos a adotar para a inscri\u00e7\u00e3o nos exames.<\/li>\n<li>Qualquer pessoa externa ao Col\u00e9gio que pretenda entrar dentro das instala\u00e7\u00f5es\u00a0<strong>dever\u00e1 identificar-se e indicar o motivo da visita<\/strong>. Ser\u00e1 feito o registo de entrada, facilitando um eventual rastreio epidemiol\u00f3gico.<\/li>\n<li>O calend\u00e1rio das tarefas administrativas mant\u00e9m-se.<\/li>\n<\/ul>\n<p style=\"text-align: justify;\">N\u00e3o h\u00e1 qualquer caso suspeito ou confirmado de infe\u00e7\u00e3o por coronavirus de qualquer aluno ou profissional do Col\u00e9gio de S\u00e3o Miguel.<\/p>\n<p style=\"text-align: justify;\">No entanto, refor\u00e7amos a necessidade da atitude adequada a tomar no caso de o seu educando ou familiar apresentar qualquer sintoma gripal (febre, tosse ou dificuldade respirat\u00f3ria):<\/p>\n<ul style=\"text-align: justify;\">\n<li>Proteja o seu educando, fazendo com que permane\u00e7a em casa at\u00e9 que se sinta saud\u00e1vel.<\/li>\n<li>Contacte de imediato o SNS24 atrav\u00e9s do 808 24 24 24.<\/li>\n<li><u>Alerte o Col\u00e9gio no caso de o seu educando ou algum familiar com contacto direto apresentar sintomas compat\u00edveis com COVID-19.<\/u>\u00a0Poder\u00e1 ser importante para identificar linhas de contamina\u00e7\u00e3o e impedir a propaga\u00e7\u00e3o do v\u00edrus.<\/li>\n<\/ul>\n<p style=\"text-align: justify;\">Este \u00e9 um momento critico da nossa Hist\u00f3ria que exige de todos n\u00f3s um comportamento adequado, respons\u00e1vel, como cidad\u00e3os\u00a0que\u00a0assumem a atitude certa para que, no fim, todos possamos ter a alegria de ficarmos melhores e mais capazes de construir um futuro melhor para todos.<\/p>\n<hr \/>\n<p><strong>\u00a0<\/strong><\/p>\n<p style=\"text-align: center;\"><a href=\"https:\/\/www.csmiguel.pt\/web\/covid19-2\/\">Comunicados Anteriores<\/a><\/p>\n[\/vc_column_text][\/vc_column][\/vc_row]\n","protected":false},"excerpt":{"rendered":"<p>[vc_row][vc_column][vc_column_text]<br \/>\nCOVID-19<br \/>\n[\/vc_column_text][\/vc_column][\/vc_row][vc_row][vc_column][vc_column_text]<br \/>\nPlano de Conting\u00eancia (em formato pdf)<br \/>\n[\/vc_column_text][vc_separator][\/vc_column][\/vc_row][vc_row][vc_column][vc_column_text]<br \/>\nCOMUNICADO<br \/>\nSuspens\u00e3o das atividades letivas presenciais<br \/>\n13 de mar\u00e7o de 2020<br \/>\n\u00a0<br \/>\nSUSPENS\u00c3O DAS ATIVIDADES LETIVAS PRESENCIAIS E CALEND\u00c1RIO ESCOLAR<\/p>\n<p>Face ao atual contexto de sa\u00fade p\u00fablica o Conselho de Ministros deliberou\u00a0a suspens\u00e3o das atividades letivas e n\u00e3o letivas\u00a0presenciais em todos os estabelecimentos\u00a0e em todos os graus de ensino a partir de segunda feira at\u00e9 \u00e0 interrup\u00e7\u00e3o letiva da P\u00e1scoa. No dia 9 de abril a situa\u00e7\u00f5es ser\u00e1 reavaliada;<br ...\n<\/p>\n","protected":false},"author":5,"featured_media":0,"parent":0,"menu_order":0,"comment_status":"closed","ping_status":"closed","template":"","meta":{"pgc_meta":"","_monsterinsights_skip_tracking":false,"_monsterinsights_sitenote_active":false,"_monsterinsights_sitenote_note":"","_monsterinsights_sitenote_category":0,"iawp_total_views":2,"footnotes":""},"class_list":["post-15255","page","type-page","status-publish","hentry"],"pgc_meta":"","_links":{"self":[{"href":"https:\/\/www.csmiguel.pt\/web\/wp-json\/wp\/v2\/pages\/15255"}],"collection":[{"href":"https:\/\/www.csmiguel.pt\/web\/wp-json\/wp\/v2\/pages"}],"about":[{"href":"https:\/\/www.csmiguel.pt\/web\/wp-json\/wp\/v2\/types\/page"}],"author":[{"embeddable":true,"href":"https:\/\/www.csmiguel.pt\/web\/wp-json\/wp\/v2\/users\/5"}],"replies":[{"embeddable":true,"href":"https:\/\/www.csmiguel.pt\/web\/wp-json\/wp\/v2\/comments?post=15255"}],"version-history":[{"count":13,"href":"https:\/\/www.csmiguel.pt\/web\/wp-json\/wp\/v2\/pages\/15255\/revisions"}],"predecessor-version":[{"id":15555,"href":"https:\/\/www.csmiguel.pt\/web\/wp-json\/wp\/v2\/pages\/15255\/revisions\/15555"}],"wp:attachment":[{"href":"https:\/\/www.csmiguel.pt\/web\/wp-json\/wp\/v2\/media?parent=15255"}],"curies":[{"name":"wp","href":"https:\/\/api.w.org\/{rel}","templated":true}]}}