{"id":14554,"date":"2019-10-16T09:26:22","date_gmt":"2019-10-16T09:26:22","guid":{"rendered":"http:\/\/www.csmiguel.pt\/web\/?page_id=14554"},"modified":"2019-10-16T09:38:09","modified_gmt":"2019-10-16T09:38:09","slug":"clubes-8o-ano","status":"publish","type":"page","link":"https:\/\/www.csmiguel.pt\/web\/shortcodes-karma-builder\/clubes-8o-ano\/","title":{"rendered":"Clubes &#8211; 8.\u00ba Ano"},"content":{"rendered":"[vc_row][vc_column]<div class=\"true-heading-wrap UemsUsFE tt_animate_none \"><h3>Clubes - 8.\u00ba Ano<\/h3><p>Hor\u00e1rio: das 12h30 \u00e0s 13h30 em dia a designar<\/p><\/div>[\/vc_column][\/vc_row][vc_row][vc_column width=&#8221;1\/2&#8243;]<div class=\"true-image-box-2 tt_animate_none box-1 QNJyTKmB\"><div class=\"true-img-wrap\"><\/div><div class=\"true-text-wrap\"><span class=\"icon-circ-wrap\"><i class=\"true-custom-icon fa fa fa-music\"><\/i><\/span><div class=\"callout-details-wrap\">\n<h2 style=\"text-align: center;\">Grupo Coral<\/h2>\n<p style=\"text-align: center;\"><strong>Prof.\u00aa L\u00eddia Pereira | Sala 514<\/strong><\/p>\n<p>Interpreta\u00e7\u00e3o de pe\u00e7as corais com o objetivo de participar nas atividades do col\u00e9gio.<\/p><\/div><\/div><a class=\"overlay-link\" href=\"#\" target=\"\" title=\"Orbit by TrueThemes\"><\/a><\/div>[\/vc_column][vc_column width=&#8221;1\/2&#8243;]<div class=\"true-image-box-2 tt_animate_none box-1 WsuNjREd\"><div class=\"true-img-wrap\"><\/div><div class=\"true-text-wrap\"><span class=\"icon-circ-wrap\"><i class=\"true-custom-icon fa fa fa-medkit\"><\/i><\/span><div class=\"callout-details-wrap\">\n<h2 style=\"text-align: center;\">Primeiros Socorros<\/h2>\n<p style=\"text-align: center;\"><strong>Prof.\u00aa M\u00f3nica Pereira | Sala 106<\/strong><\/p>\n<p>Sess\u00f5es te\u00f3ricas e pr\u00e1ticas sobre como atuar perante as mais diversas v\u00edtimas.<\/p><\/div><\/div><a class=\"overlay-link\" href=\"#\" target=\"\" title=\"Orbit by TrueThemes\"><\/a><\/div>[\/vc_column][\/vc_row][vc_row][vc_column][vc_empty_space height=&#8221;40px&#8221;][\/vc_column][\/vc_row][vc_row][vc_column width=&#8221;1\/2&#8243;]<div class=\"true-image-box-2 tt_animate_none box-1 dDNPXdJC\"><div class=\"true-img-wrap\"><\/div><div class=\"true-text-wrap\"><span class=\"icon-circ-wrap\"><i class=\"true-custom-icon fa entypo-icon entypo-icon-sound\"><\/i><\/span><div class=\"callout-details-wrap\">\n<h2 style=\"text-align: center;\">Artes em Palco<\/h2>\n<p style=\"text-align: center;\"><strong>Edu.\u00aa Teresa Neto | Biblioteca<\/strong><\/p>\n<p>Descobre a vertente art\u00edstica que h\u00e1 em ti!<\/p><\/div><\/div><a class=\"overlay-link\" href=\"#\" target=\"\" title=\"Orbit by TrueThemes\"><\/a><\/div>[\/vc_column][vc_column width=&#8221;1\/2&#8243;]<div class=\"true-image-box-2 tt_animate_none box-1 rhTEkHqk\"><div class=\"true-img-wrap\"><\/div><div class=\"true-text-wrap\"><span class=\"icon-circ-wrap\"><i class=\"true-custom-icon fa vc_li vc_li-music\"><\/i><\/span><div class=\"callout-details-wrap\">\n<h2 style=\"text-align: center;\">Guitarra<\/h2>\n<p style=\"text-align: center;\"><strong>Edu. Tiago Barbosa | Sala 603<\/strong><\/p>\n<p>Para todos os que tiverem guitarra e quiserem aprender ou aprofundar conhecimentos.<\/p><\/div><\/div><a class=\"overlay-link\" href=\"#\" target=\"\" title=\"Orbit by TrueThemes\"><\/a><\/div>[\/vc_column][\/vc_row][vc_row][vc_column][vc_empty_space height=&#8221;40px&#8221;][\/vc_column][\/vc_row][vc_row][vc_column width=&#8221;1\/2&#8243;]<div class=\"true-image-box-2 tt_animate_none box-1 mKEerGBW\"><div class=\"true-img-wrap\"><\/div><div class=\"true-text-wrap\"><span class=\"icon-circ-wrap\"><i class=\"true-custom-icon fa fa fa-circle-o\"><\/i><\/span><div class=\"callout-details-wrap\">\n<h2 style=\"text-align: center;\">Voleibol<\/h2>\n<p style=\"text-align: center;\"><strong>Prof.\u00aa Filipa Grave | Pavilh\u00e3o<\/strong><\/p>\n<p>O clube de Voleibol visa proporcionar aos alunos um treino na modalidade, aperfei\u00e7oamento dos movimentos t\u00e9cnicos e das a\u00e7\u00f5es ofensivas e defensivas e conhecer as regras de jogo.<\/p><\/div><\/div><a class=\"overlay-link\" href=\"#\" target=\"\" title=\"Orbit by TrueThemes\"><\/a><\/div>[\/vc_column][vc_column width=&#8221;1\/2&#8243;]<div class=\"true-image-box-2 tt_animate_none box-1 XxFSILeq\"><div class=\"true-img-wrap\"><\/div><div class=\"true-text-wrap\"><span class=\"icon-circ-wrap\"><i class=\"true-custom-icon fa fa fa-tint\"><\/i><\/span><div class=\"callout-details-wrap\">\n<h2 style=\"text-align: center;\">Nata\u00e7\u00e3o<\/h2>\n<p style=\"text-align: center;\"><strong>Prof. Pedro Santar\u00e9m<\/strong><\/p>\n<p>Treino de v\u00e1rias t\u00e9cnicas de nata\u00e7\u00e3o.<\/p>\n<p>(Sujeito a taxa de inscri\u00e7\u00e3o de 15\u20ac)<\/p><\/div><\/div><a class=\"overlay-link\" href=\"#\" target=\"\" title=\"Orbit by TrueThemes\"><\/a><\/div>[\/vc_column][\/vc_row][vc_row][vc_column][vc_empty_space height=&#8221;40px&#8221;][\/vc_column][\/vc_row][vc_row][vc_column width=&#8221;1\/2&#8243;]<div class=\"true-image-box-2 tt_animate_none box-1 owjyafsM\"><div class=\"true-img-wrap\"><\/div><div class=\"true-text-wrap\"><span class=\"icon-circ-wrap\"><i class=\"true-custom-icon fa fa fa-cutlery\"><\/i><\/span><div class=\"callout-details-wrap\">\n<h2 style=\"text-align: center;\">MasterChef<\/h2>\n<p style=\"text-align: center;\"><strong>Coz. Ant\u00f3nio Robalo | Refeit\u00f3rio<\/strong><\/p>\n<p>Vem aprimorar os teus dotes de culin\u00e1ria com o \u201cchef\u201d do teu col\u00e9gio.<\/p><\/div><\/div><a class=\"overlay-link\" href=\"#\" target=\"\" title=\"Orbit by TrueThemes\"><\/a><\/div>[\/vc_column][vc_column width=&#8221;1\/2&#8243;]<div class=\"true-image-box-2 tt_animate_none box-1 jxAltESl\"><div class=\"true-img-wrap\"><\/div><div class=\"true-text-wrap\"><span class=\"icon-circ-wrap\"><i class=\"true-custom-icon fa vc_li vc_li-music\"><\/i><\/span><div class=\"callout-details-wrap\">\n<h2 style=\"text-align: center;\">M\u00fasica<\/h2>\n<p style=\"text-align: center;\"><strong>Prof.\u00aa L\u00eddia Pereira | Sala 514<\/strong><\/p>\n<p>Interpreta\u00e7\u00e3o de pe\u00e7as musicais com o objetivo de participar nas atividades do col\u00e9gio.<br \/>\nOs destinat\u00e1rios s\u00e3o alunos com conhecimentos musicais e pr\u00e1tica instrumental.<\/p><\/div><\/div><a class=\"overlay-link\" href=\"#\" target=\"\" title=\"Orbit by TrueThemes\"><\/a><\/div>[\/vc_column][\/vc_row][vc_row][vc_column][vc_empty_space height=&#8221;40px&#8221;][\/vc_column][\/vc_row][vc_row][vc_column width=&#8221;1\/4&#8243;][\/vc_column][vc_column width=&#8221;1\/2&#8243;]<div class=\"true-image-box-2 tt_animate_none box-1 MKxpNgbW\"><div class=\"true-img-wrap\"><\/div><div class=\"true-text-wrap\"><span class=\"icon-circ-wrap\"><i class=\"true-custom-icon fa fa fa-futbol-o\"><\/i><\/span><div class=\"callout-details-wrap\">\n<h2 style=\"text-align: center;\">Multidesportos<\/h2>\n<p style=\"text-align: center;\"><strong>Prof. Rui Parreira | Campos<\/strong><\/p>\n<p>Gostas de v\u00e1rias modalidades desportivas? Vem jogar em equipa! Este \u00e9 o teu clube: futsal, andebol, t\u00e9nis de mesa, jogos tradicionais&#8230;<\/p><\/div><\/div><a class=\"overlay-link\" href=\"#\" target=\"\" title=\"Orbit by TrueThemes\"><\/a><\/div>[\/vc_column][vc_column width=&#8221;1\/4&#8243;][\/vc_column][\/vc_row][vc_row][vc_column][vc_empty_space height=&#8221;40px&#8221;][\/vc_column][\/vc_row][vc_row][vc_column]<div class=\"true-image-box-2 tt_animate_none box-1 acCkwQSo\"><div class=\"true-img-wrap\"><\/div><div class=\"true-text-wrap\"><span class=\"icon-circ-wrap\"><i class=\"true-custom-icon fa vc-oi vc-oi-info\"><\/i><\/span><div class=\"callout-details-wrap\">\n<p style=\"text-align: center;\"><strong>\u00a0<\/strong><\/p>\n<p style=\"text-align: center;\"><strong>Notas:<\/strong><\/p>\n<p>\u2013 A inscri\u00e7\u00e3o nos clubes \u00e9 realizada junto do respetivo professor, na primeira semana de aulas no hor\u00e1rio destinado aos clubes.<br \/>\n\u2013 \u00c9 exce\u00e7\u00e3o o Grupo Coral e o Clube de M\u00fasica em que a inscri\u00e7\u00e3o \u00e9 realizada na 4.\u00aa feira, dia 18 de setembro, \u00e0s 12h30 na sala 514. Os clubes funcionar\u00e3o \u00e0s 12h30 em dia a designar.<br \/>\n\u2013 Qualquer esclarecimento tamb\u00e9m dever\u00e1 ser solicitado ao professor respons\u00e1vel.<br \/>\n\u2013 O funcionamento dos clubes est\u00e1 condicionado a um n\u00famero m\u00ednimo de participantes e a sua frequ\u00eancia \u00e9 gratuita. \u00c9 exce\u00e7\u00e3o o clube de Nata\u00e7\u00e3o que ter\u00e1 uma mensalidade de 10,00\u20ac.<br \/>\n\u2013 A frequ\u00eancia de um clube em que o aluno se inscreveu \u00e9 obrigat\u00f3ria e n\u00e3o pass\u00edvel de desist\u00eancias ou permutas sem o consentimento do coordenador de ciclo.<\/p><\/div><\/div><a class=\"overlay-link\" href=\"#\" target=\"\" title=\"Orbit by TrueThemes\"><\/a><\/div>[\/vc_column][\/vc_row]\n","protected":false},"excerpt":{"rendered":"<p>[vc_row][vc_column][\/vc_column][\/vc_row][vc_row][vc_column width=&#8221;1\/2&#8243;][\/vc_column][vc_column width=&#8221;1\/2&#8243;][\/vc_column][\/vc_row][vc_row][vc_column][vc_empty_space height=&#8221;40px&#8221;][\/vc_column][\/vc_row][vc_row][vc_column width=&#8221;1\/2&#8243;][\/vc_column][vc_column width=&#8221;1\/2&#8243;][\/vc_column][\/vc_row][vc_row][vc_column][vc_empty_space height=&#8221;40px&#8221;][\/vc_column][\/vc_row][vc_row][vc_column width=&#8221;1\/2&#8243;][\/vc_column][vc_column width=&#8221;1\/2&#8243;][\/vc_column][\/vc_row][vc_row][vc_column][vc_empty_space height=&#8221;40px&#8221;][\/vc_column][\/vc_row][vc_row][vc_column width=&#8221;1\/2&#8243;][\/vc_column][vc_column width=&#8221;1\/2&#8243;][\/vc_column][\/vc_row][vc_row][vc_column][vc_empty_space height=&#8221;40px&#8221;][\/vc_column][\/vc_row][vc_row][vc_column width=&#8221;1\/4&#8243;][\/vc_column][vc_column width=&#8221;1\/2&#8243;][\/vc_column][vc_column width=&#8221;1\/4&#8243;][\/vc_column][\/vc_row][vc_row][vc_column][vc_empty_space height=&#8221;40px&#8221;][\/vc_column][\/vc_row][vc_row][vc_column][\/vc_column][\/vc_row]<\/p>\n","protected":false},"author":1,"featured_media":0,"parent":10122,"menu_order":0,"comment_status":"closed","ping_status":"closed","template":"template-blank-canvas.php","meta":{"pgc_meta":"","_monsterinsights_skip_tracking":false,"_monsterinsights_sitenote_active":false,"_monsterinsights_sitenote_note":"","_monsterinsights_sitenote_category":0,"iawp_total_views":44,"footnotes":""},"class_list":["post-14554","page","type-page","status-publish","hentry"],"pgc_meta":"","_links":{"self":[{"href":"https:\/\/www.csmiguel.pt\/web\/wp-json\/wp\/v2\/pages\/14554"}],"collection":[{"href":"https:\/\/www.csmiguel.pt\/web\/wp-json\/wp\/v2\/pages"}],"about":[{"href":"https:\/\/www.csmiguel.pt\/web\/wp-json\/wp\/v2\/types\/page"}],"author":[{"embeddable":true,"href":"https:\/\/www.csmiguel.pt\/web\/wp-json\/wp\/v2\/users\/1"}],"replies":[{"embeddable":true,"href":"https:\/\/www.csmiguel.pt\/web\/wp-json\/wp\/v2\/comments?post=14554"}],"version-history":[{"count":3,"href":"https:\/\/www.csmiguel.pt\/web\/wp-json\/wp\/v2\/pages\/14554\/revisions"}],"predecessor-version":[{"id":14561,"href":"https:\/\/www.csmiguel.pt\/web\/wp-json\/wp\/v2\/pages\/14554\/revisions\/14561"}],"up":[{"embeddable":true,"href":"https:\/\/www.csmiguel.pt\/web\/wp-json\/wp\/v2\/pages\/10122"}],"wp:attachment":[{"href":"https:\/\/www.csmiguel.pt\/web\/wp-json\/wp\/v2\/media?parent=14554"}],"curies":[{"name":"wp","href":"https:\/\/api.w.org\/{rel}","templated":true}]}}