{"id":14543,"date":"2019-10-16T03:11:41","date_gmt":"2019-10-16T03:11:41","guid":{"rendered":"http:\/\/www.csmiguel.pt\/web\/?page_id=14543"},"modified":"2019-10-16T03:16:30","modified_gmt":"2019-10-16T03:16:30","slug":"clubes-6o-ano","status":"publish","type":"page","link":"https:\/\/www.csmiguel.pt\/web\/shortcodes-karma-builder\/clubes-6o-ano\/","title":{"rendered":"Clubes &#8211; 6.\u00ba Ano"},"content":{"rendered":"[vc_row][vc_column]<div class=\"true-heading-wrap eawiEJEq tt_animate_none \"><h3>Clubes - 6.\u00ba Ano<\/h3><p>Hor\u00e1rio: ter\u00e7a-feira, das 16h30 \u00e0s 17h30<\/p><\/div>[\/vc_column][\/vc_row][vc_row][vc_column width=&#8221;1\/2&#8243;]<div class=\"true-image-box-2 tt_animate_none box-1 hxueXSXO\"><div class=\"true-img-wrap\"><\/div><div class=\"true-text-wrap\"><span class=\"icon-circ-wrap\"><i class=\"true-custom-icon fa fa fa-music\"><\/i><\/span><div class=\"callout-details-wrap\">\n<h2 style=\"text-align: center;\">Grupo Coral<\/h2>\n<p style=\"text-align: center;\"><strong>Prof.\u00aa L\u00eddia Pereira<\/strong><\/p>\n<p>Interpreta\u00e7\u00e3o de pe\u00e7as corais com o objetivo de participar nas atividades do col\u00e9gio.<\/p><\/div><\/div><a class=\"overlay-link\" href=\"#\" target=\"\" title=\"Orbit by TrueThemes\"><\/a><\/div>[\/vc_column][vc_column width=&#8221;1\/2&#8243;]<div class=\"true-image-box-2 tt_animate_none box-1 YAOIXsBl\"><div class=\"true-img-wrap\"><\/div><div class=\"true-text-wrap\"><span class=\"icon-circ-wrap\"><i class=\"true-custom-icon fa fa fa-comments\"><\/i><\/span><div class=\"callout-details-wrap\">\n<h2 style=\"text-align: center;\">Pr\u00f3s e Contras<\/h2>\n<p style=\"text-align: center;\"><strong>Prof.\u00aa Carla Faria<\/strong><\/p>\n<p>Debates sobre v\u00e1rios temas da atualidade.<\/p><\/div><\/div><a class=\"overlay-link\" href=\"#\" target=\"\" title=\"Orbit by TrueThemes\"><\/a><\/div>[\/vc_column][\/vc_row][vc_row][vc_column][vc_empty_space height=&#8221;40px&#8221;][\/vc_column][\/vc_row][vc_row][vc_column width=&#8221;1\/2&#8243;]<div class=\"true-image-box-2 tt_animate_none box-1 xyUgzXjf\"><div class=\"true-img-wrap\"><\/div><div class=\"true-text-wrap\"><span class=\"icon-circ-wrap\"><i class=\"true-custom-icon fa fa fa-globe\"><\/i><\/span><div class=\"callout-details-wrap\">\n<h2 style=\"text-align: center;\">Raizes<\/h2>\n<p style=\"text-align: center;\"><strong>Prof.\u00aa Concei\u00e7\u00e3o Primitivo<\/strong><\/p>\n<p>Vem descobrir o teu pa\u00eds e a Europa num mundo em constante mudan\u00e7a.<\/p><\/div><\/div><a class=\"overlay-link\" href=\"#\" target=\"\" title=\"Orbit by TrueThemes\"><\/a><\/div>[\/vc_column][vc_column width=&#8221;1\/2&#8243;]<div class=\"true-image-box-2 tt_animate_none box-1 GMZcscWz\"><div class=\"true-img-wrap\"><\/div><div class=\"true-text-wrap\"><span class=\"icon-circ-wrap\"><i class=\"true-custom-icon fa fa fa-crosshairs\"><\/i><\/span><div class=\"callout-details-wrap\">\n<h2 style=\"text-align: center;\">Chess &amp; Company<\/h2>\n<p style=\"text-align: center;\"><strong>Prof.\u00aa S\u00edlvia Gomes e Prof. Ant\u00f3nio Bra\u00e7ais<\/strong><\/p>\n<p>Atrav\u00e9s de jogos de estrat\u00e9gia, desafia e promove as tuas capacidades.<\/p><\/div><\/div><a class=\"overlay-link\" href=\"#\" target=\"\" title=\"Orbit by TrueThemes\"><\/a><\/div>[\/vc_column][\/vc_row][vc_row][vc_column][vc_empty_space height=&#8221;40px&#8221;][\/vc_column][\/vc_row][vc_row][vc_column width=&#8221;1\/2&#8243;]<div class=\"true-image-box-2 tt_animate_none box-1 NLbAzuOm\"><div class=\"true-img-wrap\"><\/div><div class=\"true-text-wrap\"><span class=\"icon-circ-wrap\"><i class=\"true-custom-icon fa entypo-icon entypo-icon-sound\"><\/i><\/span><div class=\"callout-details-wrap\">\n<h2 style=\"text-align: center;\">Artes em Palco<\/h2>\n<p style=\"text-align: center;\"><strong>Edu.\u00aa Teresa Neto | Biblioteca<\/strong><\/p>\n<p>Descobre a vertente art\u00edstica que h\u00e1 em ti!<\/p><\/div><\/div><a class=\"overlay-link\" href=\"#\" target=\"\" title=\"Orbit by TrueThemes\"><\/a><\/div>[\/vc_column][vc_column width=&#8221;1\/2&#8243;]<div class=\"true-image-box-2 tt_animate_none box-1 sKTOBotk\"><div class=\"true-img-wrap\"><\/div><div class=\"true-text-wrap\"><span class=\"icon-circ-wrap\"><i class=\"true-custom-icon fa vc_li vc_li-music\"><\/i><\/span><div class=\"callout-details-wrap\">\n<h2 style=\"text-align: center;\">Guitarra<\/h2>\n<p style=\"text-align: center;\"><strong>Edu. Tiago Barbosa<\/strong><\/p>\n<p>Para todos os que tiverem guitarra e quiserem aprender ou aprofundar conhecimentos.<\/p><\/div><\/div><a class=\"overlay-link\" href=\"#\" target=\"\" title=\"Orbit by TrueThemes\"><\/a><\/div>[\/vc_column][\/vc_row][vc_row][vc_column][vc_empty_space height=&#8221;40px&#8221;][\/vc_column][\/vc_row][vc_row][vc_column width=&#8221;1\/2&#8243;]<div class=\"true-image-box-2 tt_animate_none box-1 dfFZLkgp\"><div class=\"true-img-wrap\"><\/div><div class=\"true-text-wrap\"><span class=\"icon-circ-wrap\"><i class=\"true-custom-icon fa fa fa-circle-o\"><\/i><\/span><div class=\"callout-details-wrap\">\n<h2 style=\"text-align: center;\">Basquetebol<\/h2>\n<p style=\"text-align: center;\"><strong>Prof. Silv\u00e9rio Silva | Campos<\/strong><\/p>\n<p>O clube visa aperfei\u00e7oar os movimentos e gestos espec\u00edficos da modalidade.<\/p><\/div><\/div><a class=\"overlay-link\" href=\"#\" target=\"\" title=\"Orbit by TrueThemes\"><\/a><\/div>[\/vc_column][vc_column width=&#8221;1\/2&#8243;]<div class=\"true-image-box-2 tt_animate_none box-1 PrTZngya\"><div class=\"true-img-wrap\"><\/div><div class=\"true-text-wrap\"><span class=\"icon-circ-wrap\"><i class=\"true-custom-icon fa fa fa-tint\"><\/i><\/span><div class=\"callout-details-wrap\">\n<h2 style=\"text-align: center;\">Nata\u00e7\u00e3o<\/h2>\n<p style=\"text-align: center;\"><strong>Prof.\u00aa Filipa Grave<\/strong><\/p>\n<p>Treino de v\u00e1rias t\u00e9cnicas de nata\u00e7\u00e3o.<\/p>\n<p>(Sujeito a taxa de inscri\u00e7\u00e3o de 15\u20ac)<\/p><\/div><\/div><a class=\"overlay-link\" href=\"#\" target=\"\" title=\"Orbit by TrueThemes\"><\/a><\/div>[\/vc_column][\/vc_row][vc_row][vc_column][vc_empty_space height=&#8221;40px&#8221;][\/vc_column][\/vc_row][vc_row][vc_column width=&#8221;1\/2&#8243;]<div class=\"true-image-box-2 tt_animate_none box-1 cuaxHFFP\"><div class=\"true-img-wrap\"><\/div><div class=\"true-text-wrap\"><span class=\"icon-circ-wrap\"><i class=\"true-custom-icon fa fa fa-cutlery\"><\/i><\/span><div class=\"callout-details-wrap\">\n<h2 style=\"text-align: center;\">MasterChef<\/h2>\n<p style=\"text-align: center;\"><strong>Coz. Ant\u00f3nio Robalo | Refeit\u00f3rio<\/strong><\/p>\n<p>Vem aprimorar os teus dotes de culin\u00e1ria com o \u201cchef\u201d do teu col\u00e9gio.<\/p><\/div><\/div><a class=\"overlay-link\" href=\"#\" target=\"\" title=\"Orbit by TrueThemes\"><\/a><\/div>[\/vc_column][vc_column width=&#8221;1\/2&#8243;]<div class=\"true-image-box-2 tt_animate_none box-1 hGismPuw\"><div class=\"true-img-wrap\"><\/div><div class=\"true-text-wrap\"><span class=\"icon-circ-wrap\"><i class=\"true-custom-icon fa vc_li vc_li-music\"><\/i><\/span><div class=\"callout-details-wrap\">\n<h2 style=\"text-align: center;\">Dan\u00e7a Hip Hop<\/h2>\n<p style=\"text-align: center;\"><strong>Prof. Ab\u00edlio Martins | Pavilh\u00e3o<\/strong><\/p>\n<p>Vem divertir-te ao ritmo das dan\u00e7as urbanas.<\/p><\/div><\/div><a class=\"overlay-link\" href=\"#\" target=\"\" title=\"Orbit by TrueThemes\"><\/a><\/div>[\/vc_column][\/vc_row][vc_row][vc_column][vc_empty_space height=&#8221;40px&#8221;][\/vc_column][\/vc_row][vc_row][vc_column width=&#8221;1\/4&#8243;][\/vc_column][vc_column width=&#8221;1\/2&#8243;]<div class=\"true-image-box-2 tt_animate_none box-1 MKCXBifF\"><div class=\"true-img-wrap\"><\/div><div class=\"true-text-wrap\"><span class=\"icon-circ-wrap\"><i class=\"true-custom-icon fa fa fa-paint-brush\"><\/i><\/span><div class=\"callout-details-wrap\">\n<h2 style=\"text-align: center;\">Oficina de Artes e Multim\u00e9dia<\/h2>\n<p style=\"text-align: center;\"><strong>Prof.\u00aa Susana Almeida<\/strong><\/p>\n<p>Junta-te a n\u00f3s nesta viagem pelo mundo da Arte e do Multim\u00e9dia!<\/p><\/div><\/div><a class=\"overlay-link\" href=\"#\" target=\"\" title=\"Orbit by TrueThemes\"><\/a><\/div>[\/vc_column][vc_column width=&#8221;1\/4&#8243;][\/vc_column][\/vc_row][vc_row][vc_column][vc_empty_space height=&#8221;40px&#8221;][\/vc_column][\/vc_row][vc_row][vc_column]<div class=\"true-image-box-2 tt_animate_none box-1 fxKXUDIT\"><div class=\"true-img-wrap\"><\/div><div class=\"true-text-wrap\"><span class=\"icon-circ-wrap\"><i class=\"true-custom-icon fa vc-oi vc-oi-info\"><\/i><\/span><div class=\"callout-details-wrap\">\n<p style=\"text-align: center;\"><strong>\u00a0<\/strong><\/p>\n<p style=\"text-align: center;\"><strong>Notas:<\/strong><\/p>\n<p>\u2013 A inscri\u00e7\u00e3o nos clubes \u00e9 realizada junto do respetivo professor na primeira semana de aulas, na 3.\u00aa feira \u00e0s 16h30 na sala indicada.<br \/>\n\u2013 \u00c9 exce\u00e7\u00e3o o Grupo Coral em que a inscri\u00e7\u00e3o \u00e9 realizada na 4.\u00aa feira, dia 18 de setembro, \u00e0s 12h30 na sala 514. O clube funcionar\u00e1 \u00e0s 12h30 em dia a designar.<br \/>\n\u2013 Qualquer esclarecimento tamb\u00e9m dever\u00e1 ser solicitado ao professor respons\u00e1vel.<br \/>\n\u2013 O funcionamento dos clubes est\u00e1 condicionado a um n\u00famero m\u00ednimo de participantes e a sua frequ\u00eancia \u00e9 gratuita. \u00c9 exce\u00e7\u00e3o o clube de Nata\u00e7\u00e3o que ter\u00e1 uma taxa de inscri\u00e7\u00e3o no montante de 15\u20ac.<br \/>\n\u2013 A frequ\u00eancia de um clube em que o aluno se inscreveu \u00e9 obrigat\u00f3ria e n\u00e3o pass\u00edvel de desist\u00eancias ou permutas sem o consentimento do coordenador de ciclo.<\/p><\/div><\/div><a class=\"overlay-link\" href=\"#\" target=\"\" title=\"Orbit by TrueThemes\"><\/a><\/div>[\/vc_column][\/vc_row]\n","protected":false},"excerpt":{"rendered":"<p>[vc_row][vc_column][\/vc_column][\/vc_row][vc_row][vc_column width=&#8221;1\/2&#8243;][\/vc_column][vc_column width=&#8221;1\/2&#8243;][\/vc_column][\/vc_row][vc_row][vc_column][vc_empty_space height=&#8221;40px&#8221;][\/vc_column][\/vc_row][vc_row][vc_column width=&#8221;1\/2&#8243;][\/vc_column][vc_column width=&#8221;1\/2&#8243;][\/vc_column][\/vc_row][vc_row][vc_column][vc_empty_space height=&#8221;40px&#8221;][\/vc_column][\/vc_row][vc_row][vc_column width=&#8221;1\/2&#8243;][\/vc_column][vc_column width=&#8221;1\/2&#8243;][\/vc_column][\/vc_row][vc_row][vc_column][vc_empty_space height=&#8221;40px&#8221;][\/vc_column][\/vc_row][vc_row][vc_column width=&#8221;1\/2&#8243;][\/vc_column][vc_column width=&#8221;1\/2&#8243;][\/vc_column][\/vc_row][vc_row][vc_column][vc_empty_space height=&#8221;40px&#8221;][\/vc_column][\/vc_row][vc_row][vc_column width=&#8221;1\/2&#8243;][\/vc_column][vc_column width=&#8221;1\/2&#8243;][\/vc_column][\/vc_row][vc_row][vc_column][vc_empty_space height=&#8221;40px&#8221;][\/vc_column][\/vc_row][vc_row][vc_column width=&#8221;1\/4&#8243;][\/vc_column][vc_column width=&#8221;1\/2&#8243;][\/vc_column][vc_column width=&#8221;1\/4&#8243;][\/vc_column][\/vc_row][vc_row][vc_column][vc_empty_space height=&#8221;40px&#8221;][\/vc_column][\/vc_row][vc_row][vc_column][\/vc_column][\/vc_row]<\/p>\n","protected":false},"author":1,"featured_media":0,"parent":10122,"menu_order":0,"comment_status":"closed","ping_status":"closed","template":"template-blank-canvas.php","meta":{"pgc_meta":"","_monsterinsights_skip_tracking":false,"_monsterinsights_sitenote_active":false,"_monsterinsights_sitenote_note":"","_monsterinsights_sitenote_category":0,"iawp_total_views":7,"footnotes":""},"class_list":["post-14543","page","type-page","status-publish","hentry"],"pgc_meta":"","_links":{"self":[{"href":"https:\/\/www.csmiguel.pt\/web\/wp-json\/wp\/v2\/pages\/14543"}],"collection":[{"href":"https:\/\/www.csmiguel.pt\/web\/wp-json\/wp\/v2\/pages"}],"about":[{"href":"https:\/\/www.csmiguel.pt\/web\/wp-json\/wp\/v2\/types\/page"}],"author":[{"embeddable":true,"href":"https:\/\/www.csmiguel.pt\/web\/wp-json\/wp\/v2\/users\/1"}],"replies":[{"embeddable":true,"href":"https:\/\/www.csmiguel.pt\/web\/wp-json\/wp\/v2\/comments?post=14543"}],"version-history":[{"count":2,"href":"https:\/\/www.csmiguel.pt\/web\/wp-json\/wp\/v2\/pages\/14543\/revisions"}],"predecessor-version":[{"id":14547,"href":"https:\/\/www.csmiguel.pt\/web\/wp-json\/wp\/v2\/pages\/14543\/revisions\/14547"}],"up":[{"embeddable":true,"href":"https:\/\/www.csmiguel.pt\/web\/wp-json\/wp\/v2\/pages\/10122"}],"wp:attachment":[{"href":"https:\/\/www.csmiguel.pt\/web\/wp-json\/wp\/v2\/media?parent=14543"}],"curies":[{"name":"wp","href":"https:\/\/api.w.org\/{rel}","templated":true}]}}