{"id":13993,"date":"2019-03-07T12:20:52","date_gmt":"2019-03-07T12:20:52","guid":{"rendered":"http:\/\/www.csmiguel.pt\/web\/?page_id=13993"},"modified":"2019-03-20T18:50:58","modified_gmt":"2019-03-20T18:50:58","slug":"semana-cultural-2019","status":"publish","type":"page","link":"https:\/\/www.csmiguel.pt\/web\/semana-cultural-2019\/","title":{"rendered":"Semana Cultural 2019"},"content":{"rendered":"[vc_row][vc_column]<div class=\"true-icon-box tt_animate_none  GIUXqORh\"> \n<h3>Semana Cultural 2019<\/h3>\n<\/div>[\/vc_column][\/vc_row][vc_row][vc_column width=&#8221;1\/2&#8243;][vc_column_text]<a href=\"https:\/\/csmiguel.pt\/web\/wp-content\/uploads\/2019\/03\/SEMANACULTURAL_CARTAZ_GERAL.png\"><img fetchpriority=\"high\" decoding=\"async\" class=\"aligncenter size-full wp-image-14003\" src=\"https:\/\/csmiguel.pt\/web\/wp-content\/uploads\/2019\/03\/SEMANACULTURAL_CARTAZ_GERAL.png\" alt=\"\" width=\"1600\" height=\"2263\" srcset=\"https:\/\/www.csmiguel.pt\/web\/wp-content\/uploads\/2019\/03\/SEMANACULTURAL_CARTAZ_GERAL.png 1600w, https:\/\/www.csmiguel.pt\/web\/wp-content\/uploads\/2019\/03\/SEMANACULTURAL_CARTAZ_GERAL-212x300.png 212w, https:\/\/www.csmiguel.pt\/web\/wp-content\/uploads\/2019\/03\/SEMANACULTURAL_CARTAZ_GERAL-768x1086.png 768w, https:\/\/www.csmiguel.pt\/web\/wp-content\/uploads\/2019\/03\/SEMANACULTURAL_CARTAZ_GERAL-724x1024.png 724w\" sizes=\"(max-width: 1600px) 100vw, 1600px\" \/><\/a>[\/vc_column_text][\/vc_column][vc_column width=&#8221;1\/2&#8243;][vc_column_text]\n<p style=\"text-align: justify;\">Cinco dias e mais de 50 atividades de cultura diversificada ser\u00e3o, certamente, um intenso apelo a todos os sentidos dos que participarem na Semana Cultural do Col\u00e9gio de S\u00e3o Miguel, entre os dias 1 e 5 de abril de 2019.<\/p>\n<p style=\"text-align: justify;\">A sess\u00e3o solene de abertura contar\u00e1 com a presen\u00e7a do Secret\u00e1rio de Estado da Educa\u00e7\u00e3o, Dr. Jo\u00e3o Costa, e do Presidente da C\u00e2mara Municipal de Our\u00e9m, Dr. Lu\u00eds Albuquerque; nos restantes dias, teremos toda a comunidade educativa comprometida numa semana que contar\u00e1 com momentos desportivos, reflexivos, musicais, cient\u00edficos, ambientais, liter\u00e1rios, art\u00edsticos que ir\u00e3o contribuir para aquilo que consideramos essencial e pelo qual lutamos todos os dias: o desenvolvimento integral dos nossos alunos nas suas m\u00faltiplas dimens\u00f5es.<\/p>\n<p style=\"text-align: justify;\">As portas estar\u00e3o tamb\u00e9m abertas \u00e0 comunidade envolvente e teremos o maior gosto em receber encarregados de educa\u00e7\u00e3o, alunos de outras escolas e outros agentes que desejem conhecer um pouco mais desta comunidade educativa cujo projeto educativo procura garantir a verdadeira liberdade individual e solidez que permita, a todos, encarar o futuro com confian\u00e7a.<\/p>\n<p style=\"text-align: justify;\">Um agradecimento sincero a todos os que v\u00e3o tornar esta semana uma realidade e um sorriso para aqueles que nos presentearem com a sua visita!<\/p>\n<p style=\"text-align: justify;\">Uma excelente Semana Cultural 2019!<\/p>\n[\/vc_column_text][\/vc_column][\/vc_row][vc_row][vc_column]<div class=\"true-icon-box tt_animate_none  yQNBadUY\"><span class=\"fa-stack fa-3x\"><i class=\"fa fa-circle fa-stack-2x\"><\/i><i class=\"fa fa fa-calendar fa-stack-1x fa-inverse\"><\/i><\/span>\n<h3>Programa<\/h3>\n<\/div>[\/vc_column][\/vc_row][vc_row][vc_column width=&#8221;1\/2&#8243;]<dl class=\"true-accordion  AqCZpUOk tt_animate_none\"><dt>Segunda-feira, 01\/04\/2019<\/dt><dd><a href=\"https:\/\/csmiguel.pt\/web\/wp-content\/uploads\/2019\/03\/semana-cultural-1.png\"><img decoding=\"async\" class=\"aligncenter size-full wp-image-13994\" src=\"https:\/\/csmiguel.pt\/web\/wp-content\/uploads\/2019\/03\/semana-cultural-1.png\" alt=\"\" width=\"2068\" height=\"4906\" srcset=\"https:\/\/www.csmiguel.pt\/web\/wp-content\/uploads\/2019\/03\/semana-cultural-1.png 2068w, https:\/\/www.csmiguel.pt\/web\/wp-content\/uploads\/2019\/03\/semana-cultural-1-126x300.png 126w, https:\/\/www.csmiguel.pt\/web\/wp-content\/uploads\/2019\/03\/semana-cultural-1-768x1822.png 768w, https:\/\/www.csmiguel.pt\/web\/wp-content\/uploads\/2019\/03\/semana-cultural-1-432x1024.png 432w\" sizes=\"(max-width: 2068px) 100vw, 2068px\" \/><\/a><\/dd><\/dl><dl class=\"true-accordion  BSGCDzJO tt_animate_none\"><dt>Ter\u00e7a-feira, 02\/04\/2019<\/dt><dd><a href=\"https:\/\/csmiguel.pt\/web\/wp-content\/uploads\/2019\/03\/semana-cultural-2.png\"><img decoding=\"async\" class=\"aligncenter size-full wp-image-14008\" src=\"https:\/\/csmiguel.pt\/web\/wp-content\/uploads\/2019\/03\/semana-cultural-2.png\" alt=\"\" width=\"2068\" height=\"3615\" srcset=\"https:\/\/www.csmiguel.pt\/web\/wp-content\/uploads\/2019\/03\/semana-cultural-2.png 2068w, https:\/\/www.csmiguel.pt\/web\/wp-content\/uploads\/2019\/03\/semana-cultural-2-172x300.png 172w, https:\/\/www.csmiguel.pt\/web\/wp-content\/uploads\/2019\/03\/semana-cultural-2-768x1343.png 768w, https:\/\/www.csmiguel.pt\/web\/wp-content\/uploads\/2019\/03\/semana-cultural-2-586x1024.png 586w\" sizes=\"(max-width: 2068px) 100vw, 2068px\" \/><\/a><\/dd><\/dl><dl class=\"true-accordion  lmzdUran tt_animate_none\"><dt>Quarta-feira, 03\/04\/2019<\/dt><dd><a href=\"https:\/\/csmiguel.pt\/web\/wp-content\/uploads\/2019\/03\/semana-cultural-3.png\"><img loading=\"lazy\" decoding=\"async\" class=\"aligncenter size-full wp-image-14011\" src=\"https:\/\/csmiguel.pt\/web\/wp-content\/uploads\/2019\/03\/semana-cultural-3.png\" alt=\"\" width=\"2068\" height=\"3580\" srcset=\"https:\/\/www.csmiguel.pt\/web\/wp-content\/uploads\/2019\/03\/semana-cultural-3.png 2068w, https:\/\/www.csmiguel.pt\/web\/wp-content\/uploads\/2019\/03\/semana-cultural-3-173x300.png 173w, https:\/\/www.csmiguel.pt\/web\/wp-content\/uploads\/2019\/03\/semana-cultural-3-768x1330.png 768w, https:\/\/www.csmiguel.pt\/web\/wp-content\/uploads\/2019\/03\/semana-cultural-3-592x1024.png 592w\" sizes=\"(max-width: 2068px) 100vw, 2068px\" \/><\/a><\/dd><\/dl>[\/vc_column][vc_column width=&#8221;1\/2&#8243;]<dl class=\"true-accordion  dHfcHdwf tt_animate_none\"><dt>Quinta-feira, 04\/04\/2019<\/dt><dd><a href=\"https:\/\/csmiguel.pt\/web\/wp-content\/uploads\/2019\/03\/semana-cultural-4.png\"><img loading=\"lazy\" decoding=\"async\" class=\"aligncenter size-full wp-image-14012\" src=\"https:\/\/csmiguel.pt\/web\/wp-content\/uploads\/2019\/03\/semana-cultural-4.png\" alt=\"\" width=\"2068\" height=\"3498\" srcset=\"https:\/\/www.csmiguel.pt\/web\/wp-content\/uploads\/2019\/03\/semana-cultural-4.png 2068w, https:\/\/www.csmiguel.pt\/web\/wp-content\/uploads\/2019\/03\/semana-cultural-4-177x300.png 177w, https:\/\/www.csmiguel.pt\/web\/wp-content\/uploads\/2019\/03\/semana-cultural-4-768x1299.png 768w, https:\/\/www.csmiguel.pt\/web\/wp-content\/uploads\/2019\/03\/semana-cultural-4-605x1024.png 605w\" sizes=\"(max-width: 2068px) 100vw, 2068px\" \/><\/a><\/dd><\/dl><dl class=\"true-accordion  XFinfIdK tt_animate_none\"><dt>Sexta-feira, 05\/04\/2019<\/dt><dd><a href=\"https:\/\/csmiguel.pt\/web\/wp-content\/uploads\/2019\/03\/semana-cultural-5.png\"><img loading=\"lazy\" decoding=\"async\" class=\"aligncenter size-full wp-image-14013\" src=\"https:\/\/csmiguel.pt\/web\/wp-content\/uploads\/2019\/03\/semana-cultural-5.png\" alt=\"\" width=\"2068\" height=\"2904\" srcset=\"https:\/\/www.csmiguel.pt\/web\/wp-content\/uploads\/2019\/03\/semana-cultural-5.png 2068w, https:\/\/www.csmiguel.pt\/web\/wp-content\/uploads\/2019\/03\/semana-cultural-5-214x300.png 214w, https:\/\/www.csmiguel.pt\/web\/wp-content\/uploads\/2019\/03\/semana-cultural-5-768x1078.png 768w, https:\/\/www.csmiguel.pt\/web\/wp-content\/uploads\/2019\/03\/semana-cultural-5-729x1024.png 729w\" sizes=\"(max-width: 2068px) 100vw, 2068px\" \/><\/a><\/dd><\/dl>[\/vc_column][\/vc_row][vc_row][vc_column][vc_column_text]\n<p style=\"text-align: justify;\">O Col\u00e9gio de S\u00e3o Miguel ir\u00e1 promover, durante a Semana Cultural, uma s\u00e9rie de wokshops, no \u00e2mbito da sua oferta educativa, para todos aqueles que, n\u00e3o estudando na nossa escola, nos quiserem visitar.<\/p>\n<p style=\"text-align: justify;\">Assim, no dia 2 de abril, entre as 15h30 e as 17h30, as nossas portas estar\u00e3o abertas a alunos, encarregados de educa\u00e7\u00e3o e outras pessoas interessadas para que possam ter experi\u00eancias diversificadas relativamente ao que se faz nos diferentes cursos da nossa escola.<\/p>\n<p style=\"text-align: justify;\">Vem conhecer-nos! Inscreve-te aqui:<\/p>\n<p style=\"text-align: justify;\"><a href=\"https:\/\/docs.google.com\/forms\/d\/e\/1FAIpQLSd8dusVtfe3UaIONkdQ1gSI3iVFCEB0QniCmPmd1OATRh3y2g\/viewform?vc=0&amp;c=0&amp;w=1\u00e9lia\">https:\/\/docs.google.com\/forms\/d\/e\/1FAIpQLSd8dusVtfe3UaIONkdQ1gSI3iVFCEB0QniCmPmd1OATRh3y2g\/viewform?vc=0&amp;c=0&amp;w=1\u00e9lia<\/a><\/p>\n[\/vc_column_text][\/vc_column][\/vc_row]\n","protected":false},"excerpt":{"rendered":"<p>[vc_row][vc_column][\/vc_column][\/vc_row][vc_row][vc_column width=&#8221;1\/2&#8243;][vc_column_text][\/vc_column_text][\/vc_column][vc_column width=&#8221;1\/2&#8243;][vc_column_text]<br \/>\nCinco dias e mais de 50 atividades de cultura diversificada ser\u00e3o, certamente, um intenso apelo a todos os sentidos dos que participarem na Semana Cultural do Col\u00e9gio de S\u00e3o Miguel, entre os dias 1 e 5 de abril de 2019.<br \/>\nA sess\u00e3o solene de abertura contar\u00e1 com a presen\u00e7a do Secret\u00e1rio de Estado da Educa\u00e7\u00e3o, Dr. Jo\u00e3o Costa, e do Presidente da C\u00e2mara Municipal de Our\u00e9m, Dr. Lu\u00eds Albuquerque; nos restantes dias, teremos toda a comunidade educativa &#8230;<\/p>\n","protected":false},"author":1,"featured_media":0,"parent":0,"menu_order":0,"comment_status":"closed","ping_status":"closed","template":"","meta":{"pgc_meta":"","_monsterinsights_skip_tracking":false,"_monsterinsights_sitenote_active":false,"_monsterinsights_sitenote_note":"","_monsterinsights_sitenote_category":0,"iawp_total_views":44,"footnotes":""},"class_list":["post-13993","page","type-page","status-publish","hentry"],"pgc_meta":"","_links":{"self":[{"href":"https:\/\/www.csmiguel.pt\/web\/wp-json\/wp\/v2\/pages\/13993"}],"collection":[{"href":"https:\/\/www.csmiguel.pt\/web\/wp-json\/wp\/v2\/pages"}],"about":[{"href":"https:\/\/www.csmiguel.pt\/web\/wp-json\/wp\/v2\/types\/page"}],"author":[{"embeddable":true,"href":"https:\/\/www.csmiguel.pt\/web\/wp-json\/wp\/v2\/users\/1"}],"replies":[{"embeddable":true,"href":"https:\/\/www.csmiguel.pt\/web\/wp-json\/wp\/v2\/comments?post=13993"}],"version-history":[{"count":29,"href":"https:\/\/www.csmiguel.pt\/web\/wp-json\/wp\/v2\/pages\/13993\/revisions"}],"predecessor-version":[{"id":14085,"href":"https:\/\/www.csmiguel.pt\/web\/wp-json\/wp\/v2\/pages\/13993\/revisions\/14085"}],"wp:attachment":[{"href":"https:\/\/www.csmiguel.pt\/web\/wp-json\/wp\/v2\/media?parent=13993"}],"curies":[{"name":"wp","href":"https:\/\/api.w.org\/{rel}","templated":true}]}}