{"id":13928,"date":"2019-02-14T10:08:58","date_gmt":"2019-02-14T10:08:58","guid":{"rendered":"http:\/\/www.csmiguel.pt\/web\/?page_id=13928"},"modified":"2019-02-14T10:08:58","modified_gmt":"2019-02-14T10:08:58","slug":"acompanhamento-espiritual","status":"publish","type":"page","link":"https:\/\/www.csmiguel.pt\/web\/acompanhamento-espiritual\/","title":{"rendered":"Acompanhamento espiritual"},"content":{"rendered":"[vc_row][vc_column][vc_column_text]\n<h2 style=\"text-align: center;\">Acompanhamento espiritual<\/h2>\n[\/vc_column_text][\/vc_column][\/vc_row][vc_row][vc_column]<div class=\"true-contentbox tt_animate_none \"><div class=\"true-contentbox-title true-cb-title-royalblue\"> <span>Capel\u00e3o<\/span><\/div><div class=\"true-contentbox-content true-content-style-royalblue\">\n<p style=\"text-align: justify;\">As atividades de car\u00e1ter estritamente espiritual e lit\u00fargico s\u00e3o animadas pelo Capel\u00e3o da escola que, diariamente, est\u00e1 dispon\u00edvel para o atendimento e aconselhamento pessoal, a conversa fraterna e a dire\u00e7\u00e3o espiritual e vocacional.<\/p>\n<\/div><\/div>[\/vc_column][\/vc_row]\n","protected":false},"excerpt":{"rendered":"<p>[vc_row][vc_column][vc_column_text]<br \/>\nAcompanhamento espiritual<br \/>\n[\/vc_column_text][\/vc_column][\/vc_row][vc_row][vc_column][\/vc_column][\/vc_row]<\/p>\n","protected":false},"author":1,"featured_media":0,"parent":0,"menu_order":0,"comment_status":"closed","ping_status":"closed","template":"","meta":{"pgc_meta":"","_monsterinsights_skip_tracking":false,"_monsterinsights_sitenote_active":false,"_monsterinsights_sitenote_note":"","_monsterinsights_sitenote_category":0,"iawp_total_views":8,"footnotes":""},"class_list":["post-13928","page","type-page","status-publish","hentry"],"pgc_meta":"","_links":{"self":[{"href":"https:\/\/www.csmiguel.pt\/web\/wp-json\/wp\/v2\/pages\/13928"}],"collection":[{"href":"https:\/\/www.csmiguel.pt\/web\/wp-json\/wp\/v2\/pages"}],"about":[{"href":"https:\/\/www.csmiguel.pt\/web\/wp-json\/wp\/v2\/types\/page"}],"author":[{"embeddable":true,"href":"https:\/\/www.csmiguel.pt\/web\/wp-json\/wp\/v2\/users\/1"}],"replies":[{"embeddable":true,"href":"https:\/\/www.csmiguel.pt\/web\/wp-json\/wp\/v2\/comments?post=13928"}],"version-history":[{"count":1,"href":"https:\/\/www.csmiguel.pt\/web\/wp-json\/wp\/v2\/pages\/13928\/revisions"}],"predecessor-version":[{"id":13929,"href":"https:\/\/www.csmiguel.pt\/web\/wp-json\/wp\/v2\/pages\/13928\/revisions\/13929"}],"wp:attachment":[{"href":"https:\/\/www.csmiguel.pt\/web\/wp-json\/wp\/v2\/media?parent=13928"}],"curies":[{"name":"wp","href":"https:\/\/api.w.org\/{rel}","templated":true}]}}