{"id":13926,"date":"2019-02-14T10:07:00","date_gmt":"2019-02-14T10:07:00","guid":{"rendered":"http:\/\/www.csmiguel.pt\/web\/?page_id=13926"},"modified":"2019-02-14T10:07:17","modified_gmt":"2019-02-14T10:07:17","slug":"conselho-pastoral","status":"publish","type":"page","link":"https:\/\/www.csmiguel.pt\/web\/conselho-pastoral\/","title":{"rendered":"Conselho Pastoral"},"content":{"rendered":"[vc_row][vc_column][vc_column_text]\n<h2 style=\"text-align: center;\">Conselho Pastoral<\/h2>\n[\/vc_column_text][\/vc_column][\/vc_row][vc_row][vc_column]<div class=\"true-contentbox tt_animate_none \"><div class=\"true-contentbox-title true-cb-title-royalblue\"> <span>Pensar e programar a f\u00e9!<\/span><\/div><div class=\"true-contentbox-content true-content-style-royalblue\">\n<p style=\"text-align: justify;\">Todas as atividades e iniciativas comunit\u00e1rias s\u00e3o refletidas, projetadas, preparadas, dinamizadas e avaliadas pelo Conselho Pastoral, \u00f3rg\u00e3o representativo do corpo docente, que se re\u00fane pelo menos uma vez em cada per\u00edodo.<\/p>\n<\/div><\/div>[\/vc_column][\/vc_row]\n","protected":false},"excerpt":{"rendered":"<p>[vc_row][vc_column][vc_column_text]<br \/>\nConselho Pastoral<br \/>\n[\/vc_column_text][\/vc_column][\/vc_row][vc_row][vc_column][\/vc_column][\/vc_row]<\/p>\n","protected":false},"author":1,"featured_media":0,"parent":0,"menu_order":0,"comment_status":"closed","ping_status":"closed","template":"","meta":{"pgc_meta":"","_monsterinsights_skip_tracking":false,"_monsterinsights_sitenote_active":false,"_monsterinsights_sitenote_note":"","_monsterinsights_sitenote_category":0,"iawp_total_views":7,"footnotes":""},"class_list":["post-13926","page","type-page","status-publish","hentry"],"pgc_meta":"","_links":{"self":[{"href":"https:\/\/www.csmiguel.pt\/web\/wp-json\/wp\/v2\/pages\/13926"}],"collection":[{"href":"https:\/\/www.csmiguel.pt\/web\/wp-json\/wp\/v2\/pages"}],"about":[{"href":"https:\/\/www.csmiguel.pt\/web\/wp-json\/wp\/v2\/types\/page"}],"author":[{"embeddable":true,"href":"https:\/\/www.csmiguel.pt\/web\/wp-json\/wp\/v2\/users\/1"}],"replies":[{"embeddable":true,"href":"https:\/\/www.csmiguel.pt\/web\/wp-json\/wp\/v2\/comments?post=13926"}],"version-history":[{"count":1,"href":"https:\/\/www.csmiguel.pt\/web\/wp-json\/wp\/v2\/pages\/13926\/revisions"}],"predecessor-version":[{"id":13927,"href":"https:\/\/www.csmiguel.pt\/web\/wp-json\/wp\/v2\/pages\/13926\/revisions\/13927"}],"wp:attachment":[{"href":"https:\/\/www.csmiguel.pt\/web\/wp-json\/wp\/v2\/media?parent=13926"}],"curies":[{"name":"wp","href":"https:\/\/api.w.org\/{rel}","templated":true}]}}