{"id":13918,"date":"2019-02-14T10:05:06","date_gmt":"2019-02-14T10:05:06","guid":{"rendered":"http:\/\/www.csmiguel.pt\/web\/?page_id=13918"},"modified":"2021-10-05T17:24:29","modified_gmt":"2021-10-05T17:24:29","slug":"um-ideario-e-um-desafio-2","status":"publish","type":"page","link":"https:\/\/www.csmiguel.pt\/web\/um-ideario-e-um-desafio-2\/","title":{"rendered":"Um ide\u00e1rio e um desafio!"},"content":{"rendered":"[vc_row][vc_column][vc_column_text]\n<h2 style=\"text-align: center;\"><strong>Ide\u00e1rio Pastoral<\/strong><\/h2>\n<h3 style=\"text-align: center;\"><strong>Ano Letivo 2021\/2022<\/strong><\/h3>\n<p>&nbsp;<\/p>\n<h4><strong>Caminhar com a Diocese de que somos parte<\/strong><\/h4>\n<p style=\"text-align: justify;\">A Diocese de Leiria-F\u00e1tima come\u00e7a, em Outubro deste ano de 2021 um novo Ano Pastoral e o segundo ano do Tri\u00e9nio Pastoral (2020\/2023) dedicado \u00e0 Eucaristia. O Tri\u00e9nio ter\u00e1 como tema\u00a0<em>\u201cEucaristia, comunidade crist\u00e3 e miss\u00e3o\u201d<\/em>, como Lema\u00a0<em>\u201cFelizes os convidados para a Ceia do Senhor\u201d<\/em>\u00a0e como mote b\u00edblico as palavras do Senhor Jesus do Evangelho de S\u00e3o Jo\u00e3o (6, 35):\u00a0<em>\u201cEu sou o p\u00e3o da vida\u201d<\/em>. Neste segundo ano do Tri\u00e9nio o tema ser\u00e1 <strong>\u201cComunidade, minist\u00e9rios e eucaristia\u201d<\/strong>.<\/p>\n<p style=\"text-align: justify;\">O Col\u00e9gio de S\u00e3o Miguel, que vai viver o presente ano letivo 2021\/2022 sob o lema\u00a0<strong><em>\u201cNunca caminhar\u00e1s s\u00f3\u201d<\/em><\/strong>, sendo uma institui\u00e7\u00e3o de ensino e educa\u00e7\u00e3o da diocese, n\u00e3o poderia, como \u00e9 \u00f3bvio, passar ao lado do Plano Pastoral da Diocese. Assim sendo, o Plano Pastoral do Col\u00e9gio vai assumir \u2013 paralelamente aos seus projetos \u2013 aqueles objetivos, atividades e atividades propostas pelo Plano Diocesano, na medida em que forem exequ\u00edveis no \u00e2mbito escolar.<\/p>\n<p style=\"text-align: justify;\">N\u00e3o podemos deixar de sublinhar uma feliz converg\u00eancia nos lemas de ambos os planos pastorais:\u00a0<strong><em>\u201cFelizes os convidados para a ceia do Senhor\u201d<\/em><\/strong>\u00a0e\u00a0<strong><em>\u201cNunca caminhar\u00e1s s\u00f3\u201d<\/em><\/strong>. De facto, para n\u00f3s crist\u00e3os, o cumprimento apaixonado, di\u00e1rio do desafio feito pelo Senhor de \u201cnos amarmos uns aos outros\u201d atrav\u00e9s do servi\u00e7o e da disponibilidade, nunca seria poss\u00edvel se o grande companheiro da nossa vida, Aquele que lhe d\u00e1 sentido e a sustenta n\u00e3o fosse precisamente Jesus Cristo Ressuscitado, celebrado diariamente, de forma sacramental, na Palavra proclamada e na partilha do P\u00e3o eucar\u00edstico da Missa. N\u00f3s amamos e servimos os que est\u00e3o \u00e0 nossa volta e nos foram confiados porque antes de n\u00f3s, j\u00e1 Jesus o fez, nos deu o exemplo, dando a Sua vida na cruz, por amor de cada um, de cada uma, dando-nos o exemplo: \u201cv\u00f3s sereis meus amigos se fizerdes o que vos mando\u201d.<\/p>\n<p style=\"text-align: justify;\">Ser professor ou educador, trabalhar numa escola como a nossa, hoje, \u00e9 uma miss\u00e3o que exige muita esperan\u00e7a, mas tamb\u00e9m um compromisso da nossa parte: ser fi\u00e9is aos ideais que a fundamentam. Quais s\u00e3o esses ideais? Est\u00e3o refletidos no lema do Col\u00e9gio h\u00e1 quase sessenta anos: \u201cAmizade, Verdade e Exig\u00eancia\u201d. Estes ideais oferecemo-los aos nossos jovens alunos, atrav\u00e9s da nossa miss\u00e3o feita compromisso no dia-a-dia: nas palavras, nos gestos, no testemunho \u2013 pela palavra e pelo exemplo -, nos valores que nos identificam: os sempre atuais valores crist\u00e3os. Neste ano teremos tr\u00eas palavras chave que s\u00e3o, para n\u00f3s, um desafio e uma refer\u00eancia para a nossa conduta pessoal e colectiva: <em>Encontro<\/em>, <em>Acolher<\/em> e <em>Cuidar<\/em>.<\/p>\n<p style=\"text-align: justify;\">Vamos, pois, viver este novo ano letivo na alegria da certeza que \u201c<em>nunca caminharemos s\u00f3s<\/em>\u201d, porque Jesus est\u00e1 connosco, ao nosso lado, dando-nos coragem e conforto atrav\u00e9s da Sua gra\u00e7a, da Sua miseric\u00f3rdia, sobretudo atrav\u00e9s do dom de Si mesmo feito alimento na Eucaristia:\u00a0<em>\u201cquem comer deste p\u00e3o viver\u00e1 eternamente\u201d<\/em>,\u00a0<em>\u201ceu sou o p\u00e3o vivo que desce do C\u00e9u\u201d<\/em>. A este convite de Jesus respondemos, com todas as for\u00e7as do nosso cora\u00e7\u00e3o e da nossa alma:\u00a0<em>\u201cSenhor, d\u00e1-nos sempre deste p\u00e3o\u201d<\/em>! Tamb\u00e9m Jesus quer encontrar-Se connosco (por isso, sai, todos os dias, ao nosso encontro, na sua Palavra, na Eucaristia, na ora\u00e7\u00e3o do cora\u00e7\u00e3o)! Saibamos acolh\u00ea-l\u2019O na pessoa do outro (saindo da nossa zona de conforto e, \u00e0s vezes, do nosso comodismo est\u00e9ril e ego\u00edsta) e cuidar d\u2019Ele naqueles que mais necessitam de n\u00f3s: um colega, um aluno&#8230; (mesmo que, por vezes, \u00e0 custa dum pequeno sacrif\u00edcio).<\/p>\n<p>\u00a0[\/vc_column_text][\/vc_column][\/vc_row]\n","protected":false},"excerpt":{"rendered":"<p>[vc_row][vc_column][vc_column_text]<br \/>\nIde\u00e1rio Pastoral<br \/>\nAno Letivo 2021\/2022<br \/>\n&nbsp;<br \/>\nCaminhar com a Diocese de que somos parte<br \/>\nA Diocese de Leiria-F\u00e1tima come\u00e7a, em Outubro deste ano de 2021 um novo Ano Pastoral e o segundo ano do Tri\u00e9nio Pastoral (2020\/2023) dedicado \u00e0 Eucaristia. O Tri\u00e9nio ter\u00e1 como tema\u00a0\u201cEucaristia, comunidade crist\u00e3 e miss\u00e3o\u201d, como Lema\u00a0\u201cFelizes os convidados para a Ceia do Senhor\u201d\u00a0e como mote b\u00edblico as palavras do Senhor Jesus do Evangelho de S\u00e3o Jo\u00e3o (6, 35):\u00a0\u201cEu sou o p\u00e3o da vida\u201d. Neste &#8230;<\/p>\n","protected":false},"author":1,"featured_media":0,"parent":0,"menu_order":0,"comment_status":"closed","ping_status":"closed","template":"","meta":{"pgc_meta":"","_monsterinsights_skip_tracking":false,"_monsterinsights_sitenote_active":false,"_monsterinsights_sitenote_note":"","_monsterinsights_sitenote_category":0,"iawp_total_views":40,"footnotes":""},"class_list":["post-13918","page","type-page","status-publish","hentry"],"pgc_meta":"","_links":{"self":[{"href":"https:\/\/www.csmiguel.pt\/web\/wp-json\/wp\/v2\/pages\/13918"}],"collection":[{"href":"https:\/\/www.csmiguel.pt\/web\/wp-json\/wp\/v2\/pages"}],"about":[{"href":"https:\/\/www.csmiguel.pt\/web\/wp-json\/wp\/v2\/types\/page"}],"author":[{"embeddable":true,"href":"https:\/\/www.csmiguel.pt\/web\/wp-json\/wp\/v2\/users\/1"}],"replies":[{"embeddable":true,"href":"https:\/\/www.csmiguel.pt\/web\/wp-json\/wp\/v2\/comments?post=13918"}],"version-history":[{"count":9,"href":"https:\/\/www.csmiguel.pt\/web\/wp-json\/wp\/v2\/pages\/13918\/revisions"}],"predecessor-version":[{"id":16157,"href":"https:\/\/www.csmiguel.pt\/web\/wp-json\/wp\/v2\/pages\/13918\/revisions\/16157"}],"wp:attachment":[{"href":"https:\/\/www.csmiguel.pt\/web\/wp-json\/wp\/v2\/media?parent=13918"}],"curies":[{"name":"wp","href":"https:\/\/api.w.org\/{rel}","templated":true}]}}