{"id":13873,"date":"2019-02-04T07:29:11","date_gmt":"2019-02-04T07:29:11","guid":{"rendered":"http:\/\/www.csmiguel.pt\/web\/?page_id=13873"},"modified":"2019-02-04T07:29:40","modified_gmt":"2019-02-04T07:29:40","slug":"enquadramento","status":"publish","type":"page","link":"https:\/\/www.csmiguel.pt\/web\/enquadramento\/","title":{"rendered":"Enquadramento"},"content":{"rendered":"<h1 style=\"text-align: center;\">Educa\u00e7\u00e3o Inclusiva<\/h1>\n<h2><\/h2>\n<h2 style=\"text-align: center;\">Enquadramento<\/h2>\n<p>&nbsp;<\/p>\n<p style=\"text-align: justify;\">\u201cO compromisso com a constru\u00e7\u00e3o de uma escola inclusiva, uma escola na qual todos os alunos t\u00eam oportunidade de realizar aprendizagens significativas e na qual todos s\u00e3o respeitados e valorizados, uma escola que corrige assimetrias e que desenvolve ao m\u00e1ximo o potencial de cada aluno, <strong>\u00e9 um des\u00edgnio nacional e um desafio para o qual estamos TODOS convocados<\/strong>\u201d. (Dr. Jo\u00e3o Costa, Secret\u00e1rio de Estado da Educa\u00e7\u00e3o).<\/p>\n<p style=\"text-align: justify;\">A publica\u00e7\u00e3o do decreto-lei n.\u00ba 54\/2018, de 6 de julho, veio refor\u00e7ar a aposta numa escola inclusiva onde todos e cada um dos alunos, independentemente da sua situa\u00e7\u00e3o pessoal e social, encontram respostas ajustadas \u00e0 diversidade das suas necessidades e potencialidades, possibilitando-lhes, assim, o aumento da participa\u00e7\u00e3o nos processos de aprendizagem e na vida da comunidade educativa.<\/p>\n","protected":false},"excerpt":{"rendered":"<p>Educa\u00e7\u00e3o Inclusiva<\/p>\n<p>Enquadramento<br \/>\n&nbsp;<br \/>\n\u201cO compromisso com a constru\u00e7\u00e3o de uma escola inclusiva, uma escola na qual todos os alunos t\u00eam oportunidade de realizar aprendizagens significativas e na qual todos s\u00e3o respeitados e valorizados, uma escola que corrige assimetrias e que desenvolve ao m\u00e1ximo o potencial de cada aluno, \u00e9 um des\u00edgnio nacional e um desafio para o qual estamos TODOS convocados\u201d. (Dr. Jo\u00e3o Costa, Secret\u00e1rio de Estado da Educa\u00e7\u00e3o).<br \/>\nA publica\u00e7\u00e3o do decreto-lei n.\u00ba 54\/2018, de 6 de &#8230;<\/p>\n","protected":false},"author":1,"featured_media":0,"parent":0,"menu_order":0,"comment_status":"closed","ping_status":"closed","template":"","meta":{"pgc_meta":"","_monsterinsights_skip_tracking":false,"_monsterinsights_sitenote_active":false,"_monsterinsights_sitenote_note":"","_monsterinsights_sitenote_category":0,"iawp_total_views":14,"footnotes":""},"class_list":["post-13873","page","type-page","status-publish","hentry"],"pgc_meta":"","_links":{"self":[{"href":"https:\/\/www.csmiguel.pt\/web\/wp-json\/wp\/v2\/pages\/13873"}],"collection":[{"href":"https:\/\/www.csmiguel.pt\/web\/wp-json\/wp\/v2\/pages"}],"about":[{"href":"https:\/\/www.csmiguel.pt\/web\/wp-json\/wp\/v2\/types\/page"}],"author":[{"embeddable":true,"href":"https:\/\/www.csmiguel.pt\/web\/wp-json\/wp\/v2\/users\/1"}],"replies":[{"embeddable":true,"href":"https:\/\/www.csmiguel.pt\/web\/wp-json\/wp\/v2\/comments?post=13873"}],"version-history":[{"count":4,"href":"https:\/\/www.csmiguel.pt\/web\/wp-json\/wp\/v2\/pages\/13873\/revisions"}],"predecessor-version":[{"id":13877,"href":"https:\/\/www.csmiguel.pt\/web\/wp-json\/wp\/v2\/pages\/13873\/revisions\/13877"}],"wp:attachment":[{"href":"https:\/\/www.csmiguel.pt\/web\/wp-json\/wp\/v2\/media?parent=13873"}],"curies":[{"name":"wp","href":"https:\/\/api.w.org\/{rel}","templated":true}]}}