{"id":13040,"date":"2018-05-30T22:26:01","date_gmt":"2018-05-30T22:26:01","guid":{"rendered":"http:\/\/csmiguel.pt\/web\/?page_id=13040"},"modified":"2019-12-21T21:15:54","modified_gmt":"2019-12-21T21:15:54","slug":"atividades","status":"publish","type":"page","link":"https:\/\/www.csmiguel.pt\/web\/atividades\/","title":{"rendered":"Atividades"},"content":{"rendered":"[vc_row 0=&#8221;&#8221;][vc_column 0=&#8221;&#8221;][vc_column_text 0=&#8221;&#8221;]\n<p><img decoding=\"async\" class=\"aligncenter\" src=\"https:\/\/csmiguel.pt\/web\/wp-content\/uploads\/2018\/05\/Logo_A_Pais_CSMiguel_small.png\" alt=\"Log\u00f3tipo Associa\u00e7\u00e3o de Pais\" width=\"260\" height=\"184\" \/><\/p>\n<p>&nbsp;<\/p>\n<h1 style=\"text-align: center\"><strong>Atividades<\/strong><\/h1>\n<p>&nbsp;<\/p>\n<p><b>Protocolos com benef\u00edcios\u00a0para as fam\u00edlias 2019\/2020<\/b><\/p>\n<p class=\"null\"><span class=\"mc-toc-title\">A Associa\u00e7\u00e3o de Pais dos alunos do Col\u00e9gio de S\u00e3o Miguel estabeleceu protocolos com entidades que se traduzem em benef\u00edcios para as\u00a0fam\u00edlias.<br \/>\nPretende-se, com o estabelecimento\u00a0destas parcerias, acrescentar mais valias em prol da educa\u00e7\u00e3o dos nossos filhos\/educandos.<\/span><\/p>\n<p class=\"null\"><span class=\"mc-toc-title\">Salientamos que a\u00a0Associa\u00e7\u00e3o mant\u00e9m-se recetiva a\u00a0novos protocolos, sempre que essas parcerias se traduzam\u00a0em apoio para as fam\u00edlias\/alunos do Col\u00e9gio de S\u00e3o Miguel.<\/span><\/p>\n<p><a href=\"https:\/\/csmiguel.pt\/web\/wp-content\/uploads\/assoc-pais\/upload\/Protocolos20192020.pdf\">Consulte aqui os protocolos.<\/a><\/p>\n<p>&nbsp;<\/p>\n<p>&nbsp;<\/p>\n<p><b>Protocolos com benef\u00edcios\u00a0para as fam\u00edlias 2018\/2019<\/b><\/p>\n<p>A Associa\u00e7\u00e3o de Pais dos alunos do Col\u00e9gio de S\u00e3o Miguel estabeleceu protocolos com entidades de F\u00e1tima, que possibilitam \u00e1s fam\u00edlias benef\u00edcios financeiros. Pretende com o estabelecimento destas parcerias criar meios facilitadores \u00e0s fam\u00edlias que lhes permitam superar dificuldades que possam surgir ao longo do processo maturativos dos filhos\/educandos e\/ou proporcionar um desenvolvimento harmonioso e pleno dessas crian\u00e7as\/jovens.<\/p>\n<p>A Associa\u00e7\u00e3o mant\u00e9m-se recetiva para novos protocolos, sempre que essas parcerias se traduzem em apoio para as fam\u00edlias\/alunos do Col\u00e9gio de S\u00e3o Miguel.<\/p>\n<p><a href=\"https:\/\/csmiguel.pt\/web\/wp-content\/uploads\/assoc-pais\/upload\/Protocolos20182019.pdf\">Consulte aqui os protocolos.<\/a><\/p>\n<p>&nbsp;<\/p>\n<p><strong>Plano formativo 2\u00ba trimestre 2019<\/strong><\/p>\n<p>A Associa\u00e7\u00e3o de Pais, ciente da import\u00e2ncia do acompanhamento dos nossos jovens\/adolescentes, elaborou o seguinte plano de forma\u00e7\u00e3o de <u>acesso gratuito<\/u>. Queremos que os pais e os encarregados de educa\u00e7\u00e3o tenham a possibilidade de frequentar estas ac\u00e7\u00f5es, fundamentais no contexto atual.<\/p>\n<p><a href=\"https:\/\/csmiguel.pt\/web\/wp-content\/uploads\/assoc-pais\/upload\/Plano Formativo APCSM 2019.pdf\">Consulte aqui o plano.<\/a><\/p>\n<p>&nbsp;<\/p>\n<p><strong>Caminhada de 28 de outubro<\/strong><\/p>\n<p><a href=\"https:\/\/csmiguel.pt\/web\/wp-content\/uploads\/assoc-pais\/upload\/Caminhada 28102018.pdf\">Consulte aqui folheto com detalhes.<\/a><\/p>\n<p>&nbsp;<\/p>\n[\/vc_column_text][\/vc_column][\/vc_row]\n","protected":false},"excerpt":{"rendered":"<p>[vc_row 0=&#8221;&#8221;][vc_column 0=&#8221;&#8221;][vc_column_text 0=&#8221;&#8221;]<\/p>\n<p>&nbsp;<br \/>\nAtividades<br \/>\n&nbsp;<br \/>\nProtocolos com benef\u00edcios\u00a0para as fam\u00edlias 2019\/2020<br \/>\nA Associa\u00e7\u00e3o de Pais dos alunos do Col\u00e9gio de S\u00e3o Miguel estabeleceu protocolos com entidades que se traduzem em benef\u00edcios para as\u00a0fam\u00edlias.<br \/>\nPretende-se, com o estabelecimento\u00a0destas parcerias, acrescentar mais valias em prol da educa\u00e7\u00e3o dos nossos filhos\/educandos.<br \/>\nSalientamos que a\u00a0Associa\u00e7\u00e3o mant\u00e9m-se recetiva a\u00a0novos protocolos, sempre que essas parcerias se traduzam\u00a0em apoio para as fam\u00edlias\/alunos do Col\u00e9gio de S\u00e3o Miguel.<br \/>\nConsulte aqui os protocolos.<br \/>\n&nbsp;<br \/>\n&nbsp;<br \/>\nProtocolos &#8230;<\/p>\n","protected":false},"author":4,"featured_media":0,"parent":0,"menu_order":0,"comment_status":"closed","ping_status":"closed","template":"","meta":{"pgc_meta":"","_monsterinsights_skip_tracking":false,"_monsterinsights_sitenote_active":false,"_monsterinsights_sitenote_note":"","_monsterinsights_sitenote_category":0,"iawp_total_views":9,"footnotes":""},"class_list":["post-13040","page","type-page","status-publish","hentry"],"pgc_meta":"","_links":{"self":[{"href":"https:\/\/www.csmiguel.pt\/web\/wp-json\/wp\/v2\/pages\/13040"}],"collection":[{"href":"https:\/\/www.csmiguel.pt\/web\/wp-json\/wp\/v2\/pages"}],"about":[{"href":"https:\/\/www.csmiguel.pt\/web\/wp-json\/wp\/v2\/types\/page"}],"author":[{"embeddable":true,"href":"https:\/\/www.csmiguel.pt\/web\/wp-json\/wp\/v2\/users\/4"}],"replies":[{"embeddable":true,"href":"https:\/\/www.csmiguel.pt\/web\/wp-json\/wp\/v2\/comments?post=13040"}],"version-history":[{"count":17,"href":"https:\/\/www.csmiguel.pt\/web\/wp-json\/wp\/v2\/pages\/13040\/revisions"}],"predecessor-version":[{"id":15045,"href":"https:\/\/www.csmiguel.pt\/web\/wp-json\/wp\/v2\/pages\/13040\/revisions\/15045"}],"wp:attachment":[{"href":"https:\/\/www.csmiguel.pt\/web\/wp-json\/wp\/v2\/media?parent=13040"}],"curies":[{"name":"wp","href":"https:\/\/api.w.org\/{rel}","templated":true}]}}