{"id":12580,"date":"2018-01-25T01:29:24","date_gmt":"2018-01-25T00:29:24","guid":{"rendered":"http:\/\/csmiguel.pt\/web\/?page_id=12580"},"modified":"2018-01-29T01:32:12","modified_gmt":"2018-01-29T00:32:12","slug":"concursos","status":"publish","type":"page","link":"https:\/\/www.csmiguel.pt\/web\/concursos\/","title":{"rendered":"Concursos"},"content":{"rendered":"[vc_row][vc_column][vc_column_text]\n<h1 style=\"text-align: center;\">Concursos<\/h1>\n[\/vc_column_text][\/vc_column][\/vc_row][vc_row][vc_column width=&#8221;1\/2&#8243;]<div class=\"true-image-box-1 tt_animate_none  zmtHzLuy\"><div class=\"true-img-wrap\"><\/div><div class=\"true-text-wrap\"><div class=\"callout-heading-wrap true-montserrat\"><h4><\/h4><h3>Campeonato nacional de jogos matem\u00e1ticos<\/h3><\/div><div class=\"callout-details-wrap\">\n<p style=\"text-align: justify;\">A Associac\u0327a\u0303o Ludus, a Associac\u0327a\u0303o de Professores de Matema\u0301tica, a Sociedade Portuguesa de Matema\u0301tica e a Cie\u0302ncia Viva promovem anualmente, desde 2004, o Campeonato Nacional de Jogos Matema\u0301ticos. Neste ano letivo, o Col\u00e9gio de S\u00e3o Miguel participar\u00e1 na <strong>14.\u00aa edic\u0327a\u0303o do Campeonato Nacional de Jogos Matema\u0301ticos<\/strong> (CNJM14) que tera\u0301 lugar no dia <strong>16 de marc\u0327o de 2018<\/strong>, no <strong>Externato de Penafirme<\/strong>, em Torres Vedras. A atual edic\u0327a\u0303o do campeonato e\u0301 organizada localmente pelo Externato de Penafirme e pela Ca\u0302mara Municipal de Torres Vedras.<\/p>\n<p style=\"text-align: justify;\">No <strong>CNJM14<\/strong> disputar-se-a\u0303o seis jogos e o nosso Col\u00e9gio ir\u00e1 participar com alunos do Ensino Ba\u0301sico. Ser\u00e3o selecionados um aluno por jogo e por n\u00edvel de ensino. Assim, teremos tr\u00eas alunos do segundo ciclo que ir\u00e3o jogar rastros, c\u00e3es e gatos e o produto e, tr\u00eas alunos do terceiro ciclo que participar\u00e3o com os jogos rastros, avan\u00e7o e o produto.<\/p>\n<\/div><\/div><\/div>[\/vc_column][vc_column width=&#8221;1\/2&#8243;]<div class=\"true-image-box-1 tt_animate_none  cqmOlGIw\"><div class=\"true-img-wrap\"><\/div><div class=\"true-text-wrap\"><div class=\"callout-heading-wrap true-montserrat\"><h4><\/h4><h3>Uma Aventura...<\/h3><\/div><div class=\"callout-details-wrap\">\n<p style=\"text-align: justify;\">Est\u00e1 a decorrer o <strong>Concurso Uma Aventura\u2026 Liter\u00e1ria 2018<\/strong> cujo prazo para envio dos trabalhos termina no dia <strong>16 de fevereiro 2018<\/strong>.<\/p>\n<p style=\"text-align: justify;\">Este ano, \u00e0 semelhan\u00e7a dos anos anteriores, o concurso tem 5 modalidades: <strong>Texto Original, Cr\u00edtica, Desenho, Teatro e Olimp\u00edadas da Hist\u00f3ria<\/strong>.<\/p>\n<p style=\"text-align: justify;\">Recordamos que este concurso se destina aos alunos do <strong>pr\u00e9-escolar, 1.\u00ba ciclo, 2.\u00ba ciclo, 3.\u00ba ciclo e secund\u00e1rio<\/strong>.<\/p>\n<p style=\"text-align: justify;\">Os trabalhos podem ser enviados pelo correio ou atrav\u00e9s do site Uma Aventura <a href=\"http:\/\/uma-aventura.pt\/\">http:\/\/uma-aventura.pt\/<\/a> &#8230; Fala com o teu professor de Portugu\u00eas!<\/p>\n<\/div><\/div><\/div>[\/vc_column][\/vc_row][vc_row][vc_column][vc_empty_space height=&#8221;16px&#8221;][\/vc_column][\/vc_row][vc_row][vc_column width=&#8221;1\/2&#8243;]<div class=\"true-image-box-1 tt_animate_none  zegeyBid\"><div class=\"true-img-wrap\"><\/div><div class=\"true-text-wrap\"><div class=\"callout-heading-wrap true-montserrat\"><h4><\/h4><h3>Escrita Criativa<\/h3><\/div><div class=\"callout-details-wrap\">\n<p style=\"text-align: justify;\">O Rotary Club de F\u00e1tima promove, mais uma vez, o concurso de Escrita Criativa cujo tema \u00e9 <strong>&#8220;As novas tecnologias no futuro da humanidade&#8221;<\/strong>.<\/p>\n<p style=\"text-align: justify;\">A data limite de entrega dos trabalhos \u00e9 no dia 20 de abril de 2018, os trabalhos t\u00eam de ser originais e com um m\u00e1ximo de dez p\u00e1ginas e, como habitualmente, haver\u00e1 dois pr\u00e9mios por escal\u00e3o: escal\u00e3o A e B &#8211; 1\u00ba pr\u00e9mio &#8211; 250 euros, 2\u00ba pr\u00e9mio &#8211; 150 euros.<\/p>\n<p style=\"text-align: justify;\">Participa e informa-te junto do teu professor de Portugu\u00eas!<\/p>\n<\/div><\/div><\/div>[\/vc_column][vc_column width=&#8221;1\/2&#8243;]<div class=\"true-image-box-1 tt_animate_none  ybFLgLZe\"><div class=\"true-img-wrap\"><\/div><div class=\"true-text-wrap\"><div class=\"callout-heading-wrap true-montserrat\"><h4><\/h4><h3>Declama\u00e7\u00e3o de Poesia<\/h3><\/div><div class=\"callout-details-wrap\">\n<p style=\"text-align: justify;\">No dia 21 de mar\u00e7o, dia mundial da poesia, iremos ter o nosso IV concurso de declama\u00e7\u00e3o de poesia. Para al\u00e9m dos habituais 4 escal\u00f5es (2\u00ba ciclo, 3\u00ba ciclo, ensino secund\u00e1rio e l\u00ednguas estrangeiras), neste ano iremos criar um novo escal\u00e3o dedicado \u00e0 declama\u00e7\u00e3o de poesia original.<\/p>\n<p style=\"text-align: justify;\">Participa!<\/p>\n<\/div><\/div><\/div>[\/vc_column][\/vc_row][vc_row][vc_column][vc_empty_space height=&#8221;16px&#8221;][\/vc_column][\/vc_row][vc_row][vc_column width=&#8221;1\/4&#8243;][\/vc_column][vc_column width=&#8221;1\/2&#8243;]<div class=\"true-image-box-1 tt_animate_none  JEgsmDOq\"><div class=\"true-img-wrap\"><\/div><div class=\"true-text-wrap\"><div class=\"callout-heading-wrap true-montserrat\"><h4><\/h4><h3>Biologia, F\u00edsica e Qu\u00edmica<\/h3><\/div><div class=\"callout-details-wrap\">\n<p style=\"text-align: justify;\">No \u00e2mbito das disciplinas de Biologia, F\u00edsica e Qu\u00edmica, o grupo disciplinar prop\u00f5e a participa\u00e7\u00e3o nos seguintes concursos:<\/p>\n<p><strong>Competi\u00e7\u00f5es Nacionais de Ci\u00eancia, na Universidade de Aveiro<\/strong><br \/>\n<a href=\"http:\/\/pmate.ua.pt\/cnc\/\">http:\/\/pmate.ua.pt\/cnc\/<\/a><\/p>\n<p><strong>Beamline for Schools &#8211; CERN &#8211; Alunos do Ensino Secund\u00e1rio<\/strong><br \/>\n<a href=\"https:\/\/home.cern\/students-educators\/updates\/2017\/07\/beamline-schools-competition-2018-now-open\">https:\/\/home.cern\/students-educators\/updates\/2017\/07\/beamline-schools-competition-2018-now-open<\/a><\/p>\n<p><strong>FAQtos &#8211; Alunos do Ensino Secund\u00e1rio<\/strong><br \/>\n<a href=\"http:\/\/faqtos.pt\/\">http:\/\/faqtos.pt\/<\/a><\/p>\n<p><strong>Olimp\u00edadas Portuguesas da Biologia<\/strong><br \/>\n<a href=\"http:\/\/olimpiadas.ordembiologos.pt\/\">http:\/\/olimpiadas.ordembiologos.pt\/<\/a><\/p>\n<p><strong>Olimp\u00edadas de F\u00edsica &#8211; 9\u00ba ano e 11\u00ba ano<\/strong><br \/>\n<a href=\"https:\/\/olimpiadas.spf.pt\/\">https:\/\/olimpiadas.spf.pt\/<\/a><\/p>\n<p><strong>Dark Skies Rangers &#8211; a partir dos 11 anos<\/strong><br \/>\n<a href=\"http:\/\/dsr.nuclio.pt\/concurso-reportagem-dsr\/\">http:\/\/dsr.nuclio.pt\/concurso-reportagem-dsr\/<\/a><\/p>\n<p><strong>Medea &#8211; O eletromagnetismo em teu redor &#8211; Alunos do Ensino Secund\u00e1rio<\/strong><br \/>\n<a href=\"https:\/\/medea.spf.pt\/\">https:\/\/medea.spf.pt\/<\/a><\/p>\n<p><strong>Astro Pi &#8211; ESA<\/strong><br \/>\n<a href=\"https:\/\/astro-pi.org\/\">https:\/\/astro-pi.org\/<\/a><\/p><\/div><\/div><\/div>[\/vc_column][vc_column width=&#8221;1\/4&#8243;][\/vc_column][\/vc_row]\n","protected":false},"excerpt":{"rendered":"<p>[vc_row][vc_column][vc_column_text]<br \/>\nConcursos<br \/>\n[\/vc_column_text][\/vc_column][\/vc_row][vc_row][vc_column width=&#8221;1\/2&#8243;][\/vc_column][vc_column width=&#8221;1\/2&#8243;][\/vc_column][\/vc_row][vc_row][vc_column][vc_empty_space height=&#8221;16px&#8221;][\/vc_column][\/vc_row][vc_row][vc_column width=&#8221;1\/2&#8243;][\/vc_column][vc_column width=&#8221;1\/2&#8243;][\/vc_column][\/vc_row][vc_row][vc_column][vc_empty_space height=&#8221;16px&#8221;][\/vc_column][\/vc_row][vc_row][vc_column width=&#8221;1\/4&#8243;][\/vc_column][vc_column width=&#8221;1\/2&#8243;][\/vc_column][vc_column width=&#8221;1\/4&#8243;][\/vc_column][\/vc_row]<\/p>\n","protected":false},"author":1,"featured_media":0,"parent":0,"menu_order":0,"comment_status":"closed","ping_status":"closed","template":"template-blank-canvas.php","meta":{"pgc_meta":"","_monsterinsights_skip_tracking":false,"_monsterinsights_sitenote_active":false,"_monsterinsights_sitenote_note":"","_monsterinsights_sitenote_category":0,"iawp_total_views":27,"footnotes":""},"class_list":["post-12580","page","type-page","status-publish","hentry"],"pgc_meta":"","_links":{"self":[{"href":"https:\/\/www.csmiguel.pt\/web\/wp-json\/wp\/v2\/pages\/12580"}],"collection":[{"href":"https:\/\/www.csmiguel.pt\/web\/wp-json\/wp\/v2\/pages"}],"about":[{"href":"https:\/\/www.csmiguel.pt\/web\/wp-json\/wp\/v2\/types\/page"}],"author":[{"embeddable":true,"href":"https:\/\/www.csmiguel.pt\/web\/wp-json\/wp\/v2\/users\/1"}],"replies":[{"embeddable":true,"href":"https:\/\/www.csmiguel.pt\/web\/wp-json\/wp\/v2\/comments?post=12580"}],"version-history":[{"count":8,"href":"https:\/\/www.csmiguel.pt\/web\/wp-json\/wp\/v2\/pages\/12580\/revisions"}],"predecessor-version":[{"id":12636,"href":"https:\/\/www.csmiguel.pt\/web\/wp-json\/wp\/v2\/pages\/12580\/revisions\/12636"}],"wp:attachment":[{"href":"https:\/\/www.csmiguel.pt\/web\/wp-json\/wp\/v2\/media?parent=12580"}],"curies":[{"name":"wp","href":"https:\/\/api.w.org\/{rel}","templated":true}]}}