{"id":12470,"date":"2018-01-23T01:48:29","date_gmt":"2018-01-23T00:48:29","guid":{"rendered":"http:\/\/csmiguel.pt\/web\/?page_id=12470"},"modified":"2018-01-23T01:48:29","modified_gmt":"2018-01-23T00:48:29","slug":"2-o-ciclo-do-ensino-basico","status":"publish","type":"page","link":"https:\/\/www.csmiguel.pt\/web\/2-o-ciclo-do-ensino-basico\/","title":{"rendered":"2.\u00ba Ciclo do Ensino B\u00e1sico"},"content":{"rendered":"<h1><\/h1>\n<h1 style=\"text-align: center;\">2.\u00ba Ciclo do Ensino B\u00e1sico<\/h1>\n<p>&nbsp;<\/p>\n<p style=\"text-align: justify;\">A chegada 2.\u00ba Ciclo do Ensino B\u00e1sico constitui uma rutura na vida dos estudantes e a passagem de um regime de monodoc\u00eancia, ainda que coadjuvada, para a multidoc\u00eancia \u00e9 sempre motivo de ansiedade tanto para os alunos como para as suas fam\u00edlias, especialmente porque esta altera\u00e7\u00e3o da din\u00e2mica escolar \u00e9 acompanhada pela mudan\u00e7a de escola.<\/p>\n<p style=\"text-align: justify;\">O Col\u00e9gio de S\u00e3o Miguel responde a esta realidade com din\u00e2micas de acolhimento e de integra\u00e7\u00e3o destinadas a assegurar que, t\u00e3o cedo quanto poss\u00edvel, cada aluno se sinta como em sua casa: integrado, acompanhado e apoiado nas mais diversas situa\u00e7\u00f5es que ocorrerem na sua vida di\u00e1ria.<\/p>\n<p style=\"text-align: justify;\">No 2.\u00ba Ciclo, oferecemos o curr\u00edculo nacional, como plano de estudos, tal como definido nos normativos legais em vigor, adicionamos-lhe uma oferta variada de clubes e projetos e asseguramos a possibilidade de frequ\u00eancia do ensino articulado da m\u00fasica.<\/p>\n<p style=\"text-align: justify;\">A din\u00e2mica que oferecemos destina-se a garantir, at\u00e9 onde nos for poss\u00edvel, o desenvolvimento integral da pessoa de cada aluno nas suas diversas dimens\u00f5es e a constru\u00e7\u00e3o de vidas com projetos e ideais positivamente diferenciadores.<\/p>\n","protected":false},"excerpt":{"rendered":"<p>\n2.\u00ba Ciclo do Ensino B\u00e1sico<br \/>\n&nbsp;<br \/>\nA chegada 2.\u00ba Ciclo do Ensino B\u00e1sico constitui uma rutura na vida dos estudantes e a passagem de um regime de monodoc\u00eancia, ainda que coadjuvada, para a multidoc\u00eancia \u00e9 sempre motivo de ansiedade tanto para os alunos como para as suas fam\u00edlias, especialmente porque esta altera\u00e7\u00e3o da din\u00e2mica escolar \u00e9 acompanhada pela mudan\u00e7a de escola.<br \/>\nO Col\u00e9gio de S\u00e3o Miguel responde a esta realidade com din\u00e2micas de acolhimento e de integra\u00e7\u00e3o destinadas a &#8230;<\/p>\n","protected":false},"author":1,"featured_media":0,"parent":0,"menu_order":0,"comment_status":"closed","ping_status":"closed","template":"","meta":{"pgc_meta":"","_monsterinsights_skip_tracking":false,"_monsterinsights_sitenote_active":false,"_monsterinsights_sitenote_note":"","_monsterinsights_sitenote_category":0,"iawp_total_views":1141,"footnotes":""},"class_list":["post-12470","page","type-page","status-publish","hentry"],"pgc_meta":"","_links":{"self":[{"href":"https:\/\/www.csmiguel.pt\/web\/wp-json\/wp\/v2\/pages\/12470"}],"collection":[{"href":"https:\/\/www.csmiguel.pt\/web\/wp-json\/wp\/v2\/pages"}],"about":[{"href":"https:\/\/www.csmiguel.pt\/web\/wp-json\/wp\/v2\/types\/page"}],"author":[{"embeddable":true,"href":"https:\/\/www.csmiguel.pt\/web\/wp-json\/wp\/v2\/users\/1"}],"replies":[{"embeddable":true,"href":"https:\/\/www.csmiguel.pt\/web\/wp-json\/wp\/v2\/comments?post=12470"}],"version-history":[{"count":1,"href":"https:\/\/www.csmiguel.pt\/web\/wp-json\/wp\/v2\/pages\/12470\/revisions"}],"predecessor-version":[{"id":12471,"href":"https:\/\/www.csmiguel.pt\/web\/wp-json\/wp\/v2\/pages\/12470\/revisions\/12471"}],"wp:attachment":[{"href":"https:\/\/www.csmiguel.pt\/web\/wp-json\/wp\/v2\/media?parent=12470"}],"curies":[{"name":"wp","href":"https:\/\/api.w.org\/{rel}","templated":true}]}}