{"id":12338,"date":"2018-01-16T12:53:58","date_gmt":"2018-01-16T11:53:58","guid":{"rendered":"http:\/\/csmiguel.pt\/web\/?page_id=12338"},"modified":"2025-10-01T11:06:25","modified_gmt":"2025-10-01T10:06:25","slug":"autorizacao-de-saida","status":"publish","type":"page","link":"https:\/\/www.csmiguel.pt\/web\/autorizacao-de-saida\/","title":{"rendered":"Autoriza\u00e7\u00e3o de Sa\u00edda"},"content":{"rendered":"<h1><\/h1>\n<h1 style=\"text-align: center;\">Autoriza\u00e7\u00e3o de Sa\u00edda<\/h1>\n<p>&nbsp;<\/p>\n<iframe class=\"pdfjs-viewer\" width=\"1000px\" height=\"849px\" src=\"https:\/\/www.csmiguel.pt\/web\/wp-content\/plugins\/pdf-viewer\/stable\/web\/viewer.html?file=https:\/\/www.csmiguel.pt\/web\/wp-content\/uploads\/documentos\/2025_2026\/DOC_3_Autorizacao_de_saida.pdf\"><\/iframe> \n","protected":false},"excerpt":{"rendered":"<p>\nAutoriza\u00e7\u00e3o de Sa\u00edda<br \/>\n&nbsp;<\/p>\n","protected":false},"author":1,"featured_media":0,"parent":0,"menu_order":0,"comment_status":"closed","ping_status":"closed","template":"","meta":{"pgc_meta":"","_monsterinsights_skip_tracking":false,"_monsterinsights_sitenote_active":false,"_monsterinsights_sitenote_note":"","_monsterinsights_sitenote_category":0,"iawp_total_views":1370,"footnotes":""},"class_list":["post-12338","page","type-page","status-publish","hentry"],"pgc_meta":"","_links":{"self":[{"href":"https:\/\/www.csmiguel.pt\/web\/wp-json\/wp\/v2\/pages\/12338"}],"collection":[{"href":"https:\/\/www.csmiguel.pt\/web\/wp-json\/wp\/v2\/pages"}],"about":[{"href":"https:\/\/www.csmiguel.pt\/web\/wp-json\/wp\/v2\/types\/page"}],"author":[{"embeddable":true,"href":"https:\/\/www.csmiguel.pt\/web\/wp-json\/wp\/v2\/users\/1"}],"replies":[{"embeddable":true,"href":"https:\/\/www.csmiguel.pt\/web\/wp-json\/wp\/v2\/comments?post=12338"}],"version-history":[{"count":13,"href":"https:\/\/www.csmiguel.pt\/web\/wp-json\/wp\/v2\/pages\/12338\/revisions"}],"predecessor-version":[{"id":19364,"href":"https:\/\/www.csmiguel.pt\/web\/wp-json\/wp\/v2\/pages\/12338\/revisions\/19364"}],"wp:attachment":[{"href":"https:\/\/www.csmiguel.pt\/web\/wp-json\/wp\/v2\/media?parent=12338"}],"curies":[{"name":"wp","href":"https:\/\/api.w.org\/{rel}","templated":true}]}}