{"id":12269,"date":"2018-01-15T17:29:41","date_gmt":"2018-01-15T16:29:41","guid":{"rendered":"http:\/\/csmiguel.pt\/web\/?page_id=12269"},"modified":"2022-02-14T18:37:15","modified_gmt":"2022-02-14T18:37:15","slug":"mensagem-do-diretor","status":"publish","type":"page","link":"https:\/\/www.csmiguel.pt\/web\/mensagem-do-diretor\/","title":{"rendered":"Mensagem do Diretor"},"content":{"rendered":"<h1><\/h1>\n<h1 style=\"text-align: center;\">Mensagem do Diretor<\/h1>\n<p>&nbsp;<\/p>\n<div id=\"attachment_12661\" style=\"width: 210px\" class=\"wp-caption alignleft\"><a href=\"https:\/\/www.csmiguel.pt\/web\/wp-content\/uploads\/2018\/01\/diretor.png\"><img decoding=\"async\" aria-describedby=\"caption-attachment-12661\" class=\"size-full wp-image-17074\" src=\"https:\/\/www.csmiguel.pt\/web\/wp-content\/uploads\/2018\/01\/diretor.png\" alt=\"Dr. Manuel Louren\u00e7o - Diretor do C.S.M.\" width=\"200\" height=\"230\" \/><\/a><p id=\"caption-attachment-12661\" class=\"wp-caption-text\">Dr. Manuel Louren\u00e7o &#8211; Diretor do C.S.M.<\/p><\/div>\n<p style=\"text-align: justify;\">Falar no Col\u00e9gio de S\u00e3o Miguel \u00e9 fazer refer\u00eancia a uma institui\u00e7\u00e3o com uma hist\u00f3ria de mais de cinco d\u00e9cadas, um valioso legado e uma cont\u00ednua marca na comunidade que comprovam o imperativo e nobreza da miss\u00e3o que o viu nascer. Longe, no entanto, de nos contentarmos com a qualidade dos sucessos at\u00e9 hoje atingidos, sabemos a velocidade com que o mundo, as pessoas e as necessidades se alteram, num processo que nos obriga a estar sempre alertas e predispostos a novos desafios, sejam eles educativos, sociais ou tecnol\u00f3gicos.<\/p>\n<p style=\"text-align: justify;\">Somos uma Escola Cat\u00f3lica. A nossa identidade manifesta-se nas diversas dimens\u00f5es da institui\u00e7\u00e3o seja nas rela\u00e7\u00f5es entre as pessoas, seja na organiza\u00e7\u00e3o escolar, seja na gest\u00e3o pedag\u00f3gica. O pressuposto de toda a nossa a\u00e7\u00e3o \u00e9 o desejo de alcan\u00e7ar o desenvolvimento integral do ser humano nas suas m\u00faltiplas dimens\u00f5es. Acreditamos que s\u00f3 um projeto educativo que, de forma equilibrada, promova a forma\u00e7\u00e3o f\u00edsica e intelectual, moral e espiritual, art\u00edstica e afetiva, ser\u00e1 um projeto que garante a verdadeira liberdade individual e solidez que permite encarar o futuro com confian\u00e7a e assegurar uma vida repleta e com sentido.<\/p>\n<p style=\"text-align: justify;\">Preparar as crian\u00e7as e jovens para as exig\u00eancias do futuro exige conhecer e respeitar a diferen\u00e7a de cada um e a heterogeneidade de um todo. Assim, al\u00e9m da solidariedade, entreajuda e toler\u00e2ncia, o Col\u00e9gio de S\u00e3o Miguel assume-se um agente modernizador, na medida em que incentiva a integra\u00e7\u00e3o e harmonia das diferen\u00e7as, n\u00e3o existindo quaisquer elementos discriminat\u00f3rios baseados na cor da pele, sexo, etnia ou cren\u00e7as religiosas. Contribu\u00edmos assim para um mundo mais justo e global onde a todos sejam atribu\u00eddas as mesmas oportunidades e igual respeito, em sintonia com a matriz crist\u00e3 identit\u00e1ria.<\/p>\n<p style=\"text-align: justify;\">Num esfor\u00e7o para alcan\u00e7armos o compromisso de bem preparar os futuros cidad\u00e3os que hoje passam pelas nossas salas de aula, s\u00e3o decisivos o car\u00e1cter e a abrang\u00eancia da nossa oferta educativa, cujos padr\u00f5es de excel\u00eancia, exig\u00eancia e inova\u00e7\u00e3o s\u00e3o reconhecidos. O Col\u00e9gio de S\u00e3o Miguel \u00e9 uma das poucas institui\u00e7\u00f5es nacionais dotadas de Cursos com Planos Pr\u00f3prios, assegurando que as necessidades de toda uma regi\u00e3o, que se estende para l\u00e1 de F\u00e1tima, s\u00e3o devidamente integradas num processo de aprendizagem que, ao inv\u00e9s de se voltar para si pr\u00f3prio, \u00e9 informado e motivado pelo contexto.<\/p>\n<p style=\"text-align: justify;\">Enquanto diretor do Col\u00e9gio de S\u00e3o Miguel, sa\u00fado todos os alunos, professores, educadores, encarregados de educa\u00e7\u00e3o, todos os profissionais e toda a comunidade educativa desta institui\u00e7\u00e3o, ao servi\u00e7o da qual trabalhamos todos os dias. Fa\u00e7o um apelo para que, de forma unida e mediante a singularidade dos nossos pap\u00e9is, possamos ajudar-nos na concretiza\u00e7\u00e3o de um des\u00edgnio coletivo, assente na vontade de proporcionar \u00e0s nossas crian\u00e7as e jovens os melhores saberes e a melhor forma\u00e7\u00e3o humana para que possam singrar perante os desafios do mundo.<\/p>\n<p style=\"text-align: justify;\">\u00c9 efetivamente com genu\u00edna esperan\u00e7a que antecipo o sucesso das novas gera\u00e7\u00f5es num futuro em que os valores da Amizade, Verdade e Exig\u00eancia se manter\u00e3o inalterados.<\/p>\n<p style=\"text-align: justify;\">Coloquemos, pois, m\u00e3o \u00e0 obra.<\/p>\n<p style=\"text-align: right;\">Manuel Louren\u00e7o<\/p>\n","protected":false},"excerpt":{"rendered":"<p>\nMensagem do Diretor<br \/>\n&nbsp;<br \/>\nFalar no Col\u00e9gio de S\u00e3o Miguel \u00e9 fazer refer\u00eancia a uma institui\u00e7\u00e3o com uma hist\u00f3ria de mais de cinco d\u00e9cadas, um valioso legado e uma cont\u00ednua marca na comunidade que comprovam o imperativo e nobreza da miss\u00e3o que o viu nascer. Longe, no entanto, de nos contentarmos com a qualidade dos sucessos at\u00e9 hoje atingidos, sabemos a velocidade com que o mundo, as pessoas e as necessidades se alteram, num processo que nos obriga a &#8230;<\/p>\n","protected":false},"author":1,"featured_media":0,"parent":0,"menu_order":0,"comment_status":"closed","ping_status":"closed","template":"template-blank-canvas.php","meta":{"pgc_meta":"","_monsterinsights_skip_tracking":false,"_monsterinsights_sitenote_active":false,"_monsterinsights_sitenote_note":"","_monsterinsights_sitenote_category":0,"iawp_total_views":1364,"footnotes":""},"class_list":["post-12269","page","type-page","status-publish","hentry"],"pgc_meta":"","_links":{"self":[{"href":"https:\/\/www.csmiguel.pt\/web\/wp-json\/wp\/v2\/pages\/12269"}],"collection":[{"href":"https:\/\/www.csmiguel.pt\/web\/wp-json\/wp\/v2\/pages"}],"about":[{"href":"https:\/\/www.csmiguel.pt\/web\/wp-json\/wp\/v2\/types\/page"}],"author":[{"embeddable":true,"href":"https:\/\/www.csmiguel.pt\/web\/wp-json\/wp\/v2\/users\/1"}],"replies":[{"embeddable":true,"href":"https:\/\/www.csmiguel.pt\/web\/wp-json\/wp\/v2\/comments?post=12269"}],"version-history":[{"count":8,"href":"https:\/\/www.csmiguel.pt\/web\/wp-json\/wp\/v2\/pages\/12269\/revisions"}],"predecessor-version":[{"id":17076,"href":"https:\/\/www.csmiguel.pt\/web\/wp-json\/wp\/v2\/pages\/12269\/revisions\/17076"}],"wp:attachment":[{"href":"https:\/\/www.csmiguel.pt\/web\/wp-json\/wp\/v2\/media?parent=12269"}],"curies":[{"name":"wp","href":"https:\/\/api.w.org\/{rel}","templated":true}]}}