{"id":12044,"date":"2017-12-31T03:35:34","date_gmt":"2017-12-31T02:35:34","guid":{"rendered":"http:\/\/csmiguel.pt\/web\/?page_id=12044"},"modified":"2017-12-31T03:35:34","modified_gmt":"2017-12-31T02:35:34","slug":"noticias-2","status":"publish","type":"page","link":"https:\/\/www.csmiguel.pt\/web\/noticias-2\/","title":{"rendered":"Not\u00edcias"},"content":{"rendered":"<div class=\"pt-cv-wrapper\"><div class=\"pt-cv-view pt-cv-grid pt-cv-colsys\" id=\"pt-cv-view-8064805gh6\"><div data-id=\"pt-cv-page-1\" class=\"pt-cv-page\" data-cvc=\"3\"><div class=\"col-md-4 col-sm-6 col-xs-12 pt-cv-content-item pt-cv-1-col\" ><div class='pt-cv-ifield'><a href=\"https:\/\/www.csmiguel.pt\/web\/via-de-amor\/\" class=\"_self pt-cv-href-thumbnail pt-cv-thumb-default\" target=\"_self\" ><img fetchpriority=\"high\" decoding=\"async\" width=\"300\" height=\"200\" src=\"https:\/\/www.csmiguel.pt\/web\/wp-content\/uploads\/2026\/04\/via-amor-0-300x200.png\" class=\"pt-cv-thumbnail\" alt=\"\" srcset=\"https:\/\/www.csmiguel.pt\/web\/wp-content\/uploads\/2026\/04\/via-amor-0-300x200.png 300w, https:\/\/www.csmiguel.pt\/web\/wp-content\/uploads\/2026\/04\/via-amor-0-320x213.png 320w, https:\/\/www.csmiguel.pt\/web\/wp-content\/uploads\/2026\/04\/via-amor-0.png 330w\" sizes=\"(max-width: 300px) 100vw, 300px\" \/><\/a>\n<h5 class=\"pt-cv-title\"><a href=\"https:\/\/www.csmiguel.pt\/web\/via-de-amor\/\" class=\"_self\" target=\"_self\" >Via de Amor<\/a><\/h5>\n<div class=\"pt-cv-content\">No\u00a0\u00faltimo dia de aulas antes da interrup\u00e7\u00e3o letiva da P\u00e1scoa, a 27 de mar\u00e7o, a comunidade educativa do Col\u00e9gio promoveu ...<br \/><div class=\"pt-cv-rmwrap\"><a href=\"https:\/\/www.csmiguel.pt\/web\/via-de-amor\/\" class=\"_self pt-cv-readmore btn btn-success\" target=\"_self\">Ler Mais<\/a><\/div><\/div><\/div><\/div>\n<div class=\"col-md-4 col-sm-6 col-xs-12 pt-cv-content-item pt-cv-1-col\" ><div class='pt-cv-ifield'><a href=\"https:\/\/www.csmiguel.pt\/web\/mochila-cultural-do-medio-tejo-leva-manha-artistica-ao-colegio-de-sao-miguel\/\" class=\"_self pt-cv-href-thumbnail pt-cv-thumb-default\" target=\"_self\" ><img decoding=\"async\" width=\"300\" height=\"200\" src=\"https:\/\/www.csmiguel.pt\/web\/wp-content\/uploads\/2026\/02\/mochila-fev25-0-300x200.png\" class=\"pt-cv-thumbnail\" alt=\"\" srcset=\"https:\/\/www.csmiguel.pt\/web\/wp-content\/uploads\/2026\/02\/mochila-fev25-0-300x200.png 300w, https:\/\/www.csmiguel.pt\/web\/wp-content\/uploads\/2026\/02\/mochila-fev25-0-320x213.png 320w, https:\/\/www.csmiguel.pt\/web\/wp-content\/uploads\/2026\/02\/mochila-fev25-0.png 330w\" sizes=\"(max-width: 300px) 100vw, 300px\" \/><\/a>\n<h5 class=\"pt-cv-title\"><a href=\"https:\/\/www.csmiguel.pt\/web\/mochila-cultural-do-medio-tejo-leva-manha-artistica-ao-colegio-de-sao-miguel\/\" class=\"_self\" target=\"_self\" >Mochila Cultural do M\u00e9dio Tejo leva manh\u00e3 art\u00edstica ao Col\u00e9gio de S\u00e3o Miguel<\/a><\/h5>\n<div class=\"pt-cv-content\">No passado dia 10 de fevereiro, o Col\u00e9gio de S\u00e3o Miguel recebeu uma atividade integrada na Mochila Cultural do M\u00e9dio ...<br \/><div class=\"pt-cv-rmwrap\"><a href=\"https:\/\/www.csmiguel.pt\/web\/mochila-cultural-do-medio-tejo-leva-manha-artistica-ao-colegio-de-sao-miguel\/\" class=\"_self pt-cv-readmore btn btn-success\" target=\"_self\">Ler Mais<\/a><\/div><\/div><\/div><\/div>\n<div class=\"col-md-4 col-sm-6 col-xs-12 pt-cv-content-item pt-cv-1-col\" ><div class='pt-cv-ifield'><a href=\"https:\/\/www.csmiguel.pt\/web\/appa-de-natal-2\/\" class=\"_self pt-cv-href-thumbnail pt-cv-thumb-default\" target=\"_self\" ><img decoding=\"async\" width=\"300\" height=\"200\" src=\"https:\/\/www.csmiguel.pt\/web\/wp-content\/uploads\/2026\/01\/appa-natal-dez25-0-300x200.png\" class=\"pt-cv-thumbnail\" alt=\"\" srcset=\"https:\/\/www.csmiguel.pt\/web\/wp-content\/uploads\/2026\/01\/appa-natal-dez25-0-300x200.png 300w, https:\/\/www.csmiguel.pt\/web\/wp-content\/uploads\/2026\/01\/appa-natal-dez25-0-320x213.png 320w, https:\/\/www.csmiguel.pt\/web\/wp-content\/uploads\/2026\/01\/appa-natal-dez25-0.png 330w\" sizes=\"(max-width: 300px) 100vw, 300px\" \/><\/a>\n<h5 class=\"pt-cv-title\"><a href=\"https:\/\/www.csmiguel.pt\/web\/appa-de-natal-2\/\" class=\"_self\" target=\"_self\" >APPA de Natal<\/a><\/h5>\n<div class=\"pt-cv-content\">No passado dia 19 de dezembro, a comunidade educativa reuniu-se no Pavilh\u00e3o Gimnodesportivo para celebrar a APPA de Natal. Um ...<br \/><div class=\"pt-cv-rmwrap\"><a href=\"https:\/\/www.csmiguel.pt\/web\/appa-de-natal-2\/\" class=\"_self pt-cv-readmore btn btn-success\" target=\"_self\">Ler Mais<\/a><\/div><\/div><\/div><\/div>\n<div class=\"col-md-4 col-sm-6 col-xs-12 pt-cv-content-item pt-cv-1-col\" ><div class='pt-cv-ifield'><a href=\"https:\/\/www.csmiguel.pt\/web\/tomada-de-posse-dos-orgaos-sociais-do-colegio-de-sao-miguel-escola-catolica\/\" class=\"_self pt-cv-href-thumbnail pt-cv-thumb-default\" target=\"_self\" ><img loading=\"lazy\" decoding=\"async\" width=\"300\" height=\"225\" src=\"https:\/\/www.csmiguel.pt\/web\/wp-content\/uploads\/2025\/12\/tp1-300x225.jpg\" class=\"pt-cv-thumbnail\" alt=\"\" srcset=\"https:\/\/www.csmiguel.pt\/web\/wp-content\/uploads\/2025\/12\/tp1-300x225.jpg 300w, https:\/\/www.csmiguel.pt\/web\/wp-content\/uploads\/2025\/12\/tp1-1024x768.jpg 1024w, https:\/\/www.csmiguel.pt\/web\/wp-content\/uploads\/2025\/12\/tp1-768x576.jpg 768w, https:\/\/www.csmiguel.pt\/web\/wp-content\/uploads\/2025\/12\/tp1-1536x1152.jpg 1536w, https:\/\/www.csmiguel.pt\/web\/wp-content\/uploads\/2025\/12\/tp1-320x240.jpg 320w, https:\/\/www.csmiguel.pt\/web\/wp-content\/uploads\/2025\/12\/tp1-480x360.jpg 480w, https:\/\/www.csmiguel.pt\/web\/wp-content\/uploads\/2025\/12\/tp1-800x600.jpg 800w, https:\/\/www.csmiguel.pt\/web\/wp-content\/uploads\/2025\/12\/tp1.jpg 1600w\" sizes=\"(max-width: 300px) 100vw, 300px\" \/><\/a>\n<h5 class=\"pt-cv-title\"><a href=\"https:\/\/www.csmiguel.pt\/web\/tomada-de-posse-dos-orgaos-sociais-do-colegio-de-sao-miguel-escola-catolica\/\" class=\"_self\" target=\"_self\" >Tomada de Posse dos \u00d3rg\u00e3os Sociais do Col\u00e9gio de S\u00e3o Miguel \u2013 Escola Cat\u00f3lica<\/a><\/h5>\n<div class=\"pt-cv-content\">A Funda\u00e7\u00e3o Col\u00e9gio de S\u00e3o Miguel \u2013 Escola Cat\u00f3lica realizou, na tarde de quinta-feira, 18 de dezembro de 2025, a ...<br \/><div class=\"pt-cv-rmwrap\"><a href=\"https:\/\/www.csmiguel.pt\/web\/tomada-de-posse-dos-orgaos-sociais-do-colegio-de-sao-miguel-escola-catolica\/\" class=\"_self pt-cv-readmore btn btn-success\" target=\"_self\">Ler Mais<\/a><\/div><\/div><\/div><\/div>\n<div class=\"col-md-4 col-sm-6 col-xs-12 pt-cv-content-item pt-cv-1-col\" ><div class='pt-cv-ifield'><a href=\"https:\/\/www.csmiguel.pt\/web\/inteligencia-artificial-formacao-em-roma\/\" class=\"_self pt-cv-href-thumbnail pt-cv-thumb-default\" target=\"_self\" ><img loading=\"lazy\" decoding=\"async\" width=\"300\" height=\"200\" src=\"https:\/\/www.csmiguel.pt\/web\/wp-content\/uploads\/2026\/01\/roma-dec25-0-300x200.png\" class=\"pt-cv-thumbnail\" alt=\"\" srcset=\"https:\/\/www.csmiguel.pt\/web\/wp-content\/uploads\/2026\/01\/roma-dec25-0-300x200.png 300w, https:\/\/www.csmiguel.pt\/web\/wp-content\/uploads\/2026\/01\/roma-dec25-0-320x213.png 320w, https:\/\/www.csmiguel.pt\/web\/wp-content\/uploads\/2026\/01\/roma-dec25-0.png 330w\" sizes=\"(max-width: 300px) 100vw, 300px\" \/><\/a>\n<h5 class=\"pt-cv-title\"><a href=\"https:\/\/www.csmiguel.pt\/web\/inteligencia-artificial-formacao-em-roma\/\" class=\"_self\" target=\"_self\" >Intelig\u00eancia Artificial \u2013 Forma\u00e7\u00e3o em Roma<\/a><\/h5>\n<div class=\"pt-cv-content\">Quatro professoras do Col\u00e9gio de S\u00e3o Miguel viajaram para a capital italiana, de 17 a 21 de novembro, para participar ...<br \/><div class=\"pt-cv-rmwrap\"><a href=\"https:\/\/www.csmiguel.pt\/web\/inteligencia-artificial-formacao-em-roma\/\" class=\"_self pt-cv-readmore btn btn-success\" target=\"_self\">Ler Mais<\/a><\/div><\/div><\/div><\/div>\n<div class=\"col-md-4 col-sm-6 col-xs-12 pt-cv-content-item pt-cv-1-col\" ><div class='pt-cv-ifield'><a href=\"https:\/\/www.csmiguel.pt\/web\/19424-2\/\" class=\"_self pt-cv-href-thumbnail pt-cv-thumb-default\" target=\"_self\" ><img loading=\"lazy\" decoding=\"async\" width=\"300\" height=\"200\" src=\"https:\/\/www.csmiguel.pt\/web\/wp-content\/uploads\/2025\/11\/OS_AP_CSM_nov25-300x200.png\" class=\"pt-cv-thumbnail\" alt=\"\" srcset=\"https:\/\/www.csmiguel.pt\/web\/wp-content\/uploads\/2025\/11\/OS_AP_CSM_nov25-300x200.png 300w, https:\/\/www.csmiguel.pt\/web\/wp-content\/uploads\/2025\/11\/OS_AP_CSM_nov25-320x213.png 320w, https:\/\/www.csmiguel.pt\/web\/wp-content\/uploads\/2025\/11\/OS_AP_CSM_nov25.png 330w\" sizes=\"(max-width: 300px) 100vw, 300px\" \/><\/a>\n<h5 class=\"pt-cv-title\"><a href=\"https:\/\/www.csmiguel.pt\/web\/19424-2\/\" class=\"_self\" target=\"_self\" >Elei\u00e7\u00f5es dos \u00d3rg\u00e3os Sociais da Associa\u00e7\u00e3o de Pais do Col\u00e9gio de S. Miguel<\/a><\/h5>\n<div class=\"pt-cv-content\">No passado dia 23 de outubro, realizaram-se as elei\u00e7\u00f5es para os \u00f3rg\u00e3os sociais da Associa\u00e7\u00e3o de Pais do Col\u00e9gio de ...<br \/><div class=\"pt-cv-rmwrap\"><a href=\"https:\/\/www.csmiguel.pt\/web\/19424-2\/\" class=\"_self pt-cv-readmore btn btn-success\" target=\"_self\">Ler Mais<\/a><\/div><\/div><\/div><\/div>\n<div class=\"col-md-4 col-sm-6 col-xs-12 pt-cv-content-item pt-cv-1-col\" ><div class='pt-cv-ifield'><a href=\"https:\/\/www.csmiguel.pt\/web\/antigo-aluno-regressa-ao-colegio-sao-miguel-para-falar-sobre-a-gravidade-da-situacao\/\" class=\"_self pt-cv-href-thumbnail pt-cv-thumb-default\" target=\"_self\" ><img loading=\"lazy\" decoding=\"async\" width=\"300\" height=\"200\" src=\"https:\/\/www.csmiguel.pt\/web\/wp-content\/uploads\/2025\/10\/gravidade-out25-0-300x200.png\" class=\"pt-cv-thumbnail\" alt=\"\" srcset=\"https:\/\/www.csmiguel.pt\/web\/wp-content\/uploads\/2025\/10\/gravidade-out25-0-300x200.png 300w, https:\/\/www.csmiguel.pt\/web\/wp-content\/uploads\/2025\/10\/gravidade-out25-0-320x213.png 320w, https:\/\/www.csmiguel.pt\/web\/wp-content\/uploads\/2025\/10\/gravidade-out25-0.png 330w\" sizes=\"(max-width: 300px) 100vw, 300px\" \/><\/a>\n<h5 class=\"pt-cv-title\"><a href=\"https:\/\/www.csmiguel.pt\/web\/antigo-aluno-regressa-ao-colegio-sao-miguel-para-falar-sobre-a-gravidade-da-situacao\/\" class=\"_self\" target=\"_self\" >Antigo aluno regressa ao Col\u00e9gio S\u00e3o Miguel para falar sobre \u201cA Gravidade da Situa\u00e7\u00e3o\u201d<\/a><\/h5>\n<div class=\"pt-cv-content\">No dia 20 de outubro, os alunos do 11.\u00ba A e 11.\u00ba B tiveram a oportunidade de assistir \u00e0 palestra ...<br \/><div class=\"pt-cv-rmwrap\"><a href=\"https:\/\/www.csmiguel.pt\/web\/antigo-aluno-regressa-ao-colegio-sao-miguel-para-falar-sobre-a-gravidade-da-situacao\/\" class=\"_self pt-cv-readmore btn btn-success\" target=\"_self\">Ler Mais<\/a><\/div><\/div><\/div><\/div>\n<div class=\"col-md-4 col-sm-6 col-xs-12 pt-cv-content-item pt-cv-1-col\" ><div class='pt-cv-ifield'><a href=\"https:\/\/www.csmiguel.pt\/web\/programa-sextos-nova-edicao\/\" class=\"_self pt-cv-href-thumbnail pt-cv-thumb-default\" target=\"_self\" ><img loading=\"lazy\" decoding=\"async\" width=\"300\" height=\"200\" src=\"https:\/\/www.csmiguel.pt\/web\/wp-content\/uploads\/2025\/10\/sextos-out25-0-300x200.png\" class=\"pt-cv-thumbnail\" alt=\"\" srcset=\"https:\/\/www.csmiguel.pt\/web\/wp-content\/uploads\/2025\/10\/sextos-out25-0-300x200.png 300w, https:\/\/www.csmiguel.pt\/web\/wp-content\/uploads\/2025\/10\/sextos-out25-0-320x213.png 320w, https:\/\/www.csmiguel.pt\/web\/wp-content\/uploads\/2025\/10\/sextos-out25-0.png 330w\" sizes=\"(max-width: 300px) 100vw, 300px\" \/><\/a>\n<h5 class=\"pt-cv-title\"><a href=\"https:\/\/www.csmiguel.pt\/web\/programa-sextos-nova-edicao\/\" class=\"_self\" target=\"_self\" >Programa SEXTOS &#8211; nova edi\u00e7\u00e3o<\/a><\/h5>\n<div class=\"pt-cv-content\">Entre os dias 15 e 17 de outubro de 2025, realizou-se no Col\u00e9gio de S\u00e3o Miguel o Programa SEXTOS, uma ...<br \/><div class=\"pt-cv-rmwrap\"><a href=\"https:\/\/www.csmiguel.pt\/web\/programa-sextos-nova-edicao\/\" class=\"_self pt-cv-readmore btn btn-success\" target=\"_self\">Ler Mais<\/a><\/div><\/div><\/div><\/div>\n<div class=\"col-md-4 col-sm-6 col-xs-12 pt-cv-content-item pt-cv-1-col\" ><div class='pt-cv-ifield'><a href=\"https:\/\/www.csmiguel.pt\/web\/apresentacao-do-livro-um-voo-sobre-fatima\/\" class=\"_self pt-cv-href-thumbnail pt-cv-thumb-default\" target=\"_self\" ><img loading=\"lazy\" decoding=\"async\" width=\"300\" height=\"200\" src=\"https:\/\/www.csmiguel.pt\/web\/wp-content\/uploads\/2025\/10\/voo-fatima-out25-0-300x200.png\" class=\"pt-cv-thumbnail\" alt=\"\" srcset=\"https:\/\/www.csmiguel.pt\/web\/wp-content\/uploads\/2025\/10\/voo-fatima-out25-0-300x200.png 300w, https:\/\/www.csmiguel.pt\/web\/wp-content\/uploads\/2025\/10\/voo-fatima-out25-0-320x213.png 320w, https:\/\/www.csmiguel.pt\/web\/wp-content\/uploads\/2025\/10\/voo-fatima-out25-0.png 330w\" sizes=\"(max-width: 300px) 100vw, 300px\" \/><\/a>\n<h5 class=\"pt-cv-title\"><a href=\"https:\/\/www.csmiguel.pt\/web\/apresentacao-do-livro-um-voo-sobre-fatima\/\" class=\"_self\" target=\"_self\" >Apresenta\u00e7\u00e3o do livro &#8220;Um Voo sobre F\u00e1tima&#8221;<\/a><\/h5>\n<div class=\"pt-cv-content\">Na tarde de hoje, os alunos do 5.\u00ba ano do nosso Col\u00e9gio tiveram a oportunidade de participar num encontro muito ...<br \/><div class=\"pt-cv-rmwrap\"><a href=\"https:\/\/www.csmiguel.pt\/web\/apresentacao-do-livro-um-voo-sobre-fatima\/\" class=\"_self pt-cv-readmore btn btn-success\" target=\"_self\">Ler Mais<\/a><\/div><\/div><\/div><\/div>\n<div class=\"col-md-4 col-sm-6 col-xs-12 pt-cv-content-item pt-cv-1-col\" ><div class='pt-cv-ifield'><a href=\"https:\/\/www.csmiguel.pt\/web\/colegio-celebrou-o-seu-padroeiro-com-a-presenca-do-bispo-diocesano\/\" class=\"_self pt-cv-href-thumbnail pt-cv-thumb-default\" target=\"_self\" ><img loading=\"lazy\" decoding=\"async\" width=\"300\" height=\"200\" src=\"https:\/\/www.csmiguel.pt\/web\/wp-content\/uploads\/2025\/10\/Dia_S_Miguel_2025_1-300x200.jpg\" class=\"pt-cv-thumbnail\" alt=\"\" srcset=\"https:\/\/www.csmiguel.pt\/web\/wp-content\/uploads\/2025\/10\/Dia_S_Miguel_2025_1-300x200.jpg 300w, https:\/\/www.csmiguel.pt\/web\/wp-content\/uploads\/2025\/10\/Dia_S_Miguel_2025_1-1024x683.jpg 1024w, https:\/\/www.csmiguel.pt\/web\/wp-content\/uploads\/2025\/10\/Dia_S_Miguel_2025_1-768x512.jpg 768w, https:\/\/www.csmiguel.pt\/web\/wp-content\/uploads\/2025\/10\/Dia_S_Miguel_2025_1-320x213.jpg 320w, https:\/\/www.csmiguel.pt\/web\/wp-content\/uploads\/2025\/10\/Dia_S_Miguel_2025_1-480x320.jpg 480w, https:\/\/www.csmiguel.pt\/web\/wp-content\/uploads\/2025\/10\/Dia_S_Miguel_2025_1-800x533.jpg 800w, https:\/\/www.csmiguel.pt\/web\/wp-content\/uploads\/2025\/10\/Dia_S_Miguel_2025_1.jpg 1200w\" sizes=\"(max-width: 300px) 100vw, 300px\" \/><\/a>\n<h5 class=\"pt-cv-title\"><a href=\"https:\/\/www.csmiguel.pt\/web\/colegio-celebrou-o-seu-padroeiro-com-a-presenca-do-bispo-diocesano\/\" class=\"_self\" target=\"_self\" >Col\u00e9gio celebrou o seu Padroeiro com a presen\u00e7a do Bispo Diocesano<\/a><\/h5>\n<div class=\"pt-cv-content\">No dia 29 de setembro, festa lit\u00fargica dos Arcanjos S\u00e3o Miguel, S\u00e3o Gabriel e S\u00e3o Rafael, o Col\u00e9gio de S\u00e3o ...<br \/><div class=\"pt-cv-rmwrap\"><a href=\"https:\/\/www.csmiguel.pt\/web\/colegio-celebrou-o-seu-padroeiro-com-a-presenca-do-bispo-diocesano\/\" class=\"_self pt-cv-readmore btn btn-success\" target=\"_self\">Ler Mais<\/a><\/div><\/div><\/div><\/div>\n<div class=\"col-md-4 col-sm-6 col-xs-12 pt-cv-content-item pt-cv-1-col\" ><div class='pt-cv-ifield'><a href=\"https:\/\/www.csmiguel.pt\/web\/dia-do-diploma-2\/\" class=\"_self pt-cv-href-thumbnail pt-cv-thumb-default\" target=\"_self\" ><img loading=\"lazy\" decoding=\"async\" width=\"300\" height=\"200\" src=\"https:\/\/www.csmiguel.pt\/web\/wp-content\/uploads\/2025\/10\/diploma-2025-0.png\" class=\"pt-cv-thumbnail\" alt=\"\" \/><\/a>\n<h5 class=\"pt-cv-title\"><a href=\"https:\/\/www.csmiguel.pt\/web\/dia-do-diploma-2\/\" class=\"_self\" target=\"_self\" >Dia do Diploma<\/a><\/h5>\n<div class=\"pt-cv-content\">No dia 26 de setembro, o Espa\u00e7o S\u00e3o Miguel encheu-se de fam\u00edlias e professores para homenagear os nossos alunos. Foram ...<br \/><div class=\"pt-cv-rmwrap\"><a href=\"https:\/\/www.csmiguel.pt\/web\/dia-do-diploma-2\/\" class=\"_self pt-cv-readmore btn btn-success\" target=\"_self\">Ler Mais<\/a><\/div><\/div><\/div><\/div>\n<div class=\"col-md-4 col-sm-6 col-xs-12 pt-cv-content-item pt-cv-1-col\" ><div class='pt-cv-ifield'><a href=\"https:\/\/www.csmiguel.pt\/web\/astronautas-por-um-dia\/\" class=\"_self pt-cv-href-thumbnail pt-cv-thumb-default\" target=\"_self\" ><img loading=\"lazy\" decoding=\"async\" width=\"300\" height=\"200\" src=\"https:\/\/www.csmiguel.pt\/web\/wp-content\/uploads\/2025\/09\/Astronautas_set2025.png\" class=\"pt-cv-thumbnail\" alt=\"\" \/><\/a>\n<h5 class=\"pt-cv-title\"><a href=\"https:\/\/www.csmiguel.pt\/web\/astronautas-por-um-dia\/\" class=\"_self\" target=\"_self\" >Astronautas por um dia<\/a><\/h5>\n<div class=\"pt-cv-content\">Os nossos alunos, Tom\u00e1s Cust\u00f3dio, do 11.\u00ba B, e Matilde Deboeuf, do 10.\u00ba A, viveram, no passado domingo, uma experi\u00eancia ...<br \/><div class=\"pt-cv-rmwrap\"><a href=\"https:\/\/www.csmiguel.pt\/web\/astronautas-por-um-dia\/\" class=\"_self pt-cv-readmore btn btn-success\" target=\"_self\">Ler Mais<\/a><\/div><\/div><\/div><\/div>\n<div class=\"col-md-4 col-sm-6 col-xs-12 pt-cv-content-item pt-cv-1-col\" ><div class='pt-cv-ifield'><a href=\"https:\/\/www.csmiguel.pt\/web\/abertura-do-novo-ano-letivo\/\" class=\"_self pt-cv-href-thumbnail pt-cv-thumb-default\" target=\"_self\" ><img loading=\"lazy\" decoding=\"async\" width=\"300\" height=\"200\" src=\"https:\/\/www.csmiguel.pt\/web\/wp-content\/uploads\/2025\/09\/inicio-aulas-set25-0-300x200.png\" class=\"pt-cv-thumbnail\" alt=\"\" srcset=\"https:\/\/www.csmiguel.pt\/web\/wp-content\/uploads\/2025\/09\/inicio-aulas-set25-0-300x200.png 300w, https:\/\/www.csmiguel.pt\/web\/wp-content\/uploads\/2025\/09\/inicio-aulas-set25-0-320x213.png 320w, https:\/\/www.csmiguel.pt\/web\/wp-content\/uploads\/2025\/09\/inicio-aulas-set25-0.png 330w\" sizes=\"(max-width: 300px) 100vw, 300px\" \/><\/a>\n<h5 class=\"pt-cv-title\"><a href=\"https:\/\/www.csmiguel.pt\/web\/abertura-do-novo-ano-letivo\/\" class=\"_self\" target=\"_self\" >Abertura do Novo Ano Letivo<\/a><\/h5>\n<div class=\"pt-cv-content\">\u201cEsperan\u00e7a no olhar, amizade no cora\u00e7\u00e3o\u201d. \u00c9 este o lema que acolhe os alunos que regressam ao Col\u00e9gio de S\u00e3o ...<br \/><div class=\"pt-cv-rmwrap\"><a href=\"https:\/\/www.csmiguel.pt\/web\/abertura-do-novo-ano-letivo\/\" class=\"_self pt-cv-readmore btn btn-success\" target=\"_self\">Ler Mais<\/a><\/div><\/div><\/div><\/div>\n<div class=\"col-md-4 col-sm-6 col-xs-12 pt-cv-content-item pt-cv-1-col\" ><div class='pt-cv-ifield'><a href=\"https:\/\/www.csmiguel.pt\/web\/diploma-dual-cerimonia-de-entrega-de-diplomas-em-madrid\/\" class=\"_self pt-cv-href-thumbnail pt-cv-thumb-default\" target=\"_self\" ><img loading=\"lazy\" decoding=\"async\" width=\"300\" height=\"200\" src=\"https:\/\/www.csmiguel.pt\/web\/wp-content\/uploads\/2025\/07\/dual-jul25-0.png\" class=\"pt-cv-thumbnail\" alt=\"\" \/><\/a>\n<h5 class=\"pt-cv-title\"><a href=\"https:\/\/www.csmiguel.pt\/web\/diploma-dual-cerimonia-de-entrega-de-diplomas-em-madrid\/\" class=\"_self\" target=\"_self\" >DIPLOMA DUAL &#8211; Cerim\u00f3nia de entrega de diplomas em Madrid<\/a><\/h5>\n<div class=\"pt-cv-content\">PARAB\u00c9NS, MARIANA SILVA e MIGUEL DAM\u00c1SIO! Os dois alunos finalistas, Mariana Silva e Miguel Dam\u00e1sio receberam com honra e distin\u00e7\u00e3o ...<br \/><div class=\"pt-cv-rmwrap\"><a href=\"https:\/\/www.csmiguel.pt\/web\/diploma-dual-cerimonia-de-entrega-de-diplomas-em-madrid\/\" class=\"_self pt-cv-readmore btn btn-success\" target=\"_self\">Ler Mais<\/a><\/div><\/div><\/div><\/div>\n<div class=\"col-md-4 col-sm-6 col-xs-12 pt-cv-content-item pt-cv-1-col\" ><div class='pt-cv-ifield'><a href=\"https:\/\/www.csmiguel.pt\/web\/lista-de-manuais-escolares-2025-2026\/\" class=\"_self pt-cv-href-thumbnail pt-cv-thumb-default\" target=\"_self\" ><img loading=\"lazy\" decoding=\"async\" width=\"300\" height=\"200\" src=\"https:\/\/www.csmiguel.pt\/web\/wp-content\/uploads\/2018\/06\/livros-300x200.png\" class=\"pt-cv-thumbnail\" alt=\"\" srcset=\"https:\/\/www.csmiguel.pt\/web\/wp-content\/uploads\/2018\/06\/livros-300x200.png 300w, https:\/\/www.csmiguel.pt\/web\/wp-content\/uploads\/2018\/06\/livros.png 330w\" sizes=\"(max-width: 300px) 100vw, 300px\" \/><\/a>\n<h5 class=\"pt-cv-title\"><a href=\"https:\/\/www.csmiguel.pt\/web\/lista-de-manuais-escolares-2025-2026\/\" class=\"_self\" target=\"_self\" >Lista de Manuais Escolares 2025\/26<\/a><\/h5>\n<div class=\"pt-cv-content\">Informamos que j\u00e1 est\u00e1 dispon\u00edvel para consulta a lista atualizada de manuais escolares adotados para o ano letivo 2025\/2026 ...<br \/><div class=\"pt-cv-rmwrap\"><a href=\"https:\/\/www.csmiguel.pt\/web\/lista-de-manuais-escolares-2025-2026\/\" class=\"_self pt-cv-readmore btn btn-success\" target=\"_self\">Ler Mais<\/a><\/div><\/div><\/div><\/div><\/div><\/div>\n<div class=\" pt-cv-pagination-wrapper\"><ul class=\"pt-cv-pagination pt-cv-ajax pagination\" data-totalpages=\"30\" data-currentpage=\"1\" data-sid=\"8064805gh6\" data-unid=\"\" data-isblock=\"\" data-postid=\"\"><li class=\"active\"><a href=\"#\">1<\/a><\/li>\n\t<li ><a class=\"\" href=\"https:\/\/www.csmiguel.pt\/web\/wp-json\/wp\/v2\/pages\/12044\/?_page=2\">2<\/a><\/li>\n\t<li ><a class=\"\" href=\"https:\/\/www.csmiguel.pt\/web\/wp-json\/wp\/v2\/pages\/12044\/?_page=3\">3<\/a><\/li>\n\t<li ><a href=\"#\">&hellip;<\/a><\/li>\n\t<li ><a class=\"\" href=\"https:\/\/www.csmiguel.pt\/web\/wp-json\/wp\/v2\/pages\/12044\/?_page=30\">30<\/a><\/li>\n\t<li ><a class=\" \" href=\"https:\/\/www.csmiguel.pt\/web\/wp-json\/wp\/v2\/pages\/12044\/?_page=2\">&rsaquo;<\/a><\/li>\n\t<\/ul><img loading=\"lazy\" decoding=\"async\" width=\"15\" height=\"15\" class=\"pt-cv-spinner\" alt=\"Loading...\" src=\"data:image\/gif;base64,R0lGODlhDwAPALMPAMrKygwMDJOTkz09PZWVla+vr3p6euTk5M7OzuXl5TMzMwAAAJmZmWZmZszMzP\/\/\/yH\/C05FVFNDQVBFMi4wAwEAAAAh+QQFCgAPACwAAAAADwAPAAAEQvDJaZaZOIcV8iQK8VRX4iTYoAwZ4iCYoAjZ4RxejhVNoT+mRGP4cyF4Pp0N98sBGIBMEMOotl6YZ3S61Bmbkm4mAgAh+QQFCgAPACwAAAAADQANAAAENPDJSRSZeA418itN8QiK8BiLITVsFiyBBIoYqnoewAD4xPw9iY4XLGYSjkQR4UAUD45DLwIAIfkEBQoADwAsAAAAAA8ACQAABC\/wyVlamTi3nSdgwFNdhEJgTJoNyoB9ISYoQmdjiZPcj7EYCAeCF1gEDo4Dz2eIAAAh+QQFCgAPACwCAAAADQANAAAEM\/DJBxiYeLKdX3IJZT1FU0iIg2RNKx3OkZVnZ98ToRD4MyiDnkAh6BkNC0MvsAj0kMpHBAAh+QQFCgAPACwGAAAACQAPAAAEMDC59KpFDll73HkAA2wVY5KgiK5b0RRoI6MuzG6EQqCDMlSGheEhUAgqgUUAFRySIgAh+QQFCgAPACwCAAIADQANAAAEM\/DJKZNLND\/kkKaHc3xk+QAMYDKsiaqmZCxGVjSFFCxB1vwy2oOgIDxuucxAMTAJFAJNBAAh+QQFCgAPACwAAAYADwAJAAAEMNAs86q1yaWwwv2Ig0jUZx3OYa4XoRAfwADXoAwfo1+CIjyFRuEho60aSNYlOPxEAAAh+QQFCgAPACwAAAIADQANAAAENPA9s4y8+IUVcqaWJ4qEQozSoAzoIyhCK2NFU2SJk0hNnyEOhKR2AzAAj4Pj4GE4W0bkJQIAOw==\" \/><div class=\"clear pt-cv-clear-pagination\"><\/div><\/div><\/div>\n","protected":false},"excerpt":{"rendered":"<p>Informamos que j\u00e1 est\u00e1 dispon\u00edvel para consulta a lista atualizada de manuais escolares adotados para o ano letivo 2025\/2026<\/p>\n","protected":false},"author":1,"featured_media":0,"parent":0,"menu_order":0,"comment_status":"closed","ping_status":"closed","template":"template-blank-canvas.php","meta":{"pgc_meta":"","_monsterinsights_skip_tracking":false,"_monsterinsights_sitenote_active":false,"_monsterinsights_sitenote_note":"","_monsterinsights_sitenote_category":0,"iawp_total_views":1012,"footnotes":""},"class_list":["post-12044","page","type-page","status-publish","hentry"],"pgc_meta":"","_links":{"self":[{"href":"https:\/\/www.csmiguel.pt\/web\/wp-json\/wp\/v2\/pages\/12044"}],"collection":[{"href":"https:\/\/www.csmiguel.pt\/web\/wp-json\/wp\/v2\/pages"}],"about":[{"href":"https:\/\/www.csmiguel.pt\/web\/wp-json\/wp\/v2\/types\/page"}],"author":[{"embeddable":true,"href":"https:\/\/www.csmiguel.pt\/web\/wp-json\/wp\/v2\/users\/1"}],"replies":[{"embeddable":true,"href":"https:\/\/www.csmiguel.pt\/web\/wp-json\/wp\/v2\/comments?post=12044"}],"version-history":[{"count":1,"href":"https:\/\/www.csmiguel.pt\/web\/wp-json\/wp\/v2\/pages\/12044\/revisions"}],"predecessor-version":[{"id":12045,"href":"https:\/\/www.csmiguel.pt\/web\/wp-json\/wp\/v2\/pages\/12044\/revisions\/12045"}],"wp:attachment":[{"href":"https:\/\/www.csmiguel.pt\/web\/wp-json\/wp\/v2\/media?parent=12044"}],"curies":[{"name":"wp","href":"https:\/\/api.w.org\/{rel}","templated":true}]}}