{"id":11485,"date":"2017-11-08T05:31:32","date_gmt":"2017-11-08T04:31:32","guid":{"rendered":"http:\/\/csmiguel.pt\/web\/?page_id=11485"},"modified":"2020-01-23T02:30:45","modified_gmt":"2020-01-23T02:30:45","slug":"contactos","status":"publish","type":"page","link":"https:\/\/www.csmiguel.pt\/web\/contactos\/","title":{"rendered":"Contactos"},"content":{"rendered":"[vc_row][vc_column width=&#8221;1\/2&#8243;]<div class=\"true-heading-wrap uMLzqznp tt_animate_none \"><h3>Contactos<\/h3><\/div>[vc_empty_space height=&#8221;16px&#8221;]<div class=\"true-image-box-2 tt_animate_none  jMlxzKkT\"><div class=\"true-img-wrap\"><\/div><div class=\"true-text-wrap\"><span class=\"icon-circ-wrap\"><i class=\"true-custom-icon fa fa fa-map-marker\"><\/i><\/span><div class=\"callout-details-wrap\"><span style=\"color: white;\">.<\/span><br \/>\nRua D. Jo\u00e3o Pereira Ven\u00e2ncio, N\u00ba 1<br \/>\nF\u00e1tima<br \/>\n2495-440<br \/>\nPortugal\n<p>Telf. 249 531 128<\/p><\/div><\/div><\/div>[\/vc_column][vc_column width=&#8221;1\/2&#8243;]<div class=\"true-heading-wrap qKrmwoMO tt_animate_none \"><h3>Correio Eletr\u00f3nico<\/h3><\/div>[vc_empty_space height=&#8221;16px&#8221;]<div class=\"true-image-box-2 tt_animate_none  MGeASiTK\"><div class=\"true-img-wrap\"><\/div><div class=\"true-text-wrap\"><span class=\"icon-circ-wrap\"><i class=\"true-custom-icon fa fa fa-envelope\"><\/i><\/span><div class=\"callout-details-wrap\"><span style=\"color: white;\">.<\/span>\n<p>Geral:\u00a0<a href=\"mailto:secretaria@csmiguel.pt\">secretaria@csmiguel.pt<\/a><br \/>\nDire\u00e7\u00e3o:\u00a0<a href=\"mailto:diretor@csmiguel.pt\">diretor@csmiguel.pt<\/a><br \/>\nDire\u00e7\u00e3o Pedag\u00f3gica: <a href=\"mailto:dp@csmiguel.pt\">dp@csmiguel.pt<\/a><\/p><\/div><\/div><\/div>[\/vc_column][\/vc_row][vc_row][vc_column][vc_gmaps link=&#8221;#E-8_JTNDaWZyYW1lJTIwc3JjJTNEJTIyaHR0cHMlM0ElMkYlMkZ3d3cuZ29vZ2xlLmNvbSUyRm1hcHMlMkZlbWJlZCUzRnBiJTNEJTIxMW0xOCUyMTFtMTIlMjExbTMlMjExZDMwNzIuMzk1NjcxMzc1MjU4NiUyMTJkLTguNjgwMDM1Njg0MzM4NjA0JTIxM2QzOS42NDA4MDg5Nzk0NjI4NTQlMjEybTMlMjExZjAlMjEyZjAlMjEzZjAlMjEzbTIlMjExaTEwMjQlMjEyaTc2OCUyMTRmMTMuMSUyMTNtMyUyMTFtMiUyMTFzMHhkMTg5ZDQxNWQzODY4YTUlMjUzQTB4YjVlMTE1ZjBiMTcwYWQ5MiUyMTJzQ29sJTI1QzMlMjVBOWdpbyUyQmRlJTJCUyUyNUMzJTI1QTNvJTJCTWlndWVsJTIxNWUwJTIxM20yJTIxMXNwdC1QVCUyMTJzcHQlMjE0djE1MTAxMTU5OTcwNDYlMjIlMjB3aWR0aCUzRCUyMjEwMDAlMjIlMjBoZWlnaHQlM0QlMjI2MDAlMjIlMjBmcmFtZWJvcmRlciUzRCUyMjAlMjIlMjBzdHlsZSUzRCUyMmJvcmRlciUzQTAlMjIlMjBhbGxvd2Z1bGxzY3JlZW4lM0UlM0MlMkZpZnJhbWUlM0U=&#8221; css_animation=&#8221;fadeInDown&#8221;][\/vc_column][\/vc_row]\n","protected":false},"excerpt":{"rendered":"<p>[vc_row][vc_column width=&#8221;1\/2&#8243;][vc_empty_space height=&#8221;16px&#8221;][\/vc_column][vc_column width=&#8221;1\/2&#8243;][vc_empty_space height=&#8221;16px&#8221;][\/vc_column][\/vc_row][vc_row][vc_column][vc_gmaps link=&#8221;#E-8_JTNDaWZyYW1lJTIwc3JjJTNEJTIyaHR0cHMlM0ElMkYlMkZ3d3cuZ29vZ2xlLmNvbSUyRm1hcHMlMkZlbWJlZCUzRnBiJTNEJTIxMW0xOCUyMTFtMTIlMjExbTMlMjExZDMwNzIuMzk1NjcxMzc1MjU4NiUyMTJkLTguNjgwMDM1Njg0MzM4NjA0JTIxM2QzOS42NDA4MDg5Nzk0NjI4NTQlMjEybTMlMjExZjAlMjEyZjAlMjEzZjAlMjEzbTIlMjExaTEwMjQlMjEyaTc2OCUyMTRmMTMuMSUyMTNtMyUyMTFtMiUyMTFzMHhkMTg5ZDQxNWQzODY4YTUlMjUzQTB4YjVlMTE1ZjBiMTcwYWQ5MiUyMTJzQ29sJTI1QzMlMjVBOWdpbyUyQmRlJTJCUyUyNUMzJTI1QTNvJTJCTWlndWVsJTIxNWUwJTIxM20yJTIxMXNwdC1QVCUyMTJzcHQlMjE0djE1MTAxMTU5OTcwNDYlMjIlMjB3aWR0aCUzRCUyMjEwMDAlMjIlMjBoZWlnaHQlM0QlMjI2MDAlMjIlMjBmcmFtZWJvcmRlciUzRCUyMjAlMjIlMjBzdHlsZSUzRCUyMmJvcmRlciUzQTAlMjIlMjBhbGxvd2Z1bGxzY3JlZW4lM0UlM0MlMkZpZnJhbWUlM0U=&#8221; css_animation=&#8221;fadeInDown&#8221;][\/vc_column][\/vc_row]<\/p>\n","protected":false},"author":1,"featured_media":0,"parent":0,"menu_order":0,"comment_status":"closed","ping_status":"closed","template":"template-blank-canvas.php","meta":{"pgc_meta":"","_monsterinsights_skip_tracking":false,"_monsterinsights_sitenote_active":false,"_monsterinsights_sitenote_note":"","_monsterinsights_sitenote_category":0,"iawp_total_views":3309,"footnotes":""},"class_list":["post-11485","page","type-page","status-publish","hentry"],"pgc_meta":"","_links":{"self":[{"href":"https:\/\/www.csmiguel.pt\/web\/wp-json\/wp\/v2\/pages\/11485"}],"collection":[{"href":"https:\/\/www.csmiguel.pt\/web\/wp-json\/wp\/v2\/pages"}],"about":[{"href":"https:\/\/www.csmiguel.pt\/web\/wp-json\/wp\/v2\/types\/page"}],"author":[{"embeddable":true,"href":"https:\/\/www.csmiguel.pt\/web\/wp-json\/wp\/v2\/users\/1"}],"replies":[{"embeddable":true,"href":"https:\/\/www.csmiguel.pt\/web\/wp-json\/wp\/v2\/comments?post=11485"}],"version-history":[{"count":19,"href":"https:\/\/www.csmiguel.pt\/web\/wp-json\/wp\/v2\/pages\/11485\/revisions"}],"predecessor-version":[{"id":15125,"href":"https:\/\/www.csmiguel.pt\/web\/wp-json\/wp\/v2\/pages\/11485\/revisions\/15125"}],"wp:attachment":[{"href":"https:\/\/www.csmiguel.pt\/web\/wp-json\/wp\/v2\/media?parent=11485"}],"curies":[{"name":"wp","href":"https:\/\/api.w.org\/{rel}","templated":true}]}}