{"id":11469,"date":"2017-11-08T02:50:25","date_gmt":"2017-11-08T01:50:25","guid":{"rendered":"http:\/\/csmiguel.pt\/web\/?page_id=11469"},"modified":"2025-11-27T20:25:42","modified_gmt":"2025-11-27T19:25:42","slug":"departamento-de-ciencias-exatasmatematica","status":"publish","type":"page","link":"https:\/\/www.csmiguel.pt\/web\/departamento-de-ciencias-exatasmatematica\/","title":{"rendered":"Departamento de Ci\u00eancias Exatas, Inform\u00e1tica e Gest\u00e3o"},"content":{"rendered":"[vc_row content_placement=&#8221;top&#8221;][vc_column]<div class=\"true-heading-wrap ttWuOKok tt_animate_none \"><h3>Departamento de Ci\u00eancias Exatas\/Matem\u00e1tica<\/h3><\/div>[vc_empty_space height=&#8221;16px&#8221;][\/vc_column][\/vc_row][vc_row][vc_column width=&#8221;1\/2&#8243;]<div class=\"true-image-box-2 tt_animate_none box-7 awhsqBJQ\"><div class=\"true-img-wrap\"><\/div><div class=\"true-text-wrap\"><span class=\"icon-circ-wrap\"><i class=\"true-custom-icon fa fa fa-user\"><\/i><\/span><div class=\"callout-details-wrap\">\n<h2>Coordenador<\/h2>\n<p>Sandra Rolo<\/p>\n<p>&nbsp;<\/p>\n<p style=\"text-align: center;\"><a href=\"mailto:coord.cienc.exatas@csmiguel.pt\"><img decoding=\"async\" class=\"alignnone size-full wp-image-12248\" src=\"https:\/\/csmiguel.pt\/web\/wp-content\/uploads\/2017\/11\/email48.png\" alt=\"\" width=\"48\" height=\"48\" srcset=\"https:\/\/www.csmiguel.pt\/web\/wp-content\/uploads\/2017\/11\/email48.png 48w, https:\/\/www.csmiguel.pt\/web\/wp-content\/uploads\/2017\/11\/email48-36x36.png 36w\" sizes=\"(max-width: 48px) 100vw, 48px\" \/><\/a><a href=\"mailto:coord.cienc.exatas@csmiguel.pt\"><br \/>\n<span style=\"font-weight: 400;\">coord.cienc.exatas@csmiguel.pt<\/span><\/a><\/p>\n<\/div><\/div><\/div>[\/vc_column][vc_column width=&#8221;1\/2&#8243;]<div class=\"true-image-box-2 tt_animate_none box-8 LSxFhNit\"><div class=\"true-img-wrap\"><\/div><div class=\"true-text-wrap\"><span class=\"icon-circ-wrap\"><i class=\"true-custom-icon fa fa fa-cogs\"><\/i><\/span><div class=\"callout-details-wrap\">\n<h2>Professores<\/h2>\n<p>Ant\u00f3nio Bra\u00e7ais<br \/>\nCarla Sousa<br \/>\nCarolina Ca\u00e7ador<br \/>\nC\u00e9lia Cabral<br \/>\nDulce Gomes<br \/>\nHenrique Belo<br \/>\nIn\u00eas Gerv\u00e1sio<br \/>\nIvone Oliveira<br \/>\nMiguel Aquino<br \/>\nM\u00f3nica Freixial<br \/>\nPaulo Figueira<br \/>\nPaulo Pereira<br \/>\nSandra Rolo<br \/>\nSara Cruz<br \/>\nSara Neves<br \/>\nS\u00edlvia Neves<br \/>\nSusana Rito<\/p><\/div><\/div><\/div>[\/vc_column][\/vc_row]\n","protected":false},"excerpt":{"rendered":"<p>[vc_row content_placement=&#8221;top&#8221;][vc_column][vc_empty_space height=&#8221;16px&#8221;][\/vc_column][\/vc_row][vc_row][vc_column width=&#8221;1\/2&#8243;][\/vc_column][vc_column width=&#8221;1\/2&#8243;][\/vc_column][\/vc_row]<\/p>\n","protected":false},"author":1,"featured_media":0,"parent":0,"menu_order":0,"comment_status":"closed","ping_status":"closed","template":"template-full-width.php","meta":{"pgc_meta":"","_monsterinsights_skip_tracking":false,"_monsterinsights_sitenote_active":false,"_monsterinsights_sitenote_note":"","_monsterinsights_sitenote_category":0,"iawp_total_views":552,"footnotes":""},"class_list":["post-11469","page","type-page","status-publish","hentry"],"pgc_meta":"","_links":{"self":[{"href":"https:\/\/www.csmiguel.pt\/web\/wp-json\/wp\/v2\/pages\/11469"}],"collection":[{"href":"https:\/\/www.csmiguel.pt\/web\/wp-json\/wp\/v2\/pages"}],"about":[{"href":"https:\/\/www.csmiguel.pt\/web\/wp-json\/wp\/v2\/types\/page"}],"author":[{"embeddable":true,"href":"https:\/\/www.csmiguel.pt\/web\/wp-json\/wp\/v2\/users\/1"}],"replies":[{"embeddable":true,"href":"https:\/\/www.csmiguel.pt\/web\/wp-json\/wp\/v2\/comments?post=11469"}],"version-history":[{"count":13,"href":"https:\/\/www.csmiguel.pt\/web\/wp-json\/wp\/v2\/pages\/11469\/revisions"}],"predecessor-version":[{"id":19439,"href":"https:\/\/www.csmiguel.pt\/web\/wp-json\/wp\/v2\/pages\/11469\/revisions\/19439"}],"wp:attachment":[{"href":"https:\/\/www.csmiguel.pt\/web\/wp-json\/wp\/v2\/media?parent=11469"}],"curies":[{"name":"wp","href":"https:\/\/api.w.org\/{rel}","templated":true}]}}