{"id":11467,"date":"2017-11-08T02:48:58","date_gmt":"2017-11-08T01:48:58","guid":{"rendered":"http:\/\/csmiguel.pt\/web\/?page_id=11467"},"modified":"2023-11-15T10:38:12","modified_gmt":"2023-11-15T10:38:12","slug":"departamento-de-educacao-fisica","status":"publish","type":"page","link":"https:\/\/www.csmiguel.pt\/web\/departamento-de-educacao-fisica\/","title":{"rendered":"Departamento de Educa\u00e7\u00e3o F\u00edsica"},"content":{"rendered":"[vc_row content_placement=&#8221;top&#8221;][vc_column]<div class=\"true-heading-wrap OQuIXmke tt_animate_none \"><h3>Departamento de Educa\u00e7\u00e3o F\u00edsica<\/h3><\/div>[vc_empty_space height=&#8221;16px&#8221;][\/vc_column][\/vc_row][vc_row][vc_column width=&#8221;1\/2&#8243;]<div class=\"true-image-box-2 tt_animate_none box-7 mIeGSLdJ\"><div class=\"true-img-wrap\"><\/div><div class=\"true-text-wrap\"><span class=\"icon-circ-wrap\"><i class=\"true-custom-icon fa fa fa-user\"><\/i><\/span><div class=\"callout-details-wrap\">\n<h2>Coordenador<\/h2>\n<p>Ab\u00edlio Martins<\/p>\n<p>&nbsp;<\/p>\n<p style=\"text-align: center;\"><a href=\"mailto:coord.edu.fisica@csmiguel.pt\"><img decoding=\"async\" class=\"alignnone size-full wp-image-12248\" src=\"https:\/\/csmiguel.pt\/web\/wp-content\/uploads\/2017\/11\/email48.png\" alt=\"\" width=\"48\" height=\"48\" srcset=\"https:\/\/www.csmiguel.pt\/web\/wp-content\/uploads\/2017\/11\/email48.png 48w, https:\/\/www.csmiguel.pt\/web\/wp-content\/uploads\/2017\/11\/email48-36x36.png 36w\" sizes=\"(max-width: 48px) 100vw, 48px\" \/><\/a><a href=\"mailto:coord.edu.fisica@csmiguel.pt\"><br \/>\n<span style=\"font-weight: 400;\">coord.edu.fisica@csmiguel.pt<\/span><\/a><\/p>\n<\/div><\/div><\/div>[\/vc_column][vc_column width=&#8221;1\/2&#8243;]<div class=\"true-image-box-2 tt_animate_none box-8 bqKYrtEJ\"><div class=\"true-img-wrap\"><\/div><div class=\"true-text-wrap\"><span class=\"icon-circ-wrap\"><i class=\"true-custom-icon fa fa fa-cogs\"><\/i><\/span><div class=\"callout-details-wrap\">\n<h2>Professores<\/h2>\n<p>Ab\u00edlio Martins<br \/>\nCarlos Ribeiro<br \/>\nElsa Louren\u00e7o<br \/>\nFilipa Grave<br \/>\nJoana Gago<br \/>\nPedro Santar\u00e9m<\/p><\/div><\/div><\/div>[\/vc_column][\/vc_row]\n","protected":false},"excerpt":{"rendered":"<p>[vc_row content_placement=&#8221;top&#8221;][vc_column][vc_empty_space height=&#8221;16px&#8221;][\/vc_column][\/vc_row][vc_row][vc_column width=&#8221;1\/2&#8243;][\/vc_column][vc_column width=&#8221;1\/2&#8243;][\/vc_column][\/vc_row]<\/p>\n","protected":false},"author":1,"featured_media":0,"parent":0,"menu_order":0,"comment_status":"closed","ping_status":"closed","template":"template-full-width.php","meta":{"pgc_meta":"","_monsterinsights_skip_tracking":false,"_monsterinsights_sitenote_active":false,"_monsterinsights_sitenote_note":"","_monsterinsights_sitenote_category":0,"iawp_total_views":336,"footnotes":""},"class_list":["post-11467","page","type-page","status-publish","hentry"],"pgc_meta":"","_links":{"self":[{"href":"https:\/\/www.csmiguel.pt\/web\/wp-json\/wp\/v2\/pages\/11467"}],"collection":[{"href":"https:\/\/www.csmiguel.pt\/web\/wp-json\/wp\/v2\/pages"}],"about":[{"href":"https:\/\/www.csmiguel.pt\/web\/wp-json\/wp\/v2\/types\/page"}],"author":[{"embeddable":true,"href":"https:\/\/www.csmiguel.pt\/web\/wp-json\/wp\/v2\/users\/1"}],"replies":[{"embeddable":true,"href":"https:\/\/www.csmiguel.pt\/web\/wp-json\/wp\/v2\/comments?post=11467"}],"version-history":[{"count":12,"href":"https:\/\/www.csmiguel.pt\/web\/wp-json\/wp\/v2\/pages\/11467\/revisions"}],"predecessor-version":[{"id":18361,"href":"https:\/\/www.csmiguel.pt\/web\/wp-json\/wp\/v2\/pages\/11467\/revisions\/18361"}],"wp:attachment":[{"href":"https:\/\/www.csmiguel.pt\/web\/wp-json\/wp\/v2\/media?parent=11467"}],"curies":[{"name":"wp","href":"https:\/\/api.w.org\/{rel}","templated":true}]}}