{"id":11179,"date":"2017-04-18T04:13:46","date_gmt":"2017-04-18T03:13:46","guid":{"rendered":"http:\/\/csmiguel.pt\/web\/?page_id=11179"},"modified":"2023-05-10T18:07:32","modified_gmt":"2023-05-10T18:07:32","slug":"criterios-gerais-de-avaliacao","status":"publish","type":"page","link":"https:\/\/www.csmiguel.pt\/web\/criterios-gerais-de-avaliacao\/","title":{"rendered":"Crit\u00e9rios Gerais de Avalia\u00e7\u00e3o"},"content":{"rendered":"<p>&nbsp;<\/p>\n<h1 style=\"text-align: center;\">Referencial de Avalia\u00e7\u00e3o<\/h1>\n<p>&nbsp;<\/p>\n<iframe class=\"pdfjs-viewer\" width=\"1000px\" height=\"849px\" src=\"https:\/\/www.csmiguel.pt\/web\/wp-content\/plugins\/pdf-viewer\/stable\/web\/viewer.html?file=https:\/\/www.csmiguel.pt\/web\/wp-content\/uploads\/documentos\/2022_2023\/05_Referencial-de-Avaliacao_CSM_2022_23.pdf\"><\/iframe> \n","protected":false},"excerpt":{"rendered":"<p>&nbsp;<br \/>\nReferencial de Avalia\u00e7\u00e3o<br \/>\n&nbsp;<\/p>\n","protected":false},"author":1,"featured_media":0,"parent":0,"menu_order":0,"comment_status":"closed","ping_status":"closed","template":"template-blank-canvas.php","meta":{"pgc_meta":"","_monsterinsights_skip_tracking":false,"_monsterinsights_sitenote_active":false,"_monsterinsights_sitenote_note":"","_monsterinsights_sitenote_category":0,"iawp_total_views":664,"footnotes":""},"class_list":["post-11179","page","type-page","status-publish","hentry"],"pgc_meta":"","_links":{"self":[{"href":"https:\/\/www.csmiguel.pt\/web\/wp-json\/wp\/v2\/pages\/11179"}],"collection":[{"href":"https:\/\/www.csmiguel.pt\/web\/wp-json\/wp\/v2\/pages"}],"about":[{"href":"https:\/\/www.csmiguel.pt\/web\/wp-json\/wp\/v2\/types\/page"}],"author":[{"embeddable":true,"href":"https:\/\/www.csmiguel.pt\/web\/wp-json\/wp\/v2\/users\/1"}],"replies":[{"embeddable":true,"href":"https:\/\/www.csmiguel.pt\/web\/wp-json\/wp\/v2\/comments?post=11179"}],"version-history":[{"count":18,"href":"https:\/\/www.csmiguel.pt\/web\/wp-json\/wp\/v2\/pages\/11179\/revisions"}],"predecessor-version":[{"id":18062,"href":"https:\/\/www.csmiguel.pt\/web\/wp-json\/wp\/v2\/pages\/11179\/revisions\/18062"}],"wp:attachment":[{"href":"https:\/\/www.csmiguel.pt\/web\/wp-json\/wp\/v2\/media?parent=11179"}],"curies":[{"name":"wp","href":"https:\/\/api.w.org\/{rel}","templated":true}]}}