{"id":11083,"date":"2017-04-18T02:30:57","date_gmt":"2017-04-18T01:30:57","guid":{"rendered":"http:\/\/csmiguel.pt\/web\/?page_id=11083"},"modified":"2018-01-25T00:27:58","modified_gmt":"2018-01-24T23:27:58","slug":"historia","status":"publish","type":"page","link":"https:\/\/www.csmiguel.pt\/web\/historia\/","title":{"rendered":"Hist\u00f3ria"},"content":{"rendered":"<h1><\/h1>\n<h1 style=\"text-align: center;\">Hist\u00f3ria<\/h1>\n<p>&nbsp;<\/p>\n<p style=\"text-align: justify;\">Em 1987, recordava o ent\u00e3o bispo da diocese, D. Alberto Cosme do Amaral, que \u201co Col\u00e9gio de S\u00e3o Miguel nasceu pequeno como as plantas e os homens. Foi a\u00ed por 1960 que a Par\u00f3quia de F\u00e1tima com a ajuda das Escravas do Divino Cora\u00e7\u00e3o de Jesus, oriundas da ilha de S\u00e3o Miguel, A\u00e7ores, e residentes em Aljustrel se lan\u00e7ou numa experi\u00eancia de ensino, para l\u00e1 da escola prim\u00e1ria. Meninos intelectualmente capazes, n\u00e3o tinham acesso a outro n\u00edvel de ensino, porque eram pobres e as escolas eram longe. Na Cova da Iria existia apenas o Col\u00e9gio do Sagrado Cora\u00e7\u00e3o de Maria, s\u00f3 para meninas.<\/p>\n<p style=\"text-align: justify;\">Naquele mini-col\u00e9gio de S\u00e3o Miguel, ali junto da Igreja Paroquial, as crian\u00e7as preparavam-se para fazer o exame de admiss\u00e3o ao liceu e, mais tarde, para fazer os exames do primeiro e segundo anos liceais. A situa\u00e7\u00e3o legal, por\u00e9m, era um pouco amb\u00edgua. Esta, a pequena pr\u00e9-hist\u00f3ria do que \u00e9 hoje o Col\u00e9gio Diocesano de S\u00e3o Miguel em F\u00e1tima.<\/p>\n<p style=\"text-align: justify;\">Em 1962, o meu querido e sempre venerado predecessor, D. Jo\u00e3o Pereira Ven\u00e2ncio, cujo vulto mais se engrandece no decurso do tempo, decidiu a funda\u00e7\u00e3o do Col\u00e9gio Diocesano de S\u00e3o Miguel em F\u00e1tima, encarregando o P\u00e1roco, Pe. Manuel Ant\u00f3nio Henriques, de desencadear as a\u00e7\u00f5es adequadas e necess\u00e1rias para a sua concretiza\u00e7\u00e3o.\u201d<\/p>\n<p style=\"text-align: justify;\"><strong>1962, 18 de dezembro <\/strong>\u2013 Sua Excel\u00eancia o Senhor Subsecret\u00e1rio de Estado da Educa\u00e7\u00e3o Nacional concedeu, por despacho, autoriza\u00e7\u00e3o para funcionamento do Externato de S. Miguel.<\/p>\n<p style=\"text-align: justify;\"><strong>1963, 15 de fevereiro <\/strong>\u2013 A Autoriza\u00e7\u00e3o Provis\u00f3ria n\u00ba 464 da Inspe\u00e7\u00e3o Superior do Ensino Particular nomeia o Padre Manuel Ant\u00f3nio Henriques como Diretor.<\/p>\n<p style=\"text-align: justify;\"><strong>1963, 26 de julho <\/strong>\u2013 A Diocese de Leiria, representada pelo Padre Manuel Ant\u00f3nio Henriques, celebra as escrituras de aquisi\u00e7\u00e3o de 7 parcelas de terrenos destinados \u00e0 constru\u00e7\u00e3o do novo edif\u00edcio do Col\u00e9gio.<\/p>\n<p style=\"text-align: justify;\"><strong>1966 <\/strong>\u2013 O Padre Joaquim Rodrigues Ventura assume as fun\u00e7\u00f5es de Diretor da Institui\u00e7\u00e3o.<\/p>\n<p style=\"text-align: justify;\"><strong>1970<\/strong> \u2013 Em junho deste ano \u00e9 lan\u00e7ada a 1.\u00aa pedra do edif\u00edcio onde funciona o Col\u00e9gio.<\/p>\n<p style=\"text-align: justify;\"><strong>1972<\/strong> \u2013 Em outubro t\u00eam in\u00edcio as aulas no novo edif\u00edcio. Come\u00e7a para o Col\u00e9gio uma nova etapa de consolida\u00e7\u00e3o a de promo\u00e7\u00e3o pedag\u00f3gica.<\/p>\n<p style=\"text-align: justify;\"><strong>1980<\/strong> \u2013 \u00c9 inaugurado o Pavilh\u00e3o Gimnodesportivo, como resposta concreta \u00e0 educa\u00e7\u00e3o do homem completo.<\/p>\n<p style=\"text-align: justify;\"><strong>1985 <\/strong>\u2013 S\u00e3o constru\u00eddas mais 7 salas de aula para responder \u00e0 reintrodu\u00e7\u00e3o dos cursos do ensino secund\u00e1rio, entretanto extinto porque o estado n\u00e3o admitia a sua gratuitidade.<\/p>\n<p style=\"text-align: justify;\"><strong>1990<\/strong> \u2013 \u00c9 inaugurado pelo ministro da Educa\u00e7\u00e3o, Eng. Roberto Carneiro, um novo bloco com 9 salas de aula destinadas aos alunos do 2\u00b0 ciclo. Assim o exigiu a vontade de tantos pais que, ano ap\u00f3s ano, escolhiam esta escola e o seu projeto para a educa\u00e7\u00e3o dos seus filhos.<\/p>\n<p style=\"text-align: justify;\"><strong>1997<\/strong> \u2013 \u00c9 inaugurado mais um complexo de salas de aula e oficinas para as diversas modalidades art\u00edsticas do curso tecnol\u00f3gico de Design, Cer\u00e2mica e Escultura.<\/p>\n<p style=\"text-align: justify;\"><strong>1997 <\/strong>\u2013 \u00c9 inaugurada uma piscina coberta semiol\u00edmpica &#8211; concretiza\u00e7\u00e3o de um velho sonho que vinha desde o in\u00edcio deste Col\u00e9gio, a qual vai permitir uma mais-valia na liga\u00e7\u00e3o da escola com o meio envolvente.<\/p>\n<p style=\"text-align: justify;\"><strong>1997 <\/strong>\u2013 \u00c9 inaugurado um novo Centro de Documenta\u00e7\u00e3o Multim\u00e9dia em espa\u00e7o apraz\u00edvel e adequado \u00e0s necessidades pedag\u00f3gicas a culturais de alunos e professores.<\/p>\n<p style=\"text-align: justify;\"><strong>1999<\/strong> \u2013 \u00c9 inaugurado um novo bloco com uma sala de alunos e 8 salas de aula, sendo duas delas destinadas ao ensino da inform\u00e1tica.<\/p>\n<p style=\"text-align: justify;\"><strong>2001<\/strong> \u2013 \u00c9 inaugurado um novo espa\u00e7o destinado ao bar e conv\u00edvio da comunidade escolar.<\/p>\n<p style=\"text-align: justify;\"><strong>2003 <\/strong>\u2013 Inaugura\u00e7\u00e3o de dois novos laborat\u00f3rios (F\u00edsica e Qu\u00edmica e Ci\u00eancias Naturais).<\/p>\n<p style=\"text-align: justify;\"><strong>2004 e 2005 <\/strong>\u2013 adapta\u00e7\u00e3o das instala\u00e7\u00f5es para permitir o acesso de pessoas com defici\u00eancia aos v\u00e1rios espa\u00e7os do Col\u00e9gio: rampas, elevadores, etc.<\/p>\n<p style=\"text-align: justify;\"><strong>2006<\/strong>, <strong>6 de fevereiro<\/strong> \u2013 inaugura\u00e7\u00e3o de novos balne\u00e1rios, instala\u00e7\u00f5es sanit\u00e1rias e de um novo espa\u00e7o Polidesportivo.<\/p>\n<p style=\"text-align: justify;\"><strong>2012, julho <\/strong>\u2013 Assume a direc\u00e7\u00e3o geral do Col\u00e9gio o Padre Adelino Guarda.<\/p>\n<p style=\"text-align: justify;\"><strong>2013, mar\u00e7o <\/strong>\u2013\u00a0\u00c9 criada a sala Padre Manuel Ant\u00f3nio Henriques.<\/p>\n<p style=\"text-align: justify;\"><strong>2014, maio<\/strong> \u2013 O Col\u00e9gio obt\u00e9m do Munic\u00edpio de Our\u00e9m, licen\u00e7a de utiliza\u00e7\u00e3o, depois da legaliza\u00e7\u00e3o de todos os edif\u00edcios.<\/p>\n<p style=\"text-align: justify;\"><strong>2014,<\/strong> <strong>ver\u00e3o<\/strong> \u2013 Renova\u00e7\u00e3o dos balne\u00e1rios do gimnodesportivo e das salas de EV \/ ET, e das casas de banho junto ao Bar.<\/p>\n<p style=\"text-align: justify;\"><strong>2016, abril \u2013<\/strong> Inaugura\u00e7\u00e3o dos dois renovados espa\u00e7os: cozinha e refeit\u00f3rio.<\/p>\n<p style=\"text-align: justify;\"><strong>2017, 16 de junho \u2013<\/strong> Tomada de posse do Dr. Manuel Louren\u00e7o, como diretor geral do Col\u00e9gio de S\u00e3o Miguel.<\/p>\n<p style=\"text-align: justify;\"><strong>2017, outubro<\/strong> \u2013 Inaugura\u00e7\u00e3o de duas novas salas de Inform\u00e1tica.<\/p>\n","protected":false},"excerpt":{"rendered":"<p>\nHist\u00f3ria<br \/>\n&nbsp;<br \/>\nEm 1987, recordava o ent\u00e3o bispo da diocese, D. Alberto Cosme do Amaral, que \u201co Col\u00e9gio de S\u00e3o Miguel nasceu pequeno como as plantas e os homens. Foi a\u00ed por 1960 que a Par\u00f3quia de F\u00e1tima com a ajuda das Escravas do Divino Cora\u00e7\u00e3o de Jesus, oriundas da ilha de S\u00e3o Miguel, A\u00e7ores, e residentes em Aljustrel se lan\u00e7ou numa experi\u00eancia de ensino, para l\u00e1 da escola prim\u00e1ria. Meninos intelectualmente capazes, n\u00e3o tinham acesso a outro n\u00edvel &#8230;<\/p>\n","protected":false},"author":1,"featured_media":0,"parent":0,"menu_order":0,"comment_status":"closed","ping_status":"closed","template":"","meta":{"pgc_meta":"","_monsterinsights_skip_tracking":false,"_monsterinsights_sitenote_active":false,"_monsterinsights_sitenote_note":"","_monsterinsights_sitenote_category":0,"iawp_total_views":909,"footnotes":""},"class_list":["post-11083","page","type-page","status-publish","hentry"],"pgc_meta":"","_links":{"self":[{"href":"https:\/\/www.csmiguel.pt\/web\/wp-json\/wp\/v2\/pages\/11083"}],"collection":[{"href":"https:\/\/www.csmiguel.pt\/web\/wp-json\/wp\/v2\/pages"}],"about":[{"href":"https:\/\/www.csmiguel.pt\/web\/wp-json\/wp\/v2\/types\/page"}],"author":[{"embeddable":true,"href":"https:\/\/www.csmiguel.pt\/web\/wp-json\/wp\/v2\/users\/1"}],"replies":[{"embeddable":true,"href":"https:\/\/www.csmiguel.pt\/web\/wp-json\/wp\/v2\/comments?post=11083"}],"version-history":[{"count":19,"href":"https:\/\/www.csmiguel.pt\/web\/wp-json\/wp\/v2\/pages\/11083\/revisions"}],"predecessor-version":[{"id":12566,"href":"https:\/\/www.csmiguel.pt\/web\/wp-json\/wp\/v2\/pages\/11083\/revisions\/12566"}],"wp:attachment":[{"href":"https:\/\/www.csmiguel.pt\/web\/wp-json\/wp\/v2\/media?parent=11083"}],"curies":[{"name":"wp","href":"https:\/\/api.w.org\/{rel}","templated":true}]}}