{"id":10246,"date":"2015-06-28T01:20:17","date_gmt":"2015-06-28T01:20:17","guid":{"rendered":"http:\/\/themes.truethemes.net\/Karma-4.0\/?page_id=10246"},"modified":"2026-05-06T04:46:40","modified_gmt":"2026-05-06T03:46:40","slug":"home-3","status":"publish","type":"page","link":"https:\/\/www.csmiguel.pt\/web\/","title":{"rendered":"In\u00edcio"},"content":{"rendered":"[vc_row 0=&#8221;&#8221;][vc_column 0=&#8221;&#8221;][rev_slider_vc alias=&#8221;fev2026&#8243;][vc_video link=&#8221;https:\/\/youtu.be\/wI9TasQGKK4&#8243; align=&#8221;center&#8221;][\/vc_column][\/vc_row][vc_row full_width=&#8221;stretch_row&#8221; css=&#8221;.vc_custom_1464305269645{padding-top: 10px !important;padding-bottom: 10px !important;background-color: #ffffff !important;}&#8221;][vc_column width=&#8221;1\/3&#8243;]<div class=\"true-icon-wrap tt_animate_none custom_align kmaEgerR\"><span class=\"fa fa fa-check true-icon\"><\/span><div class=\"true-icon-text\">\n<h5><strong>Ensino Gratuito<\/strong><\/h5>\n<p>Integrando a rede p\u00fablica de educa\u00e7\u00e3o, promove o desenvolvimento integral dos seus alunos nas suas m\u00faltiplas dimens\u00f5es.<\/p><\/div><\/div>[\/vc_column][vc_column width=&#8221;1\/3&#8243;]<div class=\"true-icon-wrap tt_animate_none custom_align gdNwQSjH\"><span class=\"fa fa fa-check true-icon\"><\/span><div class=\"true-icon-text\">\n<h5><strong>Ensino de Qualidade<\/strong><\/h5>\n<p>A qualidade total como garantia do desenvolvimento cognitivo, f\u00edsico, social, emotivo e relacional de cada aluno.<\/p><\/div><\/div>[\/vc_column][vc_column width=&#8221;1\/3&#8243;]<div class=\"true-icon-wrap tt_animate_none custom_align LKSufdTB\"><span class=\"fa fa fa-check true-icon\"><\/span><div class=\"true-icon-text\">\n<h5><strong>Amizade, Verdade e Exig\u00eancia<\/strong><\/h5>\n<p>Fiel \u00e0 sua matriz crist\u00e3, estes s\u00e3o os pilares s\u00f3lidos sobre os quais se constroem as din\u00e2micas que conduzem ao sucesso escolar e pessoal.<\/p><\/div><\/div>[\/vc_column][\/vc_row][vc_row css=&#8221;.vc_custom_1514656899768{padding-top: 10px !important;padding-bottom: 10px !important;}&#8221;][vc_column 0=&#8221;&#8221;][vc_text_separator title=&#8221;\u00daltimas Not\u00edcias&#8221; border_width=&#8221;2&#8243;][vc_column_text]<div class=\"pt-cv-wrapper\"><div class=\"pt-cv-view pt-cv-grid pt-cv-colsys\" id=\"pt-cv-view-d97194adij\"><div data-id=\"pt-cv-page-1\" class=\"pt-cv-page\" data-cvc=\"4\"><div class=\"col-md-3 col-sm-6 col-xs-12 pt-cv-content-item pt-cv-1-col\" ><div class='pt-cv-ifield'><a href=\"https:\/\/www.csmiguel.pt\/web\/malas-de-abril\/\" class=\"_self pt-cv-href-thumbnail pt-cv-thumb-default\" target=\"_self\" ><img fetchpriority=\"high\" decoding=\"async\" width=\"300\" height=\"200\" src=\"https:\/\/www.csmiguel.pt\/web\/wp-content\/uploads\/2026\/04\/mala-abr26-0-300x200.png\" class=\"pt-cv-thumbnail\" alt=\"\" srcset=\"https:\/\/www.csmiguel.pt\/web\/wp-content\/uploads\/2026\/04\/mala-abr26-0-300x200.png 300w, https:\/\/www.csmiguel.pt\/web\/wp-content\/uploads\/2026\/04\/mala-abr26-0-320x213.png 320w, https:\/\/www.csmiguel.pt\/web\/wp-content\/uploads\/2026\/04\/mala-abr26-0.png 330w\" sizes=\"(max-width: 300px) 100vw, 300px\" \/><\/a>\n<h5 class=\"pt-cv-title\"><a href=\"https:\/\/www.csmiguel.pt\/web\/malas-de-abril\/\" class=\"_self\" target=\"_self\" >&#8220;Malas de abril&#8221;<\/a><\/h5>\n<div class=\"pt-cv-content\">Realizou-se no dia 15 de abril, a visita de estudo ao Museu Nacional da Resist\u00eancia e Liberdade - Fortaleza de ...<br \/><div class=\"pt-cv-rmwrap\"><a href=\"https:\/\/www.csmiguel.pt\/web\/malas-de-abril\/\" class=\"_self pt-cv-readmore btn btn-success\" target=\"_self\">Ler Mais<\/a><\/div><\/div><\/div><\/div>\n<div class=\"col-md-3 col-sm-6 col-xs-12 pt-cv-content-item pt-cv-1-col\" ><div class='pt-cv-ifield'><a href=\"https:\/\/www.csmiguel.pt\/web\/via-de-amor\/\" class=\"_self pt-cv-href-thumbnail pt-cv-thumb-default\" target=\"_self\" ><img decoding=\"async\" width=\"300\" height=\"200\" src=\"https:\/\/www.csmiguel.pt\/web\/wp-content\/uploads\/2026\/04\/via-amor-0-300x200.png\" class=\"pt-cv-thumbnail\" alt=\"\" srcset=\"https:\/\/www.csmiguel.pt\/web\/wp-content\/uploads\/2026\/04\/via-amor-0-300x200.png 300w, https:\/\/www.csmiguel.pt\/web\/wp-content\/uploads\/2026\/04\/via-amor-0-320x213.png 320w, https:\/\/www.csmiguel.pt\/web\/wp-content\/uploads\/2026\/04\/via-amor-0.png 330w\" sizes=\"(max-width: 300px) 100vw, 300px\" \/><\/a>\n<h5 class=\"pt-cv-title\"><a href=\"https:\/\/www.csmiguel.pt\/web\/via-de-amor\/\" class=\"_self\" target=\"_self\" >Via de Amor<\/a><\/h5>\n<div class=\"pt-cv-content\">No\u00a0\u00faltimo dia de aulas antes da interrup\u00e7\u00e3o letiva da P\u00e1scoa, a 27 de mar\u00e7o, a comunidade educativa do Col\u00e9gio promoveu ...<br \/><div class=\"pt-cv-rmwrap\"><a href=\"https:\/\/www.csmiguel.pt\/web\/via-de-amor\/\" class=\"_self pt-cv-readmore btn btn-success\" target=\"_self\">Ler Mais<\/a><\/div><\/div><\/div><\/div>\n<div class=\"col-md-3 col-sm-6 col-xs-12 pt-cv-content-item pt-cv-1-col\" ><div class='pt-cv-ifield'><a href=\"https:\/\/www.csmiguel.pt\/web\/mochila-cultural-do-medio-tejo-leva-manha-artistica-ao-colegio-de-sao-miguel\/\" class=\"_self pt-cv-href-thumbnail pt-cv-thumb-default\" target=\"_self\" ><img decoding=\"async\" width=\"300\" height=\"200\" src=\"https:\/\/www.csmiguel.pt\/web\/wp-content\/uploads\/2026\/02\/mochila-fev25-0-300x200.png\" class=\"pt-cv-thumbnail\" alt=\"\" srcset=\"https:\/\/www.csmiguel.pt\/web\/wp-content\/uploads\/2026\/02\/mochila-fev25-0-300x200.png 300w, https:\/\/www.csmiguel.pt\/web\/wp-content\/uploads\/2026\/02\/mochila-fev25-0-320x213.png 320w, https:\/\/www.csmiguel.pt\/web\/wp-content\/uploads\/2026\/02\/mochila-fev25-0.png 330w\" sizes=\"(max-width: 300px) 100vw, 300px\" \/><\/a>\n<h5 class=\"pt-cv-title\"><a href=\"https:\/\/www.csmiguel.pt\/web\/mochila-cultural-do-medio-tejo-leva-manha-artistica-ao-colegio-de-sao-miguel\/\" class=\"_self\" target=\"_self\" >Mochila Cultural do M\u00e9dio Tejo leva manh\u00e3 art\u00edstica ao Col\u00e9gio de S\u00e3o Miguel<\/a><\/h5>\n<div class=\"pt-cv-content\">No passado dia 10 de fevereiro, o Col\u00e9gio de S\u00e3o Miguel recebeu uma atividade integrada na Mochila Cultural do M\u00e9dio ...<br \/><div class=\"pt-cv-rmwrap\"><a href=\"https:\/\/www.csmiguel.pt\/web\/mochila-cultural-do-medio-tejo-leva-manha-artistica-ao-colegio-de-sao-miguel\/\" class=\"_self pt-cv-readmore btn btn-success\" target=\"_self\">Ler Mais<\/a><\/div><\/div><\/div><\/div>\n<div class=\"col-md-3 col-sm-6 col-xs-12 pt-cv-content-item pt-cv-1-col\" ><div class='pt-cv-ifield'><a href=\"https:\/\/www.csmiguel.pt\/web\/appa-de-natal-2\/\" class=\"_self pt-cv-href-thumbnail pt-cv-thumb-default\" target=\"_self\" ><img loading=\"lazy\" decoding=\"async\" width=\"300\" height=\"200\" src=\"https:\/\/www.csmiguel.pt\/web\/wp-content\/uploads\/2026\/01\/appa-natal-dez25-0-300x200.png\" class=\"pt-cv-thumbnail\" alt=\"\" srcset=\"https:\/\/www.csmiguel.pt\/web\/wp-content\/uploads\/2026\/01\/appa-natal-dez25-0-300x200.png 300w, https:\/\/www.csmiguel.pt\/web\/wp-content\/uploads\/2026\/01\/appa-natal-dez25-0-320x213.png 320w, https:\/\/www.csmiguel.pt\/web\/wp-content\/uploads\/2026\/01\/appa-natal-dez25-0.png 330w\" sizes=\"(max-width: 300px) 100vw, 300px\" \/><\/a>\n<h5 class=\"pt-cv-title\"><a href=\"https:\/\/www.csmiguel.pt\/web\/appa-de-natal-2\/\" class=\"_self\" target=\"_self\" >APPA de Natal<\/a><\/h5>\n<div class=\"pt-cv-content\">No passado dia 19 de dezembro, a comunidade educativa reuniu-se no Pavilh\u00e3o Gimnodesportivo para celebrar a APPA de Natal. Um ...<br \/><div class=\"pt-cv-rmwrap\"><a href=\"https:\/\/www.csmiguel.pt\/web\/appa-de-natal-2\/\" class=\"_self pt-cv-readmore btn btn-success\" target=\"_self\">Ler Mais<\/a><\/div><\/div><\/div><\/div>\n<div class=\"col-md-3 col-sm-6 col-xs-12 pt-cv-content-item pt-cv-1-col\" ><div class='pt-cv-ifield'><a href=\"https:\/\/www.csmiguel.pt\/web\/tomada-de-posse-dos-orgaos-sociais-do-colegio-de-sao-miguel-escola-catolica\/\" class=\"_self pt-cv-href-thumbnail pt-cv-thumb-default\" target=\"_self\" ><img loading=\"lazy\" decoding=\"async\" width=\"300\" height=\"225\" src=\"https:\/\/www.csmiguel.pt\/web\/wp-content\/uploads\/2025\/12\/tp1-300x225.jpg\" class=\"pt-cv-thumbnail\" alt=\"\" srcset=\"https:\/\/www.csmiguel.pt\/web\/wp-content\/uploads\/2025\/12\/tp1-300x225.jpg 300w, https:\/\/www.csmiguel.pt\/web\/wp-content\/uploads\/2025\/12\/tp1-1024x768.jpg 1024w, https:\/\/www.csmiguel.pt\/web\/wp-content\/uploads\/2025\/12\/tp1-768x576.jpg 768w, https:\/\/www.csmiguel.pt\/web\/wp-content\/uploads\/2025\/12\/tp1-1536x1152.jpg 1536w, https:\/\/www.csmiguel.pt\/web\/wp-content\/uploads\/2025\/12\/tp1-320x240.jpg 320w, https:\/\/www.csmiguel.pt\/web\/wp-content\/uploads\/2025\/12\/tp1-480x360.jpg 480w, https:\/\/www.csmiguel.pt\/web\/wp-content\/uploads\/2025\/12\/tp1-800x600.jpg 800w, https:\/\/www.csmiguel.pt\/web\/wp-content\/uploads\/2025\/12\/tp1.jpg 1600w\" sizes=\"(max-width: 300px) 100vw, 300px\" \/><\/a>\n<h5 class=\"pt-cv-title\"><a href=\"https:\/\/www.csmiguel.pt\/web\/tomada-de-posse-dos-orgaos-sociais-do-colegio-de-sao-miguel-escola-catolica\/\" class=\"_self\" target=\"_self\" >Tomada de Posse dos \u00d3rg\u00e3os Sociais do Col\u00e9gio de S\u00e3o Miguel \u2013 Escola Cat\u00f3lica<\/a><\/h5>\n<div class=\"pt-cv-content\">A Funda\u00e7\u00e3o Col\u00e9gio de S\u00e3o Miguel \u2013 Escola Cat\u00f3lica realizou, na tarde de quinta-feira, 18 de dezembro de 2025, a ...<br \/><div class=\"pt-cv-rmwrap\"><a href=\"https:\/\/www.csmiguel.pt\/web\/tomada-de-posse-dos-orgaos-sociais-do-colegio-de-sao-miguel-escola-catolica\/\" class=\"_self pt-cv-readmore btn btn-success\" target=\"_self\">Ler Mais<\/a><\/div><\/div><\/div><\/div>\n<div class=\"col-md-3 col-sm-6 col-xs-12 pt-cv-content-item pt-cv-1-col\" ><div class='pt-cv-ifield'><a href=\"https:\/\/www.csmiguel.pt\/web\/inteligencia-artificial-formacao-em-roma\/\" class=\"_self pt-cv-href-thumbnail pt-cv-thumb-default\" target=\"_self\" ><img loading=\"lazy\" decoding=\"async\" width=\"300\" height=\"200\" src=\"https:\/\/www.csmiguel.pt\/web\/wp-content\/uploads\/2026\/01\/roma-dec25-0-300x200.png\" class=\"pt-cv-thumbnail\" alt=\"\" srcset=\"https:\/\/www.csmiguel.pt\/web\/wp-content\/uploads\/2026\/01\/roma-dec25-0-300x200.png 300w, https:\/\/www.csmiguel.pt\/web\/wp-content\/uploads\/2026\/01\/roma-dec25-0-320x213.png 320w, https:\/\/www.csmiguel.pt\/web\/wp-content\/uploads\/2026\/01\/roma-dec25-0.png 330w\" sizes=\"(max-width: 300px) 100vw, 300px\" \/><\/a>\n<h5 class=\"pt-cv-title\"><a href=\"https:\/\/www.csmiguel.pt\/web\/inteligencia-artificial-formacao-em-roma\/\" class=\"_self\" target=\"_self\" >Intelig\u00eancia Artificial \u2013 Forma\u00e7\u00e3o em Roma<\/a><\/h5>\n<div class=\"pt-cv-content\">Quatro professoras do Col\u00e9gio de S\u00e3o Miguel viajaram para a capital italiana, de 17 a 21 de novembro, para participar ...<br \/><div class=\"pt-cv-rmwrap\"><a href=\"https:\/\/www.csmiguel.pt\/web\/inteligencia-artificial-formacao-em-roma\/\" class=\"_self pt-cv-readmore btn btn-success\" target=\"_self\">Ler Mais<\/a><\/div><\/div><\/div><\/div>\n<div class=\"col-md-3 col-sm-6 col-xs-12 pt-cv-content-item pt-cv-1-col\" ><div class='pt-cv-ifield'><a href=\"https:\/\/www.csmiguel.pt\/web\/19424-2\/\" class=\"_self pt-cv-href-thumbnail pt-cv-thumb-default\" target=\"_self\" ><img loading=\"lazy\" decoding=\"async\" width=\"300\" height=\"200\" src=\"https:\/\/www.csmiguel.pt\/web\/wp-content\/uploads\/2025\/11\/OS_AP_CSM_nov25-300x200.png\" class=\"pt-cv-thumbnail\" alt=\"\" srcset=\"https:\/\/www.csmiguel.pt\/web\/wp-content\/uploads\/2025\/11\/OS_AP_CSM_nov25-300x200.png 300w, https:\/\/www.csmiguel.pt\/web\/wp-content\/uploads\/2025\/11\/OS_AP_CSM_nov25-320x213.png 320w, https:\/\/www.csmiguel.pt\/web\/wp-content\/uploads\/2025\/11\/OS_AP_CSM_nov25.png 330w\" sizes=\"(max-width: 300px) 100vw, 300px\" \/><\/a>\n<h5 class=\"pt-cv-title\"><a href=\"https:\/\/www.csmiguel.pt\/web\/19424-2\/\" class=\"_self\" target=\"_self\" >Elei\u00e7\u00f5es dos \u00d3rg\u00e3os Sociais da Associa\u00e7\u00e3o de Pais do Col\u00e9gio de S. Miguel<\/a><\/h5>\n<div class=\"pt-cv-content\">No passado dia 23 de outubro, realizaram-se as elei\u00e7\u00f5es para os \u00f3rg\u00e3os sociais da Associa\u00e7\u00e3o de Pais do Col\u00e9gio de ...<br \/><div class=\"pt-cv-rmwrap\"><a href=\"https:\/\/www.csmiguel.pt\/web\/19424-2\/\" class=\"_self pt-cv-readmore btn btn-success\" target=\"_self\">Ler Mais<\/a><\/div><\/div><\/div><\/div>\n<div class=\"col-md-3 col-sm-6 col-xs-12 pt-cv-content-item pt-cv-1-col\" ><div class='pt-cv-ifield'><a href=\"https:\/\/www.csmiguel.pt\/web\/antigo-aluno-regressa-ao-colegio-sao-miguel-para-falar-sobre-a-gravidade-da-situacao\/\" class=\"_self pt-cv-href-thumbnail pt-cv-thumb-default\" target=\"_self\" ><img loading=\"lazy\" decoding=\"async\" width=\"300\" height=\"200\" src=\"https:\/\/www.csmiguel.pt\/web\/wp-content\/uploads\/2025\/10\/gravidade-out25-0-300x200.png\" class=\"pt-cv-thumbnail\" alt=\"\" srcset=\"https:\/\/www.csmiguel.pt\/web\/wp-content\/uploads\/2025\/10\/gravidade-out25-0-300x200.png 300w, https:\/\/www.csmiguel.pt\/web\/wp-content\/uploads\/2025\/10\/gravidade-out25-0-320x213.png 320w, https:\/\/www.csmiguel.pt\/web\/wp-content\/uploads\/2025\/10\/gravidade-out25-0.png 330w\" sizes=\"(max-width: 300px) 100vw, 300px\" \/><\/a>\n<h5 class=\"pt-cv-title\"><a href=\"https:\/\/www.csmiguel.pt\/web\/antigo-aluno-regressa-ao-colegio-sao-miguel-para-falar-sobre-a-gravidade-da-situacao\/\" class=\"_self\" target=\"_self\" >Antigo aluno regressa ao Col\u00e9gio S\u00e3o Miguel para falar sobre \u201cA Gravidade da Situa\u00e7\u00e3o\u201d<\/a><\/h5>\n<div class=\"pt-cv-content\">No dia 20 de outubro, os alunos do 11.\u00ba A e 11.\u00ba B tiveram a oportunidade de assistir \u00e0 palestra ...<br \/><div class=\"pt-cv-rmwrap\"><a href=\"https:\/\/www.csmiguel.pt\/web\/antigo-aluno-regressa-ao-colegio-sao-miguel-para-falar-sobre-a-gravidade-da-situacao\/\" class=\"_self pt-cv-readmore btn btn-success\" target=\"_self\">Ler Mais<\/a><\/div><\/div><\/div><\/div><\/div><\/div><\/div>\n<p style=\"text-align: center;\"><a href=\"https:\/\/www.csmiguel.pt\/web\/noticias-2\/\">Ver todas as not\u00edcias<\/a><\/p>\n[\/vc_column_text][\/vc_column][\/vc_row]\n","protected":false},"excerpt":{"rendered":"<p>No dia 20 de outubro, os alunos do 11.\u00ba A e 11.\u00ba B tiveram a oportunidade de assistir \u00e0 palestra ESESO \u2013 \u201cA Gravidade da Situa\u00e7\u00e3o\u201d, dinamizada por Tiago Gon\u00e7alves, antigo aluno do Col\u00e9gio.<br \/>\nO Tiago frequentou o Col\u00e9gio S\u00e3o Miguel entre 2010 e 2013, no curso de Ci\u00eancias e Tecnologias. Concluiu a Licenciatura e Mestrado Integrado em F\u00edsica na Universidade de Nottingham (Reino Unido) e encontra-se atualmente a realizar o Doutoramento em F\u00edsica e Astrof\u00edsica na Faculdade de Ci\u00eancias &#8230;<\/p>\n","protected":false},"author":1,"featured_media":0,"parent":0,"menu_order":0,"comment_status":"closed","ping_status":"closed","template":"template-page-builder.php","meta":{"pgc_meta":"","_monsterinsights_skip_tracking":false,"_monsterinsights_sitenote_active":false,"_monsterinsights_sitenote_note":"","_monsterinsights_sitenote_category":0,"iawp_total_views":107140,"footnotes":""},"class_list":["post-10246","page","type-page","status-publish","hentry"],"pgc_meta":"","_links":{"self":[{"href":"https:\/\/www.csmiguel.pt\/web\/wp-json\/wp\/v2\/pages\/10246"}],"collection":[{"href":"https:\/\/www.csmiguel.pt\/web\/wp-json\/wp\/v2\/pages"}],"about":[{"href":"https:\/\/www.csmiguel.pt\/web\/wp-json\/wp\/v2\/types\/page"}],"author":[{"embeddable":true,"href":"https:\/\/www.csmiguel.pt\/web\/wp-json\/wp\/v2\/users\/1"}],"replies":[{"embeddable":true,"href":"https:\/\/www.csmiguel.pt\/web\/wp-json\/wp\/v2\/comments?post=10246"}],"version-history":[{"count":89,"href":"https:\/\/www.csmiguel.pt\/web\/wp-json\/wp\/v2\/pages\/10246\/revisions"}],"predecessor-version":[{"id":19668,"href":"https:\/\/www.csmiguel.pt\/web\/wp-json\/wp\/v2\/pages\/10246\/revisions\/19668"}],"wp:attachment":[{"href":"https:\/\/www.csmiguel.pt\/web\/wp-json\/wp\/v2\/media?parent=10246"}],"curies":[{"name":"wp","href":"https:\/\/api.w.org\/{rel}","templated":true}]}}